{"id":15251,"date":"2025-07-03T18:16:56","date_gmt":"2025-07-03T16:16:56","guid":{"rendered":"https:\/\/breinco.com\/canal-etic\/"},"modified":"2026-03-18T17:47:56","modified_gmt":"2026-03-18T16:47:56","slug":"canal-etic","status":"publish","type":"page","link":"https:\/\/breinco.com\/ca\/canal-etic\/","title":{"rendered":"Canal \u00e8tic"},"content":{"rendered":"\n<p>A <strong>INDUSTRIAL BREINCO, S.A.<\/strong> creiem fermament en la import\u00e0ncia de fomentar un entorn segur, \u00e8tic, d&#8217;igualtat i de confian\u00e7a per a tots els nostres empleats, clients i socis en general.<\/p>\n\n<p>Per aquesta ra\u00f3, hem implementat un s\u00f2lid <strong>Canal \u00c8tic<\/strong>. Un canal on es pot comunicar qualsevol possible incompliment o irregularitat en l&#8217;organitzaci\u00f3, tal com es descriu en la <strong>Llei 2\/2023<\/strong>, de 20 de febrer, reguladora de la protecci\u00f3 de les persones que informin sobre infraccions normatives i de lluita contra la corrupci\u00f3.<\/p>\n\n<p>QUINS FETS ES PODEN NOTIFICAR?<\/p>\n\n<p>Pots informar a trav\u00e9s del Canal \u00c8tic d&#8217;aquells fets que consideris que poden suposar un incompliment de la normativa legal, del Codi \u00c8tic o de qualsevol normativa interna vigent, com ara:<\/p>\n\n<ul class=\"wp-block-list\">\n<li>Conductes relatives al frau i la corrupci\u00f3.<\/li>\n\n\n\n<li>Conductes relatives a la seguretat, salut i higiene en el treball.<\/li>\n\n\n\n<li>Discriminaci\u00f3 i assetjament en el lloc de treball.<\/li>\n\n\n\n<li>Conductes relatives a la Seguretat de la informaci\u00f3, Protecci\u00f3 de dades i Mercats de valors.<\/li>\n\n\n\n<li>Pr\u00e0ctiques anticompetitives.<\/li>\n\n\n\n<li>Conductes contr\u00e0ries als drets humans o danys al medi ambient.<\/li>\n\n\n\n<li>Altres possibles infraccions penals o administratives.<\/li>\n<\/ul>\n\n<p>CARACTER\u00cdSTIQUES PRINCIPALS: <\/p>\n\n<p><strong>Confidencialitat:<\/strong>\u00a0Entenem que la confidencialitat \u00e9s fonamental per encoratjar les persones a presentar den\u00fancies. Garantim la confidencialitat absoluta en tot el proc\u00e9s i protegim la identitat de la persona denunciant en la mesura permesa per la llei. S&#8217;inclou la possibilitat de realitzar l&#8217;alerta de manera an\u00f2nima.<\/p>\n\n<p><strong>Proc\u00e9s d&#8217;investigaci\u00f3 imparcial:<\/strong>\u00a0Un cop es presenta una den\u00fancia, el nostre equip d&#8217;experts investigar\u00e0 minuciosament l&#8217;assumpte de manera objectiva i diligent de conformitat amb la normativa interna i la legislaci\u00f3 aplicable. Al llarg de tot el proc\u00e9s es respectaran els drets dels involucrats, en particular la presumpci\u00f3 d&#8217;innoc\u00e8ncia.<\/p>\n\n<p><strong>Protecci\u00f3 contra repres\u00e0lies:<\/strong>No tolerem cap forma de repres\u00e0lia contra les persones denunciants de bona fe. Estem compromesos a salvaguardar els drets i la integritat d&#8217;aquells que s&#8217;atreveixen a denunciar qualsevol irregularitat. Prendrem mesures disciplin\u00e0ries apropiades contra qualsevol individu que prengui repres\u00e0lies en contra d&#8217;un denunciant.<\/p>\n\n<p><strong>Resoluci\u00f3 i seguiment:<\/strong>\u00a0Una vegada conclosa la investigaci\u00f3, prendrem les accions necess\u00e0ries per abordar el problema identificat i, quan sigui possible, prendrem mesures correctives per prevenir futures violacions. A m\u00e9s, ens comprometem a mantenir informada la persona denunciant sobre el progr\u00e9s i la resoluci\u00f3 de la seva den\u00fancia, sempre que sigui possible i perm\u00e8s per la llei.<\/p>\n\n<p>COM ENVIAR UNA COMUNICACI\u00d3?<\/p>\n\n<p>Existeixen 2 opcions.<\/p>\n\n<ul class=\"wp-block-list\">\n<li><strong>Mitjan\u00e7ant l&#8217;app co-resol:<\/strong><\/li>\n<\/ul>\n\n<figure class=\"wp-block-image size-full\"><img fetchpriority=\"high\" decoding=\"async\" width=\"796\" height=\"600\" src=\"https:\/\/breinco.com\/wp-content\/uploads\/2026\/03\/canal-etico-1-1.jpg\" alt=\"\" class=\"wp-image-20130\" srcset=\"https:\/\/breinco.com\/wp-content\/uploads\/2026\/03\/canal-etico-1-1.jpg 796w, https:\/\/breinco.com\/wp-content\/uploads\/2026\/03\/canal-etico-1-1-300x226.jpg 300w, https:\/\/breinco.com\/wp-content\/uploads\/2026\/03\/canal-etico-1-1-768x579.jpg 768w\" sizes=\"(max-width: 796px) 100vw, 796px\" \/><\/figure>\n\n<p><strong> <\/strong><\/p>\n\n<ol class=\"wp-block-list\">\n<li>Descarrega&#8217;t l&#8217;app co-resol, acceptant les notificacions. \u00c9s gratu\u00efta i est\u00e0 disponible a l&#8217; <a href=\"https:\/\/apple.co\/33e1hKb\" target=\"_blank\" rel=\"noopener\">App Store<\/a> i a <a href=\"http:\/\/bit.ly\/38OHjGM\" target=\"_blank\" rel=\"noopener\">Google Play<\/a>.<\/li>\n\n\n\n<li>Prem el bot\u00f3 &#8220;Fes un clic&#8221; i a continuaci\u00f3 introdueix el codi <strong>BREINCO<\/strong><\/li>\n\n\n\n<li>Selecciona el bot\u00f3 del canal.<\/li>\n\n\n\n<li>Escriu el teu missatge sent el m\u00e9s espec\u00edfic possible. Pots adjuntar tant imatges com documentaci\u00f3.<\/li>\n\n\n\n<li>Identifica&#8217;t o selecciona l&#8217;opci\u00f3 d&#8217;anonimat. En qualsevol dels casos, has d&#8217;acceptar la Pol\u00edtica de Privadesa.<\/li>\n\n\n\n<li>Un cop hagis efectuat aquests passos, rebr\u00e0s un missatge com a justificant de recepci\u00f3 del teu clic.<\/li>\n\n\n\n<li>La comunicaci\u00f3 per al seguiment del clic es realitzar\u00e0 mitjan\u00e7ant un xat segur (podr\u00e0s accedir-hi des del bot\u00f3 de xat de la pantalla d&#8217;inici de l&#8217;app) fins al tancament d&#8217;aquest.<\/li>\n<\/ol>\n\n<ul class=\"wp-block-list\">\n<li><strong>Mitjan\u00e7ant una p\u00e0gina web:<\/strong><\/li>\n<\/ul>\n\n<figure class=\"wp-block-image size-full\"><img decoding=\"async\" width=\"649\" height=\"442\" src=\"https:\/\/breinco.com\/wp-content\/uploads\/2026\/03\/canal-etico-2-1.jpg\" alt=\"\" class=\"wp-image-20132\" srcset=\"https:\/\/breinco.com\/wp-content\/uploads\/2026\/03\/canal-etico-2-1.jpg 649w, https:\/\/breinco.com\/wp-content\/uploads\/2026\/03\/canal-etico-2-1-300x204.jpg 300w\" sizes=\"(max-width: 649px) 100vw, 649px\" \/><\/figure>\n\n<p>Pots accedir-hi a trav\u00e9s d&#8217;aquest enlla\u00e7:<\/p>\n\n<figure class=\"wp-block-embed\"><div class=\"wp-block-embed__wrapper\">\nhttps:\/\/co-resol.bcnresol.com\/webclick\n<\/div><\/figure>\n\n<ol class=\"wp-block-list\">\n<li>Prem el bot\u00f3 &#8220;Fes un clic&#8221; i a continuaci\u00f3 introdueix el codi <strong>BREINCO<\/strong><\/li>\n\n\n\n<li>Selecciona el bot\u00f3 del canal.<\/li>\n\n\n\n<li>Escriu el teu missatge sent el m\u00e9s espec\u00edfic possible. Pots adjuntar tant imatges com documentaci\u00f3.<\/li>\n\n\n\n<li>Identifica&#8217;t o selecciona l&#8217;opci\u00f3 d&#8217;anonimat. En qualsevol dels casos, has d&#8217;acceptar la Pol\u00edtica de Privadesa.<\/li>\n\n\n\n<li>En aquest cas, rebr\u00e0s un codi identificador i una contrasenya \u00fanics que haur\u00e0s de guardar per mantenir la comunicaci\u00f3, a trav\u00e9s d&#8217;un xat segur, sobre l&#8217;estat del teu clic.<\/li>\n\n\n\n<li>Cada vegada que vulguis saber si tens un missatge nou al xat o vulguis aportar m\u00e9s informaci\u00f3, per tal d&#8217;assegurar la confidencialitat, haur\u00e0s d&#8217;introduir aquest codi i contrasenya a la p\u00e0gina d&#8217;inici, al bot\u00f3 \u201cAccedir a un clic anterior\u201d.<\/li>\n<\/ol>\n\n<p><strong>Important:<\/strong><\/p>\n\n<p>Aquest Canal \u00c8tic no \u00e9s un servei d&#8217;emerg\u00e8ncies. No s&#8217;ha d&#8217;utilitzar aquest canal per informar sobre situacions que comportin una amena\u00e7a immediata. Si necessites assist\u00e8ncia en una situaci\u00f3 d&#8217;aquest tipus, si us plau, contacta amb les teves autoritats locals i utilitza els canals definits a tal efecte.<\/p>\n","protected":false},"excerpt":{"rendered":"<p>A INDUSTRIAL BREINCO, S.A. creiem fermament en la import\u00e0ncia de fomentar un entorn segur, \u00e8tic, d&#8217;igualtat i de confian\u00e7a per a tots els nostres empleats, clients i socis en general. Per aquesta ra\u00f3, hem implementat un s\u00f2lid Canal \u00c8tic. Un canal on es pot comunicar qualsevol possible incompliment o irregularitat en l&#8217;organitzaci\u00f3, tal com es [&hellip;]<\/p>\n","protected":false},"author":1,"featured_media":0,"parent":0,"menu_order":0,"comment_status":"closed","ping_status":"closed","template":"","meta":{"_acf_changed":false,"footnotes":""},"class_list":["post-15251","page","type-page","status-publish","hentry"],"acf":[],"yoast_head":"<!-- This site is optimized with the Yoast SEO plugin v27.3 - https:\/\/yoast.com\/product\/yoast-seo-wordpress\/ -->\n<title>Canal \u00e8tic - Breinco<\/title>\n<meta name=\"robots\" content=\"index, follow, max-snippet:-1, max-image-preview:large, max-video-preview:-1\" \/>\n<link rel=\"canonical\" href=\"https:\/\/breinco.com\/ca\/canal-etic\/\" \/>\n<meta property=\"og:locale\" content=\"ca_ES\" \/>\n<meta property=\"og:type\" content=\"article\" \/>\n<meta property=\"og:title\" content=\"Canal \u00e8tic - Breinco\" \/>\n<meta property=\"og:description\" content=\"A INDUSTRIAL BREINCO, S.A. creiem fermament en la import\u00e0ncia de fomentar un entorn segur, \u00e8tic, d&#8217;igualtat i de confian\u00e7a per a tots els nostres empleats, clients i socis en general. Per aquesta ra\u00f3, hem implementat un s\u00f2lid Canal \u00c8tic. Un canal on es pot comunicar qualsevol possible incompliment o irregularitat en l&#8217;organitzaci\u00f3, tal com es [&hellip;]\" \/>\n<meta property=\"og:url\" content=\"https:\/\/breinco.com\/ca\/canal-etic\/\" \/>\n<meta property=\"og:site_name\" content=\"Breinco\" \/>\n<meta property=\"article:publisher\" content=\"https:\/\/www.facebook.com\/breincosmart\/\" \/>\n<meta property=\"article:modified_time\" content=\"2026-03-18T16:47:56+00:00\" \/>\n<meta property=\"og:image\" content=\"https:\/\/breinco.com\/wp-content\/uploads\/2026\/03\/canal-etico-1-1.jpg\" \/>\n\t<meta property=\"og:image:width\" content=\"796\" \/>\n\t<meta property=\"og:image:height\" content=\"600\" \/>\n\t<meta property=\"og:image:type\" content=\"image\/jpeg\" \/>\n<meta name=\"twitter:card\" content=\"summary_large_image\" \/>\n<meta name=\"twitter:site\" content=\"@breincoGroup\" \/>\n<meta name=\"twitter:label1\" content=\"Temps estimat de lectura\" \/>\n\t<meta name=\"twitter:data1\" content=\"4 minuts\" \/>\n<script type=\"application\/ld+json\" class=\"yoast-schema-graph\">{\"@context\":\"https:\\\/\\\/schema.org\",\"@graph\":[{\"@type\":\"WebPage\",\"@id\":\"https:\\\/\\\/breinco.com\\\/ca\\\/canal-etic\\\/\",\"url\":\"https:\\\/\\\/breinco.com\\\/ca\\\/canal-etic\\\/\",\"name\":\"Canal \u00e8tic - Breinco\",\"isPartOf\":{\"@id\":\"https:\\\/\\\/breinco.com\\\/ca\\\/#website\"},\"primaryImageOfPage\":{\"@id\":\"https:\\\/\\\/breinco.com\\\/ca\\\/canal-etic\\\/#primaryimage\"},\"image\":{\"@id\":\"https:\\\/\\\/breinco.com\\\/ca\\\/canal-etic\\\/#primaryimage\"},\"thumbnailUrl\":\"https:\\\/\\\/breinco.com\\\/wp-content\\\/uploads\\\/2026\\\/03\\\/canal-etico-1-1.jpg\",\"datePublished\":\"2025-07-03T16:16:56+00:00\",\"dateModified\":\"2026-03-18T16:47:56+00:00\",\"breadcrumb\":{\"@id\":\"https:\\\/\\\/breinco.com\\\/ca\\\/canal-etic\\\/#breadcrumb\"},\"inLanguage\":\"ca\",\"potentialAction\":[{\"@type\":\"ReadAction\",\"target\":[\"https:\\\/\\\/breinco.com\\\/ca\\\/canal-etic\\\/\"]}]},{\"@type\":\"ImageObject\",\"inLanguage\":\"ca\",\"@id\":\"https:\\\/\\\/breinco.com\\\/ca\\\/canal-etic\\\/#primaryimage\",\"url\":\"https:\\\/\\\/breinco.com\\\/wp-content\\\/uploads\\\/2026\\\/03\\\/canal-etico-1-1.jpg\",\"contentUrl\":\"https:\\\/\\\/breinco.com\\\/wp-content\\\/uploads\\\/2026\\\/03\\\/canal-etico-1-1.jpg\"},{\"@type\":\"BreadcrumbList\",\"@id\":\"https:\\\/\\\/breinco.com\\\/ca\\\/canal-etic\\\/#breadcrumb\",\"itemListElement\":[{\"@type\":\"ListItem\",\"position\":1,\"name\":\"Portada\",\"item\":\"https:\\\/\\\/breinco.com\\\/ca\\\/\"},{\"@type\":\"ListItem\",\"position\":2,\"name\":\"Canal \u00e8tic\"}]},{\"@type\":\"WebSite\",\"@id\":\"https:\\\/\\\/breinco.com\\\/ca\\\/#website\",\"url\":\"https:\\\/\\\/breinco.com\\\/ca\\\/\",\"name\":\"Breinco\",\"description\":\"\",\"publisher\":{\"@id\":\"https:\\\/\\\/breinco.com\\\/ca\\\/#organization\"},\"alternateName\":\"Urban Furniture, Architecture and Landscaping\",\"potentialAction\":[{\"@type\":\"SearchAction\",\"target\":{\"@type\":\"EntryPoint\",\"urlTemplate\":\"https:\\\/\\\/breinco.com\\\/ca\\\/?s={search_term_string}\"},\"query-input\":{\"@type\":\"PropertyValueSpecification\",\"valueRequired\":true,\"valueName\":\"search_term_string\"}}],\"inLanguage\":\"ca\"},{\"@type\":\"Organization\",\"@id\":\"https:\\\/\\\/breinco.com\\\/ca\\\/#organization\",\"name\":\"Breinco\",\"url\":\"https:\\\/\\\/breinco.com\\\/ca\\\/\",\"logo\":{\"@type\":\"ImageObject\",\"inLanguage\":\"ca\",\"@id\":\"https:\\\/\\\/breinco.com\\\/ca\\\/#\\\/schema\\\/logo\\\/image\\\/\",\"url\":\"https:\\\/\\\/breinco.com\\\/wp-content\\\/uploads\\\/2025\\\/04\\\/breinco-brand.svg\",\"contentUrl\":\"https:\\\/\\\/breinco.com\\\/wp-content\\\/uploads\\\/2025\\\/04\\\/breinco-brand.svg\",\"width\":26,\"height\":58,\"caption\":\"Breinco\"},\"image\":{\"@id\":\"https:\\\/\\\/breinco.com\\\/ca\\\/#\\\/schema\\\/logo\\\/image\\\/\"},\"sameAs\":[\"https:\\\/\\\/www.facebook.com\\\/breincosmart\\\/\",\"https:\\\/\\\/x.com\\\/breincoGroup\",\"https:\\\/\\\/www.instagram.com\\\/breinco\\\/\",\"https:\\\/\\\/www.linkedin.com\\\/company\\\/breinco-esp\\\/\"]}]}<\/script>\n<!-- \/ Yoast SEO plugin. -->","yoast_head_json":{"title":"Canal \u00e8tic - Breinco","robots":{"index":"index","follow":"follow","max-snippet":"max-snippet:-1","max-image-preview":"max-image-preview:large","max-video-preview":"max-video-preview:-1"},"canonical":"https:\/\/breinco.com\/ca\/canal-etic\/","og_locale":"ca_ES","og_type":"article","og_title":"Canal \u00e8tic - Breinco","og_description":"A INDUSTRIAL BREINCO, S.A. creiem fermament en la import\u00e0ncia de fomentar un entorn segur, \u00e8tic, d&#8217;igualtat i de confian\u00e7a per a tots els nostres empleats, clients i socis en general. Per aquesta ra\u00f3, hem implementat un s\u00f2lid Canal \u00c8tic. Un canal on es pot comunicar qualsevol possible incompliment o irregularitat en l&#8217;organitzaci\u00f3, tal com es [&hellip;]","og_url":"https:\/\/breinco.com\/ca\/canal-etic\/","og_site_name":"Breinco","article_publisher":"https:\/\/www.facebook.com\/breincosmart\/","article_modified_time":"2026-03-18T16:47:56+00:00","og_image":[{"width":796,"height":600,"url":"https:\/\/breinco.com\/wp-content\/uploads\/2026\/03\/canal-etico-1-1.jpg","type":"image\/jpeg"}],"twitter_card":"summary_large_image","twitter_site":"@breincoGroup","twitter_misc":{"Temps estimat de lectura":"4 minuts"},"schema":{"@context":"https:\/\/schema.org","@graph":[{"@type":"WebPage","@id":"https:\/\/breinco.com\/ca\/canal-etic\/","url":"https:\/\/breinco.com\/ca\/canal-etic\/","name":"Canal \u00e8tic - Breinco","isPartOf":{"@id":"https:\/\/breinco.com\/ca\/#website"},"primaryImageOfPage":{"@id":"https:\/\/breinco.com\/ca\/canal-etic\/#primaryimage"},"image":{"@id":"https:\/\/breinco.com\/ca\/canal-etic\/#primaryimage"},"thumbnailUrl":"https:\/\/breinco.com\/wp-content\/uploads\/2026\/03\/canal-etico-1-1.jpg","datePublished":"2025-07-03T16:16:56+00:00","dateModified":"2026-03-18T16:47:56+00:00","breadcrumb":{"@id":"https:\/\/breinco.com\/ca\/canal-etic\/#breadcrumb"},"inLanguage":"ca","potentialAction":[{"@type":"ReadAction","target":["https:\/\/breinco.com\/ca\/canal-etic\/"]}]},{"@type":"ImageObject","inLanguage":"ca","@id":"https:\/\/breinco.com\/ca\/canal-etic\/#primaryimage","url":"https:\/\/breinco.com\/wp-content\/uploads\/2026\/03\/canal-etico-1-1.jpg","contentUrl":"https:\/\/breinco.com\/wp-content\/uploads\/2026\/03\/canal-etico-1-1.jpg"},{"@type":"BreadcrumbList","@id":"https:\/\/breinco.com\/ca\/canal-etic\/#breadcrumb","itemListElement":[{"@type":"ListItem","position":1,"name":"Portada","item":"https:\/\/breinco.com\/ca\/"},{"@type":"ListItem","position":2,"name":"Canal \u00e8tic"}]},{"@type":"WebSite","@id":"https:\/\/breinco.com\/ca\/#website","url":"https:\/\/breinco.com\/ca\/","name":"Breinco","description":"","publisher":{"@id":"https:\/\/breinco.com\/ca\/#organization"},"alternateName":"Urban Furniture, Architecture and Landscaping","potentialAction":[{"@type":"SearchAction","target":{"@type":"EntryPoint","urlTemplate":"https:\/\/breinco.com\/ca\/?s={search_term_string}"},"query-input":{"@type":"PropertyValueSpecification","valueRequired":true,"valueName":"search_term_string"}}],"inLanguage":"ca"},{"@type":"Organization","@id":"https:\/\/breinco.com\/ca\/#organization","name":"Breinco","url":"https:\/\/breinco.com\/ca\/","logo":{"@type":"ImageObject","inLanguage":"ca","@id":"https:\/\/breinco.com\/ca\/#\/schema\/logo\/image\/","url":"https:\/\/breinco.com\/wp-content\/uploads\/2025\/04\/breinco-brand.svg","contentUrl":"https:\/\/breinco.com\/wp-content\/uploads\/2025\/04\/breinco-brand.svg","width":26,"height":58,"caption":"Breinco"},"image":{"@id":"https:\/\/breinco.com\/ca\/#\/schema\/logo\/image\/"},"sameAs":["https:\/\/www.facebook.com\/breincosmart\/","https:\/\/x.com\/breincoGroup","https:\/\/www.instagram.com\/breinco\/","https:\/\/www.linkedin.com\/company\/breinco-esp\/"]}]}},"_links":{"self":[{"href":"https:\/\/breinco.com\/ca\/wp-json\/wp\/v2\/pages\/15251","targetHints":{"allow":["GET"]}}],"collection":[{"href":"https:\/\/breinco.com\/ca\/wp-json\/wp\/v2\/pages"}],"about":[{"href":"https:\/\/breinco.com\/ca\/wp-json\/wp\/v2\/types\/page"}],"author":[{"embeddable":true,"href":"https:\/\/breinco.com\/ca\/wp-json\/wp\/v2\/users\/1"}],"replies":[{"embeddable":true,"href":"https:\/\/breinco.com\/ca\/wp-json\/wp\/v2\/comments?post=15251"}],"version-history":[{"count":2,"href":"https:\/\/breinco.com\/ca\/wp-json\/wp\/v2\/pages\/15251\/revisions"}],"predecessor-version":[{"id":20134,"href":"https:\/\/breinco.com\/ca\/wp-json\/wp\/v2\/pages\/15251\/revisions\/20134"}],"wp:attachment":[{"href":"https:\/\/breinco.com\/ca\/wp-json\/wp\/v2\/media?parent=15251"}],"curies":[{"name":"wp","href":"https:\/\/api.w.org\/{rel}","templated":true}]}}