{"id":15257,"date":"2025-04-01T10:10:24","date_gmt":"2025-04-01T08:10:24","guid":{"rendered":"https:\/\/breinco.com\/filosofia\/"},"modified":"2026-04-01T10:54:41","modified_gmt":"2026-04-01T08:54:41","slug":"filosofia","status":"publish","type":"page","link":"https:\/\/breinco.com\/ca\/filosofia\/","title":{"rendered":"Filosofia"},"content":{"rendered":"\t\t<div data-elementor-type=\"wp-page\" data-elementor-id=\"15257\" class=\"elementor elementor-15257 elementor-199\" data-elementor-post-type=\"page\">\n\t\t\t\t<div class=\"elementor-element elementor-element-4de51c0 e-flex e-con-boxed e-con e-parent\" data-id=\"4de51c0\" data-element_type=\"container\" data-e-type=\"container\" data-settings=\"{&quot;background_background&quot;:&quot;classic&quot;}\">\n\t\t\t\t\t<div class=\"e-con-inner\">\n\t\t<div class=\"elementor-element elementor-element-7fca39f e-con-full e-flex e-con e-child\" data-id=\"7fca39f\" data-element_type=\"container\" data-e-type=\"container\">\n\t\t\t\t<div class=\"elementor-element elementor-element-d55e95c elementor-widget elementor-widget-heading\" data-id=\"d55e95c\" data-element_type=\"widget\" data-e-type=\"widget\" data-widget_type=\"heading.default\">\n\t\t\t\t\t<h1 class=\"elementor-heading-title elementor-size-default\">Som innovaci\u00f3<\/h1>\t\t\t\t<\/div>\n\t\t\t\t<div class=\"elementor-element elementor-element-5f73d9e elementor-widget elementor-widget-text-editor\" data-id=\"5f73d9e\" data-element_type=\"widget\" data-e-type=\"widget\" data-widget_type=\"text-editor.default\">\n\t\t\t\t\t\t\t\t\t<p>A Breinco hem creat una nova generaci\u00f3 de productes que neixen del coneixement, de l&#8217;amor i de l\u2019experi\u00e8ncia que hem adquirit al llarg dels anys.<\/p>\n\t\t\t\t\t\t\t\t<\/div>\n\t\t\t\t<\/div>\n\t\t\t\t\t<\/div>\n\t\t\t\t<\/div>\n\t\t<div class=\"elementor-element elementor-element-fdec00b e-grid e-con-boxed e-con e-child\" data-id=\"fdec00b\" data-element_type=\"container\" data-e-type=\"container\">\n\t\t\t\t\t<div class=\"e-con-inner\">\n\t\t<div class=\"elementor-element elementor-element-d604863 e-con-full e-flex e-con e-child\" data-id=\"d604863\" data-element_type=\"container\" data-e-type=\"container\">\n\t\t\t\t<div class=\"elementor-element elementor-element-4558ab2 elementor-widget elementor-widget-heading\" data-id=\"4558ab2\" data-element_type=\"widget\" data-e-type=\"widget\" data-widget_type=\"heading.default\">\n\t\t\t\t\t<h2 class=\"elementor-heading-title elementor-size-default\">Una nova generaci\u00f3 de productes<\/h2>\t\t\t\t<\/div>\n\t\t\t\t<div class=\"elementor-element elementor-element-61ebd24 elementor-widget__width-initial elementor-widget elementor-widget-heading\" data-id=\"61ebd24\" data-element_type=\"widget\" data-e-type=\"widget\" data-widget_type=\"heading.default\">\n\t\t\t\t\t<h3 class=\"elementor-heading-title elementor-size-default\">Empresa de mobiliari urb\u00e0 i disseny urban\u00edstic<\/h3>\t\t\t\t<\/div>\n\t\t\t\t<div class=\"elementor-element elementor-element-b74b472 elementor-widget elementor-widget-text-editor\" data-id=\"b74b472\" data-element_type=\"widget\" data-e-type=\"widget\" data-widget_type=\"text-editor.default\">\n\t\t\t\t\t\t\t\t\t<p>Una nova generaci\u00f3 de productes que milloren el nostre entorn, amb car\u00e0cter i de manera sostenible.<\/p>\n<p>Busquem l\u2019ecoefici\u00e8ncia en la producci\u00f3 del producte, la utilitzaci\u00f3 de materials procedents del reciclatge i la incorporaci\u00f3 de noves tecnologies per dissenyar espais multifuncionals.<\/p>\n<p><em>Arquitectura i paisatge: Lola Dom\u00e8nech<br \/><\/em><\/p>\n<p><em>Fotografia: Adri\u00e0 Goula<\/em><\/p>\n\t\t\t\t\t\t\t\t<\/div>\n\t\t\t\t<\/div>\n\t\t\t\t<div class=\"elementor-element elementor-element-11fa8c8 elementor-widget elementor-widget-image\" data-id=\"11fa8c8\" data-element_type=\"widget\" data-e-type=\"widget\" data-widget_type=\"image.default\">\n\t\t\t\t\t\t\t\t\t\t\t\t\t\t\t<img fetchpriority=\"high\" decoding=\"async\" width=\"1300\" height=\"900\" src=\"https:\/\/breinco.com\/wp-content\/uploads\/2025\/11\/filosofia-passeig-st-joan-img.webp\" class=\"attachment-full size-full wp-image-15276\" alt=\"\" srcset=\"https:\/\/breinco.com\/wp-content\/uploads\/2025\/11\/filosofia-passeig-st-joan-img.webp 1300w, https:\/\/breinco.com\/wp-content\/uploads\/2025\/11\/filosofia-passeig-st-joan-img-300x208.webp 300w, https:\/\/breinco.com\/wp-content\/uploads\/2025\/11\/filosofia-passeig-st-joan-img-1024x709.webp 1024w, https:\/\/breinco.com\/wp-content\/uploads\/2025\/11\/filosofia-passeig-st-joan-img-768x532.webp 768w\" sizes=\"(max-width: 1300px) 100vw, 1300px\" \/>\t\t\t\t\t\t\t\t\t\t\t\t\t\t\t<\/div>\n\t\t\t\t\t<\/div>\n\t\t\t\t<\/div>\n\t\t<div class=\"elementor-element elementor-element-f336f4a e-grid e-con-boxed e-con e-parent\" data-id=\"f336f4a\" data-element_type=\"container\" data-e-type=\"container\" data-settings=\"{&quot;background_background&quot;:&quot;classic&quot;}\">\n\t\t\t\t\t<div class=\"e-con-inner\">\n\t\t\t\t<div class=\"elementor-element elementor-element-0264f90 elementor-widget elementor-widget-text-editor\" data-id=\"0264f90\" data-element_type=\"widget\" data-e-type=\"widget\" data-widget_type=\"text-editor.default\">\n\t\t\t\t\t\t\t\t\t<p>Filosofia<\/p>\n<h3>La tradici\u00f3, la qualitat i la innovaci\u00f3 s\u00f3n les constants de Breinco durant els 50 anys que portem al mercat.<\/h3>\n\t\t\t\t\t\t\t\t<\/div>\n\t\t\t\t<div class=\"elementor-element elementor-element-4007389 elementor-widget elementor-widget-text-editor\" data-id=\"4007389\" data-element_type=\"widget\" data-e-type=\"widget\" data-widget_type=\"text-editor.default\">\n\t\t\t\t\t\t\t\t\t<p>Tenim ofici, una base t\u00e8cnica i capacitat d\u2019innovaci\u00f3 per aconseguir evolucionar el proc\u00e9s d\u2019investigaci\u00f3 i desenvolupar nous productes.<\/p>\n<p>Nous reptes que ens reforcen el car\u00e0cter.<\/p>\n\t\t\t\t\t\t\t\t<\/div>\n\t\t\t\t\t<\/div>\n\t\t\t\t<\/div>\n\t\t<div class=\"elementor-element elementor-element-5317ee4 e-grid e-con-boxed e-con e-parent\" data-id=\"5317ee4\" data-element_type=\"container\" data-e-type=\"container\" data-settings=\"{&quot;background_background&quot;:&quot;classic&quot;}\">\n\t\t\t\t\t<div class=\"e-con-inner\">\n\t\t<div class=\"elementor-element elementor-element-c9385de e-con-full e-flex e-con e-child\" data-id=\"c9385de\" data-element_type=\"container\" data-e-type=\"container\">\n\t\t\t\t<div class=\"elementor-element elementor-element-ab636a5 elementor-widget elementor-widget-text-editor\" data-id=\"ab636a5\" data-element_type=\"widget\" data-e-type=\"widget\" data-widget_type=\"text-editor.default\">\n\t\t\t\t\t\t\t\t\t<h5>Visi\u00f3<\/h5> <h3>La consci\u00e8ncia de ser part del planeta ens impulsa a innovar, a perfeccionar t\u00e8cnicament i a crear espais sostenibles i nets, que apostin per un nou futur: bluefuture.<\/h3> <br><br><p>La creativitat, la consci\u00e8ncia amb el medi ambient i un ofici s\u00f2lid s\u00f3n valors que formen part de l\u2019estil de les persones que treballen amb nosaltres. Una manera de fer que marca els nostres productes, diferenciant-los clarament al mercat.<\/p> <br><br><p>El nostre repte \u00e9s continuar aportant solucions innovadores amb alt valor paisatg\u00edstic basant-nos en les noves tend\u00e8ncies en arquitectura i urbanisme. A Breinco sabem aprofitar els avantatges de la tecnologia en relaci\u00f3 al cost, qualitat, temps d\u2019instal\u00b7laci\u00f3 i rendiment ambiental. Revisant i millorant cont\u00ednuament amb l\u2019objectiu d\u2019incrementar el nivell d\u2019excel\u00b7l\u00e8ncia que volem oferir als nostres clients.<\/p><br><br> <p>Amb aquesta l\u00ednia hem dissenyat aquest espai online, que pret\u00e9n ser un reflex del nostre tarann\u00e0. Hem incl\u00f2s les eines necess\u00e0ries per ajudar en els projectes d\u2019intervencions en espais lliures i paisatges. Esperem que gaudiu navegant, tal com si fos un passeig.<\/p> <br><br><p>De la mateixa manera, us convidem a passejar in situ a l\u2019entorn enjardinat de la nostra exposici\u00f3, en un espai privilegiat de 5.000\u202fm\u00b2 integrat a les nostres instal\u00b7lacions. Aix\u00ed podreu con\u00e8ixer de primera m\u00e0 els efectes especials que ofereixen els nostres materials en aplicacions concretes. Un ambient real on experimentar, captar sensacions i generar idees per comen\u00e7ar a fer realitat els vostres projectes.<\/p><br>\t\t\t\t\t\t\t\t<\/div>\n\t\t<div class=\"elementor-element elementor-element-5e9d9c4 e-grid e-con-full e-con e-child\" data-id=\"5e9d9c4\" data-element_type=\"container\" data-e-type=\"container\">\n\t\t<div class=\"elementor-element elementor-element-839a25c e-con-full e-flex e-con e-child\" data-id=\"839a25c\" data-element_type=\"container\" data-e-type=\"container\">\n\t\t\t\t<div class=\"elementor-element elementor-element-e22d4e0 elementor-widget elementor-widget-image\" data-id=\"e22d4e0\" data-element_type=\"widget\" data-e-type=\"widget\" data-widget_type=\"image.default\">\n\t\t\t\t\t\t\t\t\t\t\t\t\t\t\t<img decoding=\"async\" width=\"420\" height=\"300\" src=\"https:\/\/breinco.com\/wp-content\/uploads\/2025\/11\/firma-angel-breinco-1.webp\" class=\"attachment-large size-large wp-image-15272\" alt=\"\" srcset=\"https:\/\/breinco.com\/wp-content\/uploads\/2025\/11\/firma-angel-breinco-1.webp 420w, https:\/\/breinco.com\/wp-content\/uploads\/2025\/11\/firma-angel-breinco-1-300x214.webp 300w\" sizes=\"(max-width: 420px) 100vw, 420px\" \/>\t\t\t\t\t\t\t\t\t\t\t\t\t\t\t<\/div>\n\t\t\t\t<div class=\"elementor-element elementor-element-58a136d elementor-widget elementor-widget-text-editor\" data-id=\"58a136d\" data-element_type=\"widget\" data-e-type=\"widget\" data-widget_type=\"text-editor.default\">\n\t\t\t\t\t\t\t\t\t<p>\u00c0ngel Sitj\u00e0<br \/>President<\/p>\n\t\t\t\t\t\t\t\t<\/div>\n\t\t\t\t<\/div>\n\t\t<div class=\"elementor-element elementor-element-a7fad4e e-con-full e-flex e-con e-child\" data-id=\"a7fad4e\" data-element_type=\"container\" data-e-type=\"container\">\n\t\t\t\t<div class=\"elementor-element elementor-element-a1c0ca7 elementor-widget elementor-widget-image\" data-id=\"a1c0ca7\" data-element_type=\"widget\" data-e-type=\"widget\" data-widget_type=\"image.default\">\n\t\t\t\t\t\t\t\t\t\t\t\t\t\t\t<img decoding=\"async\" width=\"420\" height=\"300\" src=\"https:\/\/breinco.com\/wp-content\/uploads\/2025\/11\/firma-marina-breinco-1.webp\" class=\"attachment-large size-large wp-image-15273\" alt=\"\" srcset=\"https:\/\/breinco.com\/wp-content\/uploads\/2025\/11\/firma-marina-breinco-1.webp 420w, https:\/\/breinco.com\/wp-content\/uploads\/2025\/11\/firma-marina-breinco-1-300x214.webp 300w\" sizes=\"(max-width: 420px) 100vw, 420px\" \/>\t\t\t\t\t\t\t\t\t\t\t\t\t\t\t<\/div>\n\t\t\t\t<div class=\"elementor-element elementor-element-abe71e0 elementor-widget elementor-widget-text-editor\" data-id=\"abe71e0\" data-element_type=\"widget\" data-e-type=\"widget\" data-widget_type=\"text-editor.default\">\n\t\t\t\t\t\t\t\t\t<p>Marina Sitj\u00e0<br \/>Chief Financial officer (CFO)<\/p>\n\t\t\t\t\t\t\t\t<\/div>\n\t\t\t\t<\/div>\n\t\t<div class=\"elementor-element elementor-element-c188d35 e-con-full e-flex e-con e-child\" data-id=\"c188d35\" data-element_type=\"container\" data-e-type=\"container\">\n\t\t\t\t<div class=\"elementor-element elementor-element-2e08f59 elementor-widget elementor-widget-image\" data-id=\"2e08f59\" data-element_type=\"widget\" data-e-type=\"widget\" data-widget_type=\"image.default\">\n\t\t\t\t\t\t\t\t\t\t\t\t\t\t\t<img loading=\"lazy\" decoding=\"async\" width=\"420\" height=\"300\" src=\"https:\/\/breinco.com\/wp-content\/uploads\/2025\/11\/firma-pere-breinco-1.webp\" class=\"attachment-large size-large wp-image-15274\" alt=\"\" srcset=\"https:\/\/breinco.com\/wp-content\/uploads\/2025\/11\/firma-pere-breinco-1.webp 420w, https:\/\/breinco.com\/wp-content\/uploads\/2025\/11\/firma-pere-breinco-1-300x214.webp 300w\" sizes=\"(max-width: 420px) 100vw, 420px\" \/>\t\t\t\t\t\t\t\t\t\t\t\t\t\t\t<\/div>\n\t\t\t\t<div class=\"elementor-element elementor-element-356f09d elementor-widget elementor-widget-text-editor\" data-id=\"356f09d\" data-element_type=\"widget\" data-e-type=\"widget\" data-widget_type=\"text-editor.default\">\n\t\t\t\t\t\t\t\t\t<p>Pere Sitj\u00e0<br \/>CEO<\/p>\n\t\t\t\t\t\t\t\t<\/div>\n\t\t\t\t<\/div>\n\t\t\t\t<\/div>\n\t\t\t\t<\/div>\n\t\t\t\t<div class=\"elementor-element elementor-element-b165138 elementor-widget elementor-widget-image\" data-id=\"b165138\" data-element_type=\"widget\" data-e-type=\"widget\" data-widget_type=\"image.default\">\n\t\t\t\t\t\t\t\t\t\t\t\t\t\t\t<img loading=\"lazy\" decoding=\"async\" width=\"683\" height=\"1024\" src=\"https:\/\/breinco.com\/wp-content\/uploads\/2025\/10\/filosofia-familia-breinco-683x1024.webp\" class=\"attachment-large size-large wp-image-15265\" alt=\"\" srcset=\"https:\/\/breinco.com\/wp-content\/uploads\/2025\/10\/filosofia-familia-breinco-683x1024.webp 683w, https:\/\/breinco.com\/wp-content\/uploads\/2025\/10\/filosofia-familia-breinco-200x300.webp 200w, https:\/\/breinco.com\/wp-content\/uploads\/2025\/10\/filosofia-familia-breinco-768x1152.webp 768w, https:\/\/breinco.com\/wp-content\/uploads\/2025\/10\/filosofia-familia-breinco-1024x1536.webp 1024w, https:\/\/breinco.com\/wp-content\/uploads\/2025\/10\/filosofia-familia-breinco-1365x2048.webp 1365w, https:\/\/breinco.com\/wp-content\/uploads\/2025\/10\/filosofia-familia-breinco-scaled.webp 1707w\" sizes=\"(max-width: 683px) 100vw, 683px\" \/>\t\t\t\t\t\t\t\t\t\t\t\t\t\t\t<\/div>\n\t\t\t\t\t<\/div>\n\t\t\t\t<\/div>\n\t\t<div class=\"elementor-element elementor-element-55ed9ca e-grid e-con-boxed e-con e-parent\" data-id=\"55ed9ca\" data-element_type=\"container\" data-e-type=\"container\" data-settings=\"{&quot;background_background&quot;:&quot;classic&quot;}\">\n\t\t\t\t\t<div class=\"e-con-inner\">\n\t\t<div class=\"elementor-element elementor-element-5a0f0f7 e-grid e-con-full e-con e-child\" data-id=\"5a0f0f7\" data-element_type=\"container\" data-e-type=\"container\">\n\t\t<div class=\"elementor-element elementor-element-24e3a0c e-con-full e-flex e-con e-child\" data-id=\"24e3a0c\" data-element_type=\"container\" data-e-type=\"container\">\n\t\t\t\t<div class=\"elementor-element elementor-element-1f182b3 elementor-widget elementor-widget-heading\" data-id=\"1f182b3\" data-element_type=\"widget\" data-e-type=\"widget\" data-widget_type=\"heading.default\">\n\t\t\t\t\t<h4 class=\"elementor-heading-title elementor-size-default\">Colaboradors<\/h4>\t\t\t\t<\/div>\n\t\t\t\t<div class=\"elementor-element elementor-element-32aa03d elementor-widget elementor-widget-text-editor\" data-id=\"32aa03d\" data-element_type=\"widget\" data-e-type=\"widget\" data-widget_type=\"text-editor.default\">\n\t\t\t\t\t\t\t\t\t<p>Empresa S\u00f2cia de la Creu Roja.<\/p>\n\t\t\t\t\t\t\t\t<\/div>\n\t\t\t\t<\/div>\n\t\t\t\t<div class=\"elementor-element elementor-element-cdf0c7d elementor-widget elementor-widget-image\" data-id=\"cdf0c7d\" data-element_type=\"widget\" data-e-type=\"widget\" data-widget_type=\"image.default\">\n\t\t\t\t\t\t\t\t\t\t\t\t\t\t\t<img loading=\"lazy\" decoding=\"async\" width=\"800\" height=\"800\" src=\"https:\/\/breinco.com\/wp-content\/uploads\/2026\/03\/badget-colaboradors-en-1024x1024.webp\" class=\"attachment-large size-large wp-image-18368\" alt=\"\" srcset=\"https:\/\/breinco.com\/wp-content\/uploads\/2026\/03\/badget-colaboradors-en-1024x1024.webp 1024w, https:\/\/breinco.com\/wp-content\/uploads\/2026\/03\/badget-colaboradors-en-300x300.webp 300w, https:\/\/breinco.com\/wp-content\/uploads\/2026\/03\/badget-colaboradors-en-150x150.webp 150w, https:\/\/breinco.com\/wp-content\/uploads\/2026\/03\/badget-colaboradors-en-768x768.webp 768w, https:\/\/breinco.com\/wp-content\/uploads\/2026\/03\/badget-colaboradors-en.webp 1032w\" sizes=\"(max-width: 800px) 100vw, 800px\" \/>\t\t\t\t\t\t\t\t\t\t\t\t\t\t\t<\/div>\n\t\t\t\t<\/div>\n\t\t\t\t\t<\/div>\n\t\t\t\t<\/div>\n\t\t\t\t<\/div>\n\t\t","protected":false},"excerpt":{"rendered":"<p>Som innovaci\u00f3 A Breinco hem creat una nova generaci\u00f3 de productes que neixen del coneixement, de l&#8217;amor i de l\u2019experi\u00e8ncia que hem adquirit al llarg dels anys. Una nova generaci\u00f3 de productes Empresa de mobiliari urb\u00e0 i disseny urban\u00edstic Una nova generaci\u00f3 de productes que milloren el nostre entorn, amb car\u00e0cter i de manera sostenible. [&hellip;]<\/p>\n","protected":false},"author":1,"featured_media":0,"parent":0,"menu_order":0,"comment_status":"closed","ping_status":"closed","template":"elementor_header_footer","meta":{"_acf_changed":false,"footnotes":""},"class_list":["post-15257","page","type-page","status-publish","hentry"],"acf":[],"yoast_head":"<!-- This site is optimized with the Yoast SEO plugin v27.3 - https:\/\/yoast.com\/product\/yoast-seo-wordpress\/ -->\n<title>Filosofia - Breinco<\/title>\n<meta name=\"robots\" content=\"index, follow, max-snippet:-1, max-image-preview:large, max-video-preview:-1\" \/>\n<link rel=\"canonical\" href=\"https:\/\/breinco.com\/ca\/filosofia\/\" \/>\n<meta property=\"og:locale\" content=\"ca_ES\" \/>\n<meta property=\"og:type\" content=\"article\" \/>\n<meta property=\"og:title\" content=\"Filosofia - Breinco\" \/>\n<meta property=\"og:description\" content=\"Som innovaci\u00f3 A Breinco hem creat una nova generaci\u00f3 de productes que neixen del coneixement, de l&#8217;amor i de l\u2019experi\u00e8ncia que hem adquirit al llarg dels anys. Una nova generaci\u00f3 de productes Empresa de mobiliari urb\u00e0 i disseny urban\u00edstic Una nova generaci\u00f3 de productes que milloren el nostre entorn, amb car\u00e0cter i de manera sostenible. [&hellip;]\" \/>\n<meta property=\"og:url\" content=\"https:\/\/breinco.com\/ca\/filosofia\/\" \/>\n<meta property=\"og:site_name\" content=\"Breinco\" \/>\n<meta property=\"article:publisher\" content=\"https:\/\/www.facebook.com\/breincosmart\/\" \/>\n<meta property=\"article:modified_time\" content=\"2026-04-01T08:54:41+00:00\" \/>\n<meta property=\"og:image\" content=\"https:\/\/breinco.com\/wp-content\/uploads\/2025\/11\/filosofia-passeig-st-joan-img.webp\" \/>\n\t<meta property=\"og:image:width\" content=\"1300\" \/>\n\t<meta property=\"og:image:height\" content=\"900\" \/>\n\t<meta property=\"og:image:type\" content=\"image\/webp\" \/>\n<meta name=\"twitter:card\" content=\"summary_large_image\" \/>\n<meta name=\"twitter:site\" content=\"@breincoGroup\" \/>\n<meta name=\"twitter:label1\" content=\"Temps estimat de lectura\" \/>\n\t<meta name=\"twitter:data1\" content=\"2 minuts\" \/>\n<script type=\"application\/ld+json\" class=\"yoast-schema-graph\">{\"@context\":\"https:\\\/\\\/schema.org\",\"@graph\":[{\"@type\":\"WebPage\",\"@id\":\"https:\\\/\\\/breinco.com\\\/ca\\\/filosofia\\\/\",\"url\":\"https:\\\/\\\/breinco.com\\\/ca\\\/filosofia\\\/\",\"name\":\"Filosofia - Breinco\",\"isPartOf\":{\"@id\":\"https:\\\/\\\/breinco.com\\\/ca\\\/#website\"},\"primaryImageOfPage\":{\"@id\":\"https:\\\/\\\/breinco.com\\\/ca\\\/filosofia\\\/#primaryimage\"},\"image\":{\"@id\":\"https:\\\/\\\/breinco.com\\\/ca\\\/filosofia\\\/#primaryimage\"},\"thumbnailUrl\":\"https:\\\/\\\/breinco.com\\\/wp-content\\\/uploads\\\/2025\\\/11\\\/filosofia-passeig-st-joan-img.webp\",\"datePublished\":\"2025-04-01T08:10:24+00:00\",\"dateModified\":\"2026-04-01T08:54:41+00:00\",\"breadcrumb\":{\"@id\":\"https:\\\/\\\/breinco.com\\\/ca\\\/filosofia\\\/#breadcrumb\"},\"inLanguage\":\"ca\",\"potentialAction\":[{\"@type\":\"ReadAction\",\"target\":[\"https:\\\/\\\/breinco.com\\\/ca\\\/filosofia\\\/\"]}]},{\"@type\":\"ImageObject\",\"inLanguage\":\"ca\",\"@id\":\"https:\\\/\\\/breinco.com\\\/ca\\\/filosofia\\\/#primaryimage\",\"url\":\"https:\\\/\\\/breinco.com\\\/wp-content\\\/uploads\\\/2025\\\/11\\\/filosofia-passeig-st-joan-img.webp\",\"contentUrl\":\"https:\\\/\\\/breinco.com\\\/wp-content\\\/uploads\\\/2025\\\/11\\\/filosofia-passeig-st-joan-img.webp\"},{\"@type\":\"BreadcrumbList\",\"@id\":\"https:\\\/\\\/breinco.com\\\/ca\\\/filosofia\\\/#breadcrumb\",\"itemListElement\":[{\"@type\":\"ListItem\",\"position\":1,\"name\":\"Portada\",\"item\":\"https:\\\/\\\/breinco.com\\\/ca\\\/\"},{\"@type\":\"ListItem\",\"position\":2,\"name\":\"Filosofia\"}]},{\"@type\":\"WebSite\",\"@id\":\"https:\\\/\\\/breinco.com\\\/ca\\\/#website\",\"url\":\"https:\\\/\\\/breinco.com\\\/ca\\\/\",\"name\":\"Breinco\",\"description\":\"\",\"publisher\":{\"@id\":\"https:\\\/\\\/breinco.com\\\/ca\\\/#organization\"},\"alternateName\":\"Urban Furniture, Architecture and Landscaping\",\"potentialAction\":[{\"@type\":\"SearchAction\",\"target\":{\"@type\":\"EntryPoint\",\"urlTemplate\":\"https:\\\/\\\/breinco.com\\\/ca\\\/?s={search_term_string}\"},\"query-input\":{\"@type\":\"PropertyValueSpecification\",\"valueRequired\":true,\"valueName\":\"search_term_string\"}}],\"inLanguage\":\"ca\"},{\"@type\":\"Organization\",\"@id\":\"https:\\\/\\\/breinco.com\\\/ca\\\/#organization\",\"name\":\"Breinco\",\"url\":\"https:\\\/\\\/breinco.com\\\/ca\\\/\",\"logo\":{\"@type\":\"ImageObject\",\"inLanguage\":\"ca\",\"@id\":\"https:\\\/\\\/breinco.com\\\/ca\\\/#\\\/schema\\\/logo\\\/image\\\/\",\"url\":\"https:\\\/\\\/breinco.com\\\/wp-content\\\/uploads\\\/2025\\\/04\\\/breinco-brand.svg\",\"contentUrl\":\"https:\\\/\\\/breinco.com\\\/wp-content\\\/uploads\\\/2025\\\/04\\\/breinco-brand.svg\",\"width\":26,\"height\":58,\"caption\":\"Breinco\"},\"image\":{\"@id\":\"https:\\\/\\\/breinco.com\\\/ca\\\/#\\\/schema\\\/logo\\\/image\\\/\"},\"sameAs\":[\"https:\\\/\\\/www.facebook.com\\\/breincosmart\\\/\",\"https:\\\/\\\/x.com\\\/breincoGroup\",\"https:\\\/\\\/www.instagram.com\\\/breinco\\\/\",\"https:\\\/\\\/www.linkedin.com\\\/company\\\/breinco-esp\\\/\"]}]}<\/script>\n<!-- \/ Yoast SEO plugin. -->","yoast_head_json":{"title":"Filosofia - Breinco","robots":{"index":"index","follow":"follow","max-snippet":"max-snippet:-1","max-image-preview":"max-image-preview:large","max-video-preview":"max-video-preview:-1"},"canonical":"https:\/\/breinco.com\/ca\/filosofia\/","og_locale":"ca_ES","og_type":"article","og_title":"Filosofia - Breinco","og_description":"Som innovaci\u00f3 A Breinco hem creat una nova generaci\u00f3 de productes que neixen del coneixement, de l&#8217;amor i de l\u2019experi\u00e8ncia que hem adquirit al llarg dels anys. Una nova generaci\u00f3 de productes Empresa de mobiliari urb\u00e0 i disseny urban\u00edstic Una nova generaci\u00f3 de productes que milloren el nostre entorn, amb car\u00e0cter i de manera sostenible. [&hellip;]","og_url":"https:\/\/breinco.com\/ca\/filosofia\/","og_site_name":"Breinco","article_publisher":"https:\/\/www.facebook.com\/breincosmart\/","article_modified_time":"2026-04-01T08:54:41+00:00","og_image":[{"width":1300,"height":900,"url":"https:\/\/breinco.com\/wp-content\/uploads\/2025\/11\/filosofia-passeig-st-joan-img.webp","type":"image\/webp"}],"twitter_card":"summary_large_image","twitter_site":"@breincoGroup","twitter_misc":{"Temps estimat de lectura":"2 minuts"},"schema":{"@context":"https:\/\/schema.org","@graph":[{"@type":"WebPage","@id":"https:\/\/breinco.com\/ca\/filosofia\/","url":"https:\/\/breinco.com\/ca\/filosofia\/","name":"Filosofia - Breinco","isPartOf":{"@id":"https:\/\/breinco.com\/ca\/#website"},"primaryImageOfPage":{"@id":"https:\/\/breinco.com\/ca\/filosofia\/#primaryimage"},"image":{"@id":"https:\/\/breinco.com\/ca\/filosofia\/#primaryimage"},"thumbnailUrl":"https:\/\/breinco.com\/wp-content\/uploads\/2025\/11\/filosofia-passeig-st-joan-img.webp","datePublished":"2025-04-01T08:10:24+00:00","dateModified":"2026-04-01T08:54:41+00:00","breadcrumb":{"@id":"https:\/\/breinco.com\/ca\/filosofia\/#breadcrumb"},"inLanguage":"ca","potentialAction":[{"@type":"ReadAction","target":["https:\/\/breinco.com\/ca\/filosofia\/"]}]},{"@type":"ImageObject","inLanguage":"ca","@id":"https:\/\/breinco.com\/ca\/filosofia\/#primaryimage","url":"https:\/\/breinco.com\/wp-content\/uploads\/2025\/11\/filosofia-passeig-st-joan-img.webp","contentUrl":"https:\/\/breinco.com\/wp-content\/uploads\/2025\/11\/filosofia-passeig-st-joan-img.webp"},{"@type":"BreadcrumbList","@id":"https:\/\/breinco.com\/ca\/filosofia\/#breadcrumb","itemListElement":[{"@type":"ListItem","position":1,"name":"Portada","item":"https:\/\/breinco.com\/ca\/"},{"@type":"ListItem","position":2,"name":"Filosofia"}]},{"@type":"WebSite","@id":"https:\/\/breinco.com\/ca\/#website","url":"https:\/\/breinco.com\/ca\/","name":"Breinco","description":"","publisher":{"@id":"https:\/\/breinco.com\/ca\/#organization"},"alternateName":"Urban Furniture, Architecture and Landscaping","potentialAction":[{"@type":"SearchAction","target":{"@type":"EntryPoint","urlTemplate":"https:\/\/breinco.com\/ca\/?s={search_term_string}"},"query-input":{"@type":"PropertyValueSpecification","valueRequired":true,"valueName":"search_term_string"}}],"inLanguage":"ca"},{"@type":"Organization","@id":"https:\/\/breinco.com\/ca\/#organization","name":"Breinco","url":"https:\/\/breinco.com\/ca\/","logo":{"@type":"ImageObject","inLanguage":"ca","@id":"https:\/\/breinco.com\/ca\/#\/schema\/logo\/image\/","url":"https:\/\/breinco.com\/wp-content\/uploads\/2025\/04\/breinco-brand.svg","contentUrl":"https:\/\/breinco.com\/wp-content\/uploads\/2025\/04\/breinco-brand.svg","width":26,"height":58,"caption":"Breinco"},"image":{"@id":"https:\/\/breinco.com\/ca\/#\/schema\/logo\/image\/"},"sameAs":["https:\/\/www.facebook.com\/breincosmart\/","https:\/\/x.com\/breincoGroup","https:\/\/www.instagram.com\/breinco\/","https:\/\/www.linkedin.com\/company\/breinco-esp\/"]}]}},"_links":{"self":[{"href":"https:\/\/breinco.com\/ca\/wp-json\/wp\/v2\/pages\/15257","targetHints":{"allow":["GET"]}}],"collection":[{"href":"https:\/\/breinco.com\/ca\/wp-json\/wp\/v2\/pages"}],"about":[{"href":"https:\/\/breinco.com\/ca\/wp-json\/wp\/v2\/types\/page"}],"author":[{"embeddable":true,"href":"https:\/\/breinco.com\/ca\/wp-json\/wp\/v2\/users\/1"}],"replies":[{"embeddable":true,"href":"https:\/\/breinco.com\/ca\/wp-json\/wp\/v2\/comments?post=15257"}],"version-history":[{"count":5,"href":"https:\/\/breinco.com\/ca\/wp-json\/wp\/v2\/pages\/15257\/revisions"}],"predecessor-version":[{"id":20909,"href":"https:\/\/breinco.com\/ca\/wp-json\/wp\/v2\/pages\/15257\/revisions\/20909"}],"wp:attachment":[{"href":"https:\/\/breinco.com\/ca\/wp-json\/wp\/v2\/media?parent=15257"}],"curies":[{"name":"wp","href":"https:\/\/api.w.org\/{rel}","templated":true}]}}