{"id":15407,"date":"2025-06-01T10:10:14","date_gmt":"2025-06-01T08:10:14","guid":{"rendered":"https:\/\/breinco.com\/sorres-polimeriques\/"},"modified":"2026-03-23T08:35:48","modified_gmt":"2026-03-23T07:35:48","slug":"sorres-polimeriques","status":"publish","type":"page","link":"https:\/\/breinco.com\/ca\/sorres-polimeriques\/","title":{"rendered":"Sorres polim\u00e8riques"},"content":{"rendered":"\t\t<div data-elementor-type=\"wp-page\" data-elementor-id=\"15407\" class=\"elementor elementor-15407 elementor-1716\" data-elementor-post-type=\"page\">\n\t\t\t\t<div class=\"elementor-element elementor-element-a1955de e-flex e-con-boxed e-con e-parent\" data-id=\"a1955de\" data-element_type=\"container\" data-e-type=\"container\">\n\t\t\t\t\t<div class=\"e-con-inner\">\n\t\t<div class=\"elementor-element elementor-element-072b9d2 e-con-full e-flex e-con e-child\" data-id=\"072b9d2\" data-element_type=\"container\" data-e-type=\"container\" data-settings=\"{&quot;background_background&quot;:&quot;classic&quot;}\">\n\t\t\t\t<div class=\"elementor-element elementor-element-c313e8c elementor-widget elementor-widget-heading\" data-id=\"c313e8c\" data-element_type=\"widget\" data-e-type=\"widget\" data-widget_type=\"heading.default\">\n\t\t\t\t\t<h1 class=\"elementor-heading-title elementor-size-default\">DR PLUS i CITY PRO<\/h1>\t\t\t\t<\/div>\n\t\t\t\t<div class=\"elementor-element elementor-element-e8db0c5 elementor-widget elementor-widget-heading\" data-id=\"e8db0c5\" data-element_type=\"widget\" data-e-type=\"widget\" data-widget_type=\"heading.default\">\n\t\t\t\t\t<h2 class=\"elementor-heading-title elementor-size-default\">Sorres polim\u00e8riques per al rejuntat de paviments<\/h2>\t\t\t\t<\/div>\n\t\t\t\t<div class=\"elementor-element elementor-element-b655633 elementor-widget elementor-widget-global elementor-global-18542 elementor-global-1707 elementor-widget-button\" data-id=\"b655633\" data-element_type=\"widget\" data-e-type=\"widget\" data-widget_type=\"button.default\">\n\t\t\t\t\t\t\t\t\t\t<a class=\"elementor-button elementor-button-link elementor-size-sm\" href=\"#elementor-action%3Aaction%3Dpopup%3Aopen%26settings%3DeyJpZCI6MTg1MzYsInRvZ2dsZSI6ZmFsc2V9\">\n\t\t\t\t\t\t<span class=\"elementor-button-content-wrapper\">\n\t\t\t\t\t\t<span class=\"elementor-button-icon\">\n\t\t\t\t<svg xmlns=\"http:\/\/www.w3.org\/2000\/svg\" width=\"17\" height=\"20\" viewBox=\"0 0 17 20\" fill=\"none\"><path fill-rule=\"evenodd\" clip-rule=\"evenodd\" d=\"M0 0.25H6.55645C6.97066 0.25 7.30645 0.585786 7.30645 1C7.30645 1.41421 6.97066 1.75 6.55645 1.75H1.5V18.25H15V10.5C15 10.0858 15.3358 9.75 15.75 9.75C16.1642 9.75 16.5 10.0858 16.5 10.5V19.75H0V0.25ZM9 0.25H15.75C16.1642 0.25 16.5 0.585786 16.5 1V7.75C16.5 8.16421 16.1642 8.5 15.75 8.5C15.3358 8.5 15 8.16421 15 7.75V2.81066L6.28033 11.5303C5.98744 11.8232 5.51256 11.8232 5.21967 11.5303C4.92678 11.2374 4.92678 10.7626 5.21967 10.4697L13.9393 1.75H9C8.58579 1.75 8.25 1.41421 8.25 1C8.25 0.585786 8.58579 0.25 9 0.25Z\" fill=\"white\"><\/path><\/svg>\t\t\t<\/span>\n\t\t\t\t\t\t\t\t\t<span class=\"elementor-button-text\">Sol\u00b7licitar fitxa t\u00e8cnica<\/span>\n\t\t\t\t\t<\/span>\n\t\t\t\t\t<\/a>\n\t\t\t\t\t\t\t\t<\/div>\n\t\t\t\t<\/div>\n\t\t\t\t\t<\/div>\n\t\t\t\t<\/div>\n\t\t<div class=\"elementor-element elementor-element-3d5a183 e-flex e-con-boxed e-con e-parent\" data-id=\"3d5a183\" data-element_type=\"container\" data-e-type=\"container\" data-settings=\"{&quot;background_background&quot;:&quot;classic&quot;}\">\n\t\t\t\t\t<div class=\"e-con-inner\">\n\t\t\t\t<div class=\"elementor-element elementor-element-df69ece elementor-widget elementor-widget-text-editor\" data-id=\"df69ece\" data-element_type=\"widget\" data-e-type=\"widget\" data-widget_type=\"text-editor.default\">\n\t\t\t\t\t\t\t\t\t<p>Les sorres polim\u00e8riques DR PLUS i CITY PRO s\u00f3n sorres especialment formulades per al rejuntat de lloses i llambordes que, a difer\u00e8ncia de les sorres normals, s\u2019activen amb aigua i es compacten a l\u2019interior de les juntes.<\/p>\n\t\t\t\t\t\t\t\t<\/div>\n\t\t\t\t\t<\/div>\n\t\t\t\t<\/div>\n\t\t<div class=\"elementor-element elementor-element-ec9b30a e-flex e-con-boxed e-con e-parent\" data-id=\"ec9b30a\" data-element_type=\"container\" data-e-type=\"container\">\n\t\t\t\t\t<div class=\"e-con-inner\">\n\t\t<div class=\"elementor-element elementor-element-02f562a e-grid e-con-full e-con e-child\" data-id=\"02f562a\" data-element_type=\"container\" data-e-type=\"container\">\n\t\t<div class=\"elementor-element elementor-element-f1a31df e-con-full e-flex e-con e-child\" data-id=\"f1a31df\" data-element_type=\"container\" data-e-type=\"container\" data-settings=\"{&quot;background_background&quot;:&quot;classic&quot;}\">\n\t\t\t\t<div class=\"elementor-element elementor-element-7947691 elementor-widget elementor-widget-image\" data-id=\"7947691\" data-element_type=\"widget\" data-e-type=\"widget\" data-widget_type=\"image.default\">\n\t\t\t\t\t\t\t\t\t\t\t\t\t\t\t<img fetchpriority=\"high\" decoding=\"async\" width=\"1801\" height=\"1200\" src=\"https:\/\/breinco.com\/wp-content\/uploads\/2025\/07\/breinco_rejuntado_arenas_polimericas_4.webp\" class=\"attachment-full size-full wp-image-15411\" alt=\"\" srcset=\"https:\/\/breinco.com\/wp-content\/uploads\/2025\/07\/breinco_rejuntado_arenas_polimericas_4.webp 1801w, https:\/\/breinco.com\/wp-content\/uploads\/2025\/07\/breinco_rejuntado_arenas_polimericas_4-300x200.webp 300w, https:\/\/breinco.com\/wp-content\/uploads\/2025\/07\/breinco_rejuntado_arenas_polimericas_4-1024x682.webp 1024w, https:\/\/breinco.com\/wp-content\/uploads\/2025\/07\/breinco_rejuntado_arenas_polimericas_4-768x512.webp 768w, https:\/\/breinco.com\/wp-content\/uploads\/2025\/07\/breinco_rejuntado_arenas_polimericas_4-1536x1023.webp 1536w\" sizes=\"(max-width: 1801px) 100vw, 1801px\" \/>\t\t\t\t\t\t\t\t\t\t\t\t\t\t\t<\/div>\n\t\t\t\t<\/div>\n\t\t<div class=\"elementor-element elementor-element-697561c e-con-full e-flex e-con e-child\" data-id=\"697561c\" data-element_type=\"container\" data-e-type=\"container\">\n\t\t\t\t<div class=\"elementor-element elementor-element-fdb1548 elementor-widget elementor-widget-heading\" data-id=\"fdb1548\" data-element_type=\"widget\" data-e-type=\"widget\" data-widget_type=\"heading.default\">\n\t\t\t\t\t<h2 class=\"elementor-heading-title elementor-size-default\">Rejuntat<\/h2>\t\t\t\t<\/div>\n\t\t\t\t<div class=\"elementor-element elementor-element-a182276 elementor-widget elementor-widget-text-editor\" data-id=\"a182276\" data-element_type=\"widget\" data-e-type=\"widget\" data-widget_type=\"text-editor.default\">\n\t\t\t\t\t\t\t\t\t<h3><img decoding=\"async\" class=\"alignnone wp-image-1966\" src=\"https:\/\/breinco.com\/wp-content\/uploads\/2025\/07\/trafico-rodado-ligero-150x150-1.png\" alt=\"\" width=\"52\" height=\"52\" \/><br \/>\nDR PLUS per a tr\u00e0nsit lleuger<\/h3>\n<p>Sorra polim\u00e8rica formulada per a \u00fas per a vianants o tr\u00e0nsit rodat lleuger (de 0 a 10 vehicles de m\u00e9s de 3.500\u202fkg al dia) i a velocitat redu\u00efda (m\u00e0x. 30\u202fkm\/h), en paviments amb juntes d\u2019entre 2\u202fmm i 20\u202fmm d\u2019ample, i un gruix m\u00ednim de 3,5\u202fcm a les lloses o 5\u202fcm a les llambordes.<\/p>\n\t\t\t\t\t\t\t\t<\/div>\n\t\t\t\t<div class=\"elementor-element elementor-element-ce832c0 elementor-widget elementor-widget-global elementor-global-18542 elementor-global-1707 elementor-widget-button\" data-id=\"ce832c0\" data-element_type=\"widget\" data-e-type=\"widget\" data-widget_type=\"button.default\">\n\t\t\t\t\t\t\t\t\t\t<a class=\"elementor-button elementor-button-link elementor-size-sm\" href=\"#elementor-action%3Aaction%3Dpopup%3Aopen%26settings%3DeyJpZCI6MTg1MzYsInRvZ2dsZSI6ZmFsc2V9\">\n\t\t\t\t\t\t<span class=\"elementor-button-content-wrapper\">\n\t\t\t\t\t\t<span class=\"elementor-button-icon\">\n\t\t\t\t<svg xmlns=\"http:\/\/www.w3.org\/2000\/svg\" width=\"17\" height=\"20\" viewBox=\"0 0 17 20\" fill=\"none\"><path fill-rule=\"evenodd\" clip-rule=\"evenodd\" d=\"M0 0.25H6.55645C6.97066 0.25 7.30645 0.585786 7.30645 1C7.30645 1.41421 6.97066 1.75 6.55645 1.75H1.5V18.25H15V10.5C15 10.0858 15.3358 9.75 15.75 9.75C16.1642 9.75 16.5 10.0858 16.5 10.5V19.75H0V0.25ZM9 0.25H15.75C16.1642 0.25 16.5 0.585786 16.5 1V7.75C16.5 8.16421 16.1642 8.5 15.75 8.5C15.3358 8.5 15 8.16421 15 7.75V2.81066L6.28033 11.5303C5.98744 11.8232 5.51256 11.8232 5.21967 11.5303C4.92678 11.2374 4.92678 10.7626 5.21967 10.4697L13.9393 1.75H9C8.58579 1.75 8.25 1.41421 8.25 1C8.25 0.585786 8.58579 0.25 9 0.25Z\" fill=\"white\"><\/path><\/svg>\t\t\t<\/span>\n\t\t\t\t\t\t\t\t\t<span class=\"elementor-button-text\">Sol\u00b7licitar fitxa t\u00e8cnica<\/span>\n\t\t\t\t\t<\/span>\n\t\t\t\t\t<\/a>\n\t\t\t\t\t\t\t\t<\/div>\n\t\t\t\t<\/div>\n\t\t\t\t<\/div>\n\t\t<div class=\"elementor-element elementor-element-f379073 e-grid e-con-full e-con e-child\" data-id=\"f379073\" data-element_type=\"container\" data-e-type=\"container\">\n\t\t<div class=\"elementor-element elementor-element-828f9d7 e-con-full e-flex e-con e-child\" data-id=\"828f9d7\" data-element_type=\"container\" data-e-type=\"container\">\n\t\t\t\t<div class=\"elementor-element elementor-element-6f11da4 elementor-widget elementor-widget-heading\" data-id=\"6f11da4\" data-element_type=\"widget\" data-e-type=\"widget\" data-widget_type=\"heading.default\">\n\t\t\t\t\t<h2 class=\"elementor-heading-title elementor-size-default\">Rejuntat<\/h2>\t\t\t\t<\/div>\n\t\t\t\t<div class=\"elementor-element elementor-element-e265a52 elementor-widget elementor-widget-text-editor\" data-id=\"e265a52\" data-element_type=\"widget\" data-e-type=\"widget\" data-widget_type=\"text-editor.default\">\n\t\t\t\t\t\t\t\t\t<h3><img decoding=\"async\" class=\"alignnone wp-image-1965 \" src=\"https:\/\/breinco.com\/wp-content\/uploads\/2025\/07\/trafico-rodado-pesado-150x150-1.png\" alt=\"\" width=\"62\" height=\"62\" \/><br \/>CITY PRO per a tr\u00e0nsit intens<\/h3>\n<p>Sorra polim\u00e8rica formulada per a tr\u00e0nsit rodat intens (d\u201911 a 300 vehicles de m\u00e9s de 3.500\u202fkg al dia) i a velocitat redu\u00efda (m\u00e0x. 30\u202fkm\/h), en paviments amb juntes d\u2019entre 4\u202fmm i 20\u202fmm d\u2019ample, i un gruix m\u00ednim de 8\u202fcm.<\/p>\n\t\t\t\t\t\t\t\t<\/div>\n\t\t\t\t<div class=\"elementor-element elementor-element-2a4bd69 elementor-widget elementor-widget-global elementor-global-18542 elementor-global-1707 elementor-widget-button\" data-id=\"2a4bd69\" data-element_type=\"widget\" data-e-type=\"widget\" data-widget_type=\"button.default\">\n\t\t\t\t\t\t\t\t\t\t<a class=\"elementor-button elementor-button-link elementor-size-sm\" href=\"#elementor-action%3Aaction%3Dpopup%3Aopen%26settings%3DeyJpZCI6MTg1MzYsInRvZ2dsZSI6ZmFsc2V9\">\n\t\t\t\t\t\t<span class=\"elementor-button-content-wrapper\">\n\t\t\t\t\t\t<span class=\"elementor-button-icon\">\n\t\t\t\t<svg xmlns=\"http:\/\/www.w3.org\/2000\/svg\" width=\"17\" height=\"20\" viewBox=\"0 0 17 20\" fill=\"none\"><path fill-rule=\"evenodd\" clip-rule=\"evenodd\" d=\"M0 0.25H6.55645C6.97066 0.25 7.30645 0.585786 7.30645 1C7.30645 1.41421 6.97066 1.75 6.55645 1.75H1.5V18.25H15V10.5C15 10.0858 15.3358 9.75 15.75 9.75C16.1642 9.75 16.5 10.0858 16.5 10.5V19.75H0V0.25ZM9 0.25H15.75C16.1642 0.25 16.5 0.585786 16.5 1V7.75C16.5 8.16421 16.1642 8.5 15.75 8.5C15.3358 8.5 15 8.16421 15 7.75V2.81066L6.28033 11.5303C5.98744 11.8232 5.51256 11.8232 5.21967 11.5303C4.92678 11.2374 4.92678 10.7626 5.21967 10.4697L13.9393 1.75H9C8.58579 1.75 8.25 1.41421 8.25 1C8.25 0.585786 8.58579 0.25 9 0.25Z\" fill=\"white\"><\/path><\/svg>\t\t\t<\/span>\n\t\t\t\t\t\t\t\t\t<span class=\"elementor-button-text\">Sol\u00b7licitar fitxa t\u00e8cnica<\/span>\n\t\t\t\t\t<\/span>\n\t\t\t\t\t<\/a>\n\t\t\t\t\t\t\t\t<\/div>\n\t\t\t\t<\/div>\n\t\t<div class=\"elementor-element elementor-element-14f85fb e-con-full e-flex e-con e-child\" data-id=\"14f85fb\" data-element_type=\"container\" data-e-type=\"container\" data-settings=\"{&quot;background_background&quot;:&quot;classic&quot;}\">\n\t\t\t\t<div class=\"elementor-element elementor-element-b5c5d71 elementor-widget elementor-widget-image\" data-id=\"b5c5d71\" data-element_type=\"widget\" data-e-type=\"widget\" data-widget_type=\"image.default\">\n\t\t\t\t\t\t\t\t\t\t\t\t\t\t\t<img loading=\"lazy\" decoding=\"async\" width=\"1801\" height=\"1200\" src=\"https:\/\/breinco.com\/wp-content\/uploads\/2025\/07\/breinco_rejuntado_arenas_polimericas.webp\" class=\"attachment-full size-full wp-image-15412\" alt=\"\" srcset=\"https:\/\/breinco.com\/wp-content\/uploads\/2025\/07\/breinco_rejuntado_arenas_polimericas.webp 1801w, https:\/\/breinco.com\/wp-content\/uploads\/2025\/07\/breinco_rejuntado_arenas_polimericas-300x200.webp 300w, https:\/\/breinco.com\/wp-content\/uploads\/2025\/07\/breinco_rejuntado_arenas_polimericas-1024x682.webp 1024w, https:\/\/breinco.com\/wp-content\/uploads\/2025\/07\/breinco_rejuntado_arenas_polimericas-768x512.webp 768w, https:\/\/breinco.com\/wp-content\/uploads\/2025\/07\/breinco_rejuntado_arenas_polimericas-1536x1023.webp 1536w\" sizes=\"(max-width: 1801px) 100vw, 1801px\" \/>\t\t\t\t\t\t\t\t\t\t\t\t\t\t\t<\/div>\n\t\t\t\t<\/div>\n\t\t\t\t<\/div>\n\t\t\t\t\t<\/div>\n\t\t\t\t<\/div>\n\t\t<div class=\"elementor-element elementor-element-c63ef31 e-flex e-con-boxed e-con e-parent\" data-id=\"c63ef31\" data-element_type=\"container\" data-e-type=\"container\" data-settings=\"{&quot;background_background&quot;:&quot;classic&quot;}\">\n\t\t\t\t\t<div class=\"e-con-inner\">\n\t\t\t\t<div class=\"elementor-element elementor-element-7a031e8 elementor-widget elementor-widget-text-editor\" data-id=\"7a031e8\" data-element_type=\"widget\" data-e-type=\"widget\" data-widget_type=\"text-editor.default\">\n\t\t\t\t\t\t\t\t\t<h3>Propietats DR PLUS i CITY PRO<\/h3>\n<p><\/p>\n<ul>\n<li>S\u2019apliquen en sec, s\u2019activen amb aigua i s\u2019endureixen despr\u00e9s d\u2019assecar-se.<\/li>\n<li>La seva instal\u00b7laci\u00f3 \u00e9s f\u00e0cil, r\u00e0pida i neta.<\/li>\n<li>Resisteixen l\u2019erosi\u00f3 causada per l\u2019aigua, les gelades, el vent i la neteja habitual dels carrers.<\/li>\n<li>Prev\u00e9nen el creixement de males herbes, la invasi\u00f3 d\u2019insectes i eviten l\u2019aparici\u00f3 d\u2019efloresc\u00e8ncies.<\/li>\n<li>S\u00f3n aptes tant per al rejuntat de paviments nous com per a la renovaci\u00f3 de juntes en paviments existents rejuntats amb sorra.<\/li>\n<li>Un cop consolidades, es mantenen flexibles amb el pas del temps i s\u2019adapten a les deformacions del paviment.<\/li>\n<\/ul>\n\t\t\t\t\t\t\t\t<\/div>\n\t\t<div class=\"elementor-element elementor-element-524587d e-con-full e-flex e-con e-child\" data-id=\"524587d\" data-element_type=\"container\" data-e-type=\"container\">\n\t\t\t\t<div class=\"elementor-element elementor-element-afb90f0 elementor-widget elementor-widget-text-editor\" data-id=\"afb90f0\" data-element_type=\"widget\" data-e-type=\"widget\" data-widget_type=\"text-editor.default\">\n\t\t\t\t\t\t\t\t\t<p>S\u00f3n resistents a la pluja inesperada 90\u202fminuts despr\u00e9s d\u2019haver realitzat l\u2019activaci\u00f3 amb aigua del rejuntat.<\/p>\n\t\t\t\t\t\t\t\t<\/div>\n\t\t\t\t<div class=\"elementor-element elementor-element-cf0ba06 elementor-widget elementor-widget-image\" data-id=\"cf0ba06\" data-element_type=\"widget\" data-e-type=\"widget\" data-widget_type=\"image.default\">\n\t\t\t\t\t\t\t\t\t\t\t\t\t\t\t<img loading=\"lazy\" decoding=\"async\" width=\"229\" height=\"193\" src=\"https:\/\/breinco.com\/wp-content\/uploads\/2025\/07\/ico-rejuntado-90min.svg\" class=\"attachment-large size-large wp-image-15408\" alt=\"\" \/>\t\t\t\t\t\t\t\t\t\t\t\t\t\t\t<\/div>\n\t\t\t\t<\/div>\n\t\t\t\t\t<\/div>\n\t\t\t\t<\/div>\n\t\t\t\t<\/div>\n\t\t","protected":false},"excerpt":{"rendered":"<p>DR PLUS i CITY PRO Sorres polim\u00e8riques per al rejuntat de paviments Solicitar ficha t\u00e9cnica Les sorres polim\u00e8riques DR PLUS i CITY PRO s\u00f3n sorres especialment formulades per al rejuntat de lloses i llambordes que, a difer\u00e8ncia de les sorres normals, s\u2019activen amb aigua i es compacten a l\u2019interior de les juntes. Rejuntat DR PLUS [&hellip;]<\/p>\n","protected":false},"author":1,"featured_media":0,"parent":0,"menu_order":0,"comment_status":"closed","ping_status":"closed","template":"elementor_header_footer","meta":{"_acf_changed":false,"footnotes":""},"class_list":["post-15407","page","type-page","status-publish","hentry"],"acf":[],"yoast_head":"<!-- This site is optimized with the Yoast SEO plugin v27.3 - https:\/\/yoast.com\/product\/yoast-seo-wordpress\/ -->\n<title>Sorres polim\u00e8riques - Breinco<\/title>\n<meta name=\"robots\" content=\"index, follow, max-snippet:-1, max-image-preview:large, max-video-preview:-1\" \/>\n<link rel=\"canonical\" href=\"https:\/\/breinco.com\/ca\/sorres-polimeriques\/\" \/>\n<meta property=\"og:locale\" content=\"ca_ES\" \/>\n<meta property=\"og:type\" content=\"article\" \/>\n<meta property=\"og:title\" content=\"Sorres polim\u00e8riques - Breinco\" \/>\n<meta property=\"og:description\" content=\"DR PLUS i CITY PRO Sorres polim\u00e8riques per al rejuntat de paviments Solicitar ficha t\u00e9cnica Les sorres polim\u00e8riques DR PLUS i CITY PRO s\u00f3n sorres especialment formulades per al rejuntat de lloses i llambordes que, a difer\u00e8ncia de les sorres normals, s\u2019activen amb aigua i es compacten a l\u2019interior de les juntes. Rejuntat DR PLUS [&hellip;]\" \/>\n<meta property=\"og:url\" content=\"https:\/\/breinco.com\/ca\/sorres-polimeriques\/\" \/>\n<meta property=\"og:site_name\" content=\"Breinco\" \/>\n<meta property=\"article:publisher\" content=\"https:\/\/www.facebook.com\/breincosmart\/\" \/>\n<meta property=\"article:modified_time\" content=\"2026-03-23T07:35:48+00:00\" \/>\n<meta property=\"og:image\" content=\"https:\/\/breinco.com\/wp-content\/uploads\/2025\/07\/breinco_rejuntado_arenas_polimericas_4.webp\" \/>\n\t<meta property=\"og:image:width\" content=\"1801\" \/>\n\t<meta property=\"og:image:height\" content=\"1200\" \/>\n\t<meta property=\"og:image:type\" content=\"image\/webp\" \/>\n<meta name=\"twitter:card\" content=\"summary_large_image\" \/>\n<meta name=\"twitter:site\" content=\"@breincoGroup\" \/>\n<meta name=\"twitter:label1\" content=\"Temps estimat de lectura\" \/>\n\t<meta name=\"twitter:data1\" content=\"2 minuts\" \/>\n<script type=\"application\/ld+json\" class=\"yoast-schema-graph\">{\"@context\":\"https:\\\/\\\/schema.org\",\"@graph\":[{\"@type\":\"WebPage\",\"@id\":\"https:\\\/\\\/breinco.com\\\/ca\\\/sorres-polimeriques\\\/\",\"url\":\"https:\\\/\\\/breinco.com\\\/ca\\\/sorres-polimeriques\\\/\",\"name\":\"Sorres polim\u00e8riques - Breinco\",\"isPartOf\":{\"@id\":\"https:\\\/\\\/breinco.com\\\/ca\\\/#website\"},\"primaryImageOfPage\":{\"@id\":\"https:\\\/\\\/breinco.com\\\/ca\\\/sorres-polimeriques\\\/#primaryimage\"},\"image\":{\"@id\":\"https:\\\/\\\/breinco.com\\\/ca\\\/sorres-polimeriques\\\/#primaryimage\"},\"thumbnailUrl\":\"https:\\\/\\\/breinco.com\\\/wp-content\\\/uploads\\\/2025\\\/07\\\/breinco_rejuntado_arenas_polimericas_4.webp\",\"datePublished\":\"2025-06-01T08:10:14+00:00\",\"dateModified\":\"2026-03-23T07:35:48+00:00\",\"breadcrumb\":{\"@id\":\"https:\\\/\\\/breinco.com\\\/ca\\\/sorres-polimeriques\\\/#breadcrumb\"},\"inLanguage\":\"ca\",\"potentialAction\":[{\"@type\":\"ReadAction\",\"target\":[\"https:\\\/\\\/breinco.com\\\/ca\\\/sorres-polimeriques\\\/\"]}]},{\"@type\":\"ImageObject\",\"inLanguage\":\"ca\",\"@id\":\"https:\\\/\\\/breinco.com\\\/ca\\\/sorres-polimeriques\\\/#primaryimage\",\"url\":\"https:\\\/\\\/breinco.com\\\/wp-content\\\/uploads\\\/2025\\\/07\\\/breinco_rejuntado_arenas_polimericas_4.webp\",\"contentUrl\":\"https:\\\/\\\/breinco.com\\\/wp-content\\\/uploads\\\/2025\\\/07\\\/breinco_rejuntado_arenas_polimericas_4.webp\"},{\"@type\":\"BreadcrumbList\",\"@id\":\"https:\\\/\\\/breinco.com\\\/ca\\\/sorres-polimeriques\\\/#breadcrumb\",\"itemListElement\":[{\"@type\":\"ListItem\",\"position\":1,\"name\":\"Portada\",\"item\":\"https:\\\/\\\/breinco.com\\\/ca\\\/\"},{\"@type\":\"ListItem\",\"position\":2,\"name\":\"Sorres polim\u00e8riques\"}]},{\"@type\":\"WebSite\",\"@id\":\"https:\\\/\\\/breinco.com\\\/ca\\\/#website\",\"url\":\"https:\\\/\\\/breinco.com\\\/ca\\\/\",\"name\":\"Breinco\",\"description\":\"\",\"publisher\":{\"@id\":\"https:\\\/\\\/breinco.com\\\/ca\\\/#organization\"},\"alternateName\":\"Urban Furniture, Architecture and Landscaping\",\"potentialAction\":[{\"@type\":\"SearchAction\",\"target\":{\"@type\":\"EntryPoint\",\"urlTemplate\":\"https:\\\/\\\/breinco.com\\\/ca\\\/?s={search_term_string}\"},\"query-input\":{\"@type\":\"PropertyValueSpecification\",\"valueRequired\":true,\"valueName\":\"search_term_string\"}}],\"inLanguage\":\"ca\"},{\"@type\":\"Organization\",\"@id\":\"https:\\\/\\\/breinco.com\\\/ca\\\/#organization\",\"name\":\"Breinco\",\"url\":\"https:\\\/\\\/breinco.com\\\/ca\\\/\",\"logo\":{\"@type\":\"ImageObject\",\"inLanguage\":\"ca\",\"@id\":\"https:\\\/\\\/breinco.com\\\/ca\\\/#\\\/schema\\\/logo\\\/image\\\/\",\"url\":\"https:\\\/\\\/breinco.com\\\/wp-content\\\/uploads\\\/2025\\\/04\\\/breinco-brand.svg\",\"contentUrl\":\"https:\\\/\\\/breinco.com\\\/wp-content\\\/uploads\\\/2025\\\/04\\\/breinco-brand.svg\",\"width\":26,\"height\":58,\"caption\":\"Breinco\"},\"image\":{\"@id\":\"https:\\\/\\\/breinco.com\\\/ca\\\/#\\\/schema\\\/logo\\\/image\\\/\"},\"sameAs\":[\"https:\\\/\\\/www.facebook.com\\\/breincosmart\\\/\",\"https:\\\/\\\/x.com\\\/breincoGroup\",\"https:\\\/\\\/www.instagram.com\\\/breinco\\\/\",\"https:\\\/\\\/www.linkedin.com\\\/company\\\/breinco-esp\\\/\"]}]}<\/script>\n<!-- \/ Yoast SEO plugin. -->","yoast_head_json":{"title":"Sorres polim\u00e8riques - Breinco","robots":{"index":"index","follow":"follow","max-snippet":"max-snippet:-1","max-image-preview":"max-image-preview:large","max-video-preview":"max-video-preview:-1"},"canonical":"https:\/\/breinco.com\/ca\/sorres-polimeriques\/","og_locale":"ca_ES","og_type":"article","og_title":"Sorres polim\u00e8riques - Breinco","og_description":"DR PLUS i CITY PRO Sorres polim\u00e8riques per al rejuntat de paviments Solicitar ficha t\u00e9cnica Les sorres polim\u00e8riques DR PLUS i CITY PRO s\u00f3n sorres especialment formulades per al rejuntat de lloses i llambordes que, a difer\u00e8ncia de les sorres normals, s\u2019activen amb aigua i es compacten a l\u2019interior de les juntes. Rejuntat DR PLUS [&hellip;]","og_url":"https:\/\/breinco.com\/ca\/sorres-polimeriques\/","og_site_name":"Breinco","article_publisher":"https:\/\/www.facebook.com\/breincosmart\/","article_modified_time":"2026-03-23T07:35:48+00:00","og_image":[{"width":1801,"height":1200,"url":"https:\/\/breinco.com\/wp-content\/uploads\/2025\/07\/breinco_rejuntado_arenas_polimericas_4.webp","type":"image\/webp"}],"twitter_card":"summary_large_image","twitter_site":"@breincoGroup","twitter_misc":{"Temps estimat de lectura":"2 minuts"},"schema":{"@context":"https:\/\/schema.org","@graph":[{"@type":"WebPage","@id":"https:\/\/breinco.com\/ca\/sorres-polimeriques\/","url":"https:\/\/breinco.com\/ca\/sorres-polimeriques\/","name":"Sorres polim\u00e8riques - Breinco","isPartOf":{"@id":"https:\/\/breinco.com\/ca\/#website"},"primaryImageOfPage":{"@id":"https:\/\/breinco.com\/ca\/sorres-polimeriques\/#primaryimage"},"image":{"@id":"https:\/\/breinco.com\/ca\/sorres-polimeriques\/#primaryimage"},"thumbnailUrl":"https:\/\/breinco.com\/wp-content\/uploads\/2025\/07\/breinco_rejuntado_arenas_polimericas_4.webp","datePublished":"2025-06-01T08:10:14+00:00","dateModified":"2026-03-23T07:35:48+00:00","breadcrumb":{"@id":"https:\/\/breinco.com\/ca\/sorres-polimeriques\/#breadcrumb"},"inLanguage":"ca","potentialAction":[{"@type":"ReadAction","target":["https:\/\/breinco.com\/ca\/sorres-polimeriques\/"]}]},{"@type":"ImageObject","inLanguage":"ca","@id":"https:\/\/breinco.com\/ca\/sorres-polimeriques\/#primaryimage","url":"https:\/\/breinco.com\/wp-content\/uploads\/2025\/07\/breinco_rejuntado_arenas_polimericas_4.webp","contentUrl":"https:\/\/breinco.com\/wp-content\/uploads\/2025\/07\/breinco_rejuntado_arenas_polimericas_4.webp"},{"@type":"BreadcrumbList","@id":"https:\/\/breinco.com\/ca\/sorres-polimeriques\/#breadcrumb","itemListElement":[{"@type":"ListItem","position":1,"name":"Portada","item":"https:\/\/breinco.com\/ca\/"},{"@type":"ListItem","position":2,"name":"Sorres polim\u00e8riques"}]},{"@type":"WebSite","@id":"https:\/\/breinco.com\/ca\/#website","url":"https:\/\/breinco.com\/ca\/","name":"Breinco","description":"","publisher":{"@id":"https:\/\/breinco.com\/ca\/#organization"},"alternateName":"Urban Furniture, Architecture and Landscaping","potentialAction":[{"@type":"SearchAction","target":{"@type":"EntryPoint","urlTemplate":"https:\/\/breinco.com\/ca\/?s={search_term_string}"},"query-input":{"@type":"PropertyValueSpecification","valueRequired":true,"valueName":"search_term_string"}}],"inLanguage":"ca"},{"@type":"Organization","@id":"https:\/\/breinco.com\/ca\/#organization","name":"Breinco","url":"https:\/\/breinco.com\/ca\/","logo":{"@type":"ImageObject","inLanguage":"ca","@id":"https:\/\/breinco.com\/ca\/#\/schema\/logo\/image\/","url":"https:\/\/breinco.com\/wp-content\/uploads\/2025\/04\/breinco-brand.svg","contentUrl":"https:\/\/breinco.com\/wp-content\/uploads\/2025\/04\/breinco-brand.svg","width":26,"height":58,"caption":"Breinco"},"image":{"@id":"https:\/\/breinco.com\/ca\/#\/schema\/logo\/image\/"},"sameAs":["https:\/\/www.facebook.com\/breincosmart\/","https:\/\/x.com\/breincoGroup","https:\/\/www.instagram.com\/breinco\/","https:\/\/www.linkedin.com\/company\/breinco-esp\/"]}]}},"_links":{"self":[{"href":"https:\/\/breinco.com\/ca\/wp-json\/wp\/v2\/pages\/15407","targetHints":{"allow":["GET"]}}],"collection":[{"href":"https:\/\/breinco.com\/ca\/wp-json\/wp\/v2\/pages"}],"about":[{"href":"https:\/\/breinco.com\/ca\/wp-json\/wp\/v2\/types\/page"}],"author":[{"embeddable":true,"href":"https:\/\/breinco.com\/ca\/wp-json\/wp\/v2\/users\/1"}],"replies":[{"embeddable":true,"href":"https:\/\/breinco.com\/ca\/wp-json\/wp\/v2\/comments?post=15407"}],"version-history":[{"count":15,"href":"https:\/\/breinco.com\/ca\/wp-json\/wp\/v2\/pages\/15407\/revisions"}],"predecessor-version":[{"id":20737,"href":"https:\/\/breinco.com\/ca\/wp-json\/wp\/v2\/pages\/15407\/revisions\/20737"}],"wp:attachment":[{"href":"https:\/\/breinco.com\/ca\/wp-json\/wp\/v2\/media?parent=15407"}],"curies":[{"name":"wp","href":"https:\/\/api.w.org\/{rel}","templated":true}]}}