{"id":1250,"date":"2025-07-03T18:07:04","date_gmt":"2025-07-03T16:07:04","guid":{"rendered":"https:\/\/dev.breinco.com\/?page_id=1250"},"modified":"2025-07-03T18:09:15","modified_gmt":"2025-07-03T16:09:15","slug":"politica-de-privacidad","status":"publish","type":"page","link":"https:\/\/breinco.com\/es\/politica-de-privacidad\/","title":{"rendered":"Aviso legal y Pol\u00edtica de privacidad"},"content":{"rendered":"\n<div class=\"wp-block-columns is-layout-flex wp-container-core-columns-is-layout-28f84493 wp-block-columns-is-layout-flex\">\n<div class=\"wp-block-column is-layout-flow wp-block-column-is-layout-flow\" style=\"flex-basis:100%\">\n<div class=\"wp-block-columns are-vertically-aligned-top is-layout-flex wp-container-core-columns-is-layout-28f84493 wp-block-columns-is-layout-flex\">\n<div class=\"wp-block-column is-vertically-aligned-top is-layout-flow wp-block-column-is-layout-flow\" style=\"flex-basis:100%\">\n<p><strong>INFORMACI\u00d3N LEGAL LSSIYCE<\/strong><\/p>\n<p>De acuerdo con las obligaciones previstas en la Ley 34\/2002 de Servicios de la Sociedad de la Informaci\u00f3n y del Comercio Electr\u00f3nico (en adelante LSSIYCE) INDUSTRIAL BREINCO S.A con CIF A08946238 y sede en Carretera de Cardedeu a Dosrius, km 6,5 Apartado 68, 08450 Llinars del Vall\u00e8s (Barcelona) y correo electr\u00f3nico <a href=\"mailto:info@breinco.com\">info@breinco.com<\/a> &nbsp;manifiesta que son de su propiedad:<\/p>\n<ul>\n<li>El dominio breinco.com<\/li>\n<\/ul>\n<p>Los perfiles y p\u00e1gina en las siguientes:<\/p>\n<ul>\n<li>Instagram: <a href=\"https:\/\/www.instagram.com\/breinco\/\">https:\/\/www.instagram.com\/breinco\/<\/a><\/li>\n<li>Linkedin: <a href=\"https:\/\/www.linkedin.com\/company\/industrial-breinco-s.a\">https:\/\/www.linkedin.com\/company\/industrial-breinco-s.a<\/a>.<\/li>\n<li>Facebook: <a href=\"https:\/\/www.facebook.com\/breincosmart\/\">https:\/\/www.facebook.com\/breincosmart\/<\/a><\/li>\n<li>Twitter: <a href=\"https:\/\/twitter.com\/breincoGroup\">https:\/\/twitter.com\/breincoGroup<\/a><\/li>\n<li>Youtube: <a href=\"https:\/\/www.youtube.com\/channel\/UC-VbF5-_HrrJWBazNSAeOiQ\">https:\/\/www.youtube.com\/channel\/UC-VbF5-_HrrJWBazNSAeOiQ<\/a><\/li>\n<li>Pinterest: <a href=\"https:\/\/www.pinterest.es\/breinco\/\">https:\/\/www.pinterest.es\/breinco\/<\/a><\/li>\n<\/ul>\n<p>Que INDUSTRIAL BREINCO S.A est\u00e1 inscrita en el Registro Mercantil de de Barcelona, en el folio 95 del tomo 6.037 del archivo, libro 5.330 de la secci\u00f3n 2\u00aa, inscripci\u00f3n 1\u00aa de la hoja n\u00famero 71.216, hoy hoja n\u00famero B-73.993.<\/p>\n<p>Que INDUSTRIAL BREINCO S.A no puede asumir ninguna responsabilidad derivada del uso incorrecto o il\u00edcito de la informaci\u00f3n que aparezca en sus p\u00e1ginas web o presencia online en las diversas redes sociales. Con los l\u00edmites establecido en la ley, INDUSTRIAL BREINCO S.A no asume ninguna responsabilidad por la falta de veracidad, integridad, actualizaci\u00f3n y precisi\u00f3n de los datos o informaciones que se contienen en sus p\u00e1ginas de Internet.<\/p>\n<p>Los contenidos e informaci\u00f3n de las p\u00e1ginas de Internet y redes sociales de INDUSTRIAL BREINCO S.A elaborados por profesionales debidamente cualificados para el ejercicio de su profesi\u00f3n. Sin embargo, los contenidos e informaci\u00f3n no vinculan a la susodicha, ni constituyen opiniones, consejos o asesoramiento legal de ning\u00fan tipo, pues se trata meramente de un servicio ofrecido con car\u00e1cter informativo y divulgativo.<\/p>\n<p>Las p\u00e1ginas de Internet y redes sociales de INDUSTRIAL BREINCO S.A pueden contener enlaces (links) a otras p\u00e1ginas de terceras. Por lo tanto, \u00e9sta no puede asumir responsabilidades por el contenido que pueda aparecer en p\u00e1ginas de terceros. Los textos, im\u00e1genes, sonidos, animaciones, software y el resto de contenidos incluidos en este website son propiedad exclusiva de INDUSTRIAL BREINCO S.A o sus licenciantes. Cualquier acto de transmisi\u00f3n, distribuci\u00f3n, cesi\u00f3n, reproducci\u00f3n, almacenamiento o comunicaci\u00f3n p\u00fablica total o parcial, debe contar con el consentimiento expreso de INDUSTRIAL BREINCO S.A. Cualquier acto de transmisi\u00f3n, distribuci\u00f3n, cesi\u00f3n, reproducci\u00f3n o comunicaci\u00f3n p\u00fablica total o parcial, ha de contar con el consentimiento expreso de INDUSTRIAL BREINCO S.A.<\/p>\n<p>De la misma manera, se reserva el derecho a retirar el acceso al portal sin necesidad de previo aviso a cualquier usuario que contravenga lo dispuesto en el presente aviso legal.<\/p>\n<p><strong>REDES SOCIALES<\/strong><\/p>\n<p>El usuario deber\u00e1 disponer de su perfil en las redes sociales para poder interactuar con INDUSTRIAL BREINCO S.A y que acepte la relaci\u00f3n con nuestra red social. Si as\u00ed se ejecuta, INDUSTRIAL BREINCO S.A tendr\u00e1 acceso al perfil del usuario de acuerdo con los par\u00e1metros estipulados por la propia red social y podr\u00e1 interactuar con \u00e9l mediante el env\u00edo de mensajes, publicaciones, participaci\u00f3n en concursos y sorteos. Si el usuario no desea que INDUSTRIAL BREINCO S.A pueda acceder a su perfil o interrelacionarse con \u00e9l ser\u00e1 necesario que se desvincule del perfil dejando de seguir o eliminar amistad.<\/p>\n<p>Las actuaciones que realice INDUSTRIAL BREINCO S.A podr\u00e1n tener car\u00e1cter informativo y\/o publicitario de sus servicios o productos, considerando que la red social es un medio publicitario, bajo la responsabilidad de INDUSTRIAL BREINCO S.A en cuanto a las publicaciones y comunicaciones que se realicen por estos medios online.<\/p>\n<p>La participaci\u00f3n de los usuarios en concursos, promociones o sorteos implicar\u00e1 que el usuario acepta las bases legales de este concurso, promoci\u00f3n o sorteo que ser\u00e1n publicados en la red social de referencia en el momento oportuno y con su participaci\u00f3n implicar\u00e1 que el usuario ha aceptado las mismas.<\/p>\n<p>Se recuerda a los usuarios que las publicaciones que realicen en las redes sociales estar\u00e1n bajo su responsabilidad y ser\u00e1 necesario que respeten la legislaci\u00f3n y los derechos de terceros que puedan afectar con especial relevancia a los derechos de propiedad intelectual, de protecci\u00f3n de datos y de la propia imagen de terceros, as\u00ed como las normas de las propias redes sociales que consten en los siguientes enlaces:<\/p>\n<ul>\n<li>Instagram : <a href=\"https:\/\/help.instagram.com\/\">https:\/\/help.instagram.com\/<\/a><\/li>\n<li>Linkedin: <a href=\"https:\/\/www.linkedin.com\/legal\/user-agreement\">https:\/\/www.linkedin.com\/legal\/user-agreement<\/a><\/li>\n<li>Facebook: <a href=\"https:\/\/www.facebook.com\/legal\/terms\">https:\/\/www.facebook.com\/legal\/terms<\/a><\/li>\n<li>Twitter: <a href=\"https:\/\/twitter.com\/es\/tos\">https:\/\/twitter.com\/es\/tos<\/a><\/li>\n<li>Youtube: <a href=\"https:\/\/policies.google.com\/privacy?hl=es\">https:\/\/policies.google.com\/privacy?hl=es<\/a><\/li>\n<li>Pinterest: <a href=\"https:\/\/policy.pinterest.com\/es\/privacy-policy\">https:\/\/policy.pinterest.com\/es\/privacy-policy<\/a><\/li>\n<\/ul>\n<p><strong>PROTECCI\u00d3N DE DATOS PERSONALES<\/strong><\/p>\n<p>En virtud de la normativa de protecci\u00f3n de datos de car\u00e1cter personal, por la presente autoriza a que los datos personales facilitados ser\u00e1n tratados bajo la responsabilidad INDUSTRIAL BREINCO S.A y domicilio en Carretera de Cardedeu a Dosrius, km 6,5 Apartado 68, 08450 Llinars del Vall\u00e8s (Barcelona):<\/p>\n<ul>\n<li>Formulario de Solicitud de informaci\u00f3n on-line: Sus datos ser\u00e1n tratados con la finalidad de gestionar su petici\u00f3n y poderle dar respuesta, siendo la prestaci\u00f3n de este servicio el motiva que nos legitima tratar sus datos. Estos datos ser\u00e1n conservados hasta que no se resuelva la petici\u00f3n y no ser\u00e1n transmitidos a terceros.<\/li>\n<li>Formulario de Suscripci\u00f3n a nuestro blog: Sus datos ser\u00e1n tratados con la finalidad de gestionar su suscripci\u00f3n, siendo su consentimiento la base que nos legitima tratar sus datos. Estos datos ser\u00e1n conservados siempre que sea imprescindible y\/o leg\u00edtimo por la finalidad que se captaron y no ser\u00e1n transmitidos a terceros.<\/li>\n<li>Si son tratados en nuestras redes sociales, de acuerdo a lo detallado anteriormente, estas ser\u00e1n tratados con la finalidad de gestionar aquella informaci\u00f3n y datos obtenidos de la interactuaci\u00f3n de los usuarios de las redes sociales con estos perfiles\/ p\u00e1gina. Estos datos son tratados de acuerdo al inter\u00e9s leg\u00edtimo de esta empresa y ser\u00e1n conservados siempre que se mantenga el inter\u00e9s leg\u00edtimo que permiti\u00f3 su tratamiento.<\/li>\n<li>Si son captados a trav\u00e9s de la utilizaci\u00f3n de les cookies anal\u00edticas que previamente ha aceptado al acceder a nuestro sitio web, ser\u00e1n utilizadas con la finalidad de an\u00e1lisis especificadas en la pol\u00edtica de cookies de nuestra web. Sus datos ser\u00e1n objeto de transferencia internacional con los Estados Unidos y conservados durante el plazo necesario para la finalidad detallada en nuestra pol\u00edtica de cookies.<\/li>\n<\/ul>\n<p>En cualquier caso, podr\u00e1 indicar la revocaci\u00f3n del consentimiento dado, si \u00e9sta fue la base que legitim\u00f3 el tratamiento o ejercitar los derechos previstos:<\/p>\n<ul>\n<li><u>De acceso:<\/u> el interesado tiene derecho a saber si el responsable trata datos personales suyos y, si es as\u00ed, tiene derecho a acceder a estos datos, as\u00ed como a obtener informaci\u00f3n al respecto de los tratamientos realizados.<\/li>\n<li><u>Rectificaci\u00f3n:<\/u> Est\u00e1 vinculado al car\u00e1cter de inexactitud o incompleto de los datos. El interesado tiene derecho a rectificar sus datos personales inexactos y que se completen sus datos personales incompletos.<\/li>\n<li><u>Supresi\u00f3n<\/u>: El interesado tiene derecho a obtener la supresi\u00f3n de sus datos personales (\u00abderecho al olvido\u00bb), cuando estos ya no son necesarios para la finalidad para la cual se recogieron, se revoca el consentimiento en el cual se basaba el tratamiento, el interesado se opone al tratamiento, los datos se han tratado il\u00edcitamente, se tienen que suprimir para cumplir una obligaci\u00f3n legal o se han obtenido en relaci\u00f3n con la oferta de servicios de la sociedad de la informaci\u00f3n dirigida a menores.<\/li>\n<li><u>Limitaci\u00f3n del tratamiento<\/u>: es un derecho de la persona interesada consistente en marcar sus datos de car\u00e1cter personal conservados con la finalidad de limitar el tratamiento en el futuro. La limitaci\u00f3n del tratamiento supone que, a petici\u00f3n de la persona interesada, sus datos personales indicados se dejen de tratar.<\/li>\n<li><u>Oposici\u00f3n<\/u>: el interesado tiene derecho a oponerse al tratamiento de sus datos cuando se base en algunos supuestos concretos y se invoque un motivo relacionado con su situaci\u00f3n personal.<\/li>\n<li><u>Portabilidad de los datos:<\/u> el interesado tiene derecho a recibir sus datos personales facilitados al responsable del tratamiento en un formato estructurado, de uso com\u00fan y de lectura mec\u00e1nica, si se basa en el consentimiento o en un contrato o cuando el tratamiento se realiza por medios automatizados.<\/li>\n<li><u>A no ser objeto de decisiones individuales automatizadas:<\/u> el interesado tiene derecho a no ser objeto de una decisi\u00f3n basada en el tratamiento automatizado de sus datos, incluida la elaboraci\u00f3n de perfiles que produzca efectos jur\u00eddicos en \u00e9l o que le afecte negativamente.<\/li>\n<\/ul>\n<p>Estas peticiones ser deber\u00e1n realizar en Carretera de Cardedeu a Dosrius, km 6,5 Apartado 68, 08450 Llinars del Vall\u00e8s (Barcelona) o en <a href=\"mailto:info@breinco.com\">info@breinco.com<\/a>.<\/p>\n<p>Asimismo, tambi\u00e9n podr\u00e1 presentar una reclamaci\u00f3n ante la Agencia Espa\u00f1ola de Protecci\u00f3n de Datos.<\/p>\n<p><strong>PROPIEDAD INDUSTRIAL E INTELECTUAL<\/strong><\/p>\n<p>Esta web es propiedad de INDUSTRIAL BREINCO S.A. Los derechos de Propiedad intelectual y derechos de explotaci\u00f3n y reproducci\u00f3n de esta web, sus p\u00e1ginas, su presencia en redes sociales, pantallas, la informaci\u00f3n que contienen, su apariencia, su dise\u00f1o, as\u00ed como los enlaces (hiperv\u00ednculos) establecidos des de ella a otras p\u00e1ginas web de cualquier centro adscrito u organismo dependiente, son propiedad exclusiva de esta a no ser que expresamente se establezca otra cosa.<\/p>\n<p>Todas las denominaciones, dise\u00f1os y\/o logotipos, as\u00ed como cualquier producto o servicios ofrecidos y reflectados en este sitio web, son marcas comerciales debidamente registradas por INDUSTRIAL BREINCO S.A, por sus subsidiarias y\/o denominadas por terceros.<\/p>\n<p>Cualquier uso indebido del mismo por personas diferentes de su leg\u00edtimo titular y sin el consentimiento expreso e inequ\u00edvoco por parte de este podr\u00e1 ser denunciado y perseguido a trav\u00e9s de todos los medios legales existentes en el ordenamiento jur\u00eddico espa\u00f1ol y\/o comunitario.<\/p>\n<p>Los derechos de propiedad intelectual y marcas comerciales de terceros se destacan convenientemente y han de ser respetados por todo aquel que acceda a esta p\u00e1gina, no siendo responsabilidad de INDUSTRIAL BREINCO S.A el uso que el usuario pueda llevar a cabo referente a este respeto, siendo la \u00fanica responsabilidad sobre su persona.<\/p>\n<p>\u00danicamente para uso personal y privado se permite descargar los contenidos, copiar o imprimir cualquier p\u00e1gina de esta web y redes sociales. Queda prohibido reproducir, transmitir, modificar o eliminar la informaci\u00f3n contenido o advertencias de este sitio web sin la autorizaci\u00f3n previa por escrito de INDUSTRIAL BREINCO S.A.<\/p>\n<p>INDUSTRIAL BREINCO S.A no transfiere a los usuarios la propiedad de su software. El usuario es el propietario del medio en el que se graba el software. INDUSTRIAL BREINCO S.A posee todos los derechos de propiedad industrial y intelectual, incluyendo el software. Si el usuario transfiere software de este sitio web a su terminal, no podr\u00e1 diseccionar por su estudio y descompilar, traducir la versi\u00f3n del c\u00f3digo objeto original o su idioma u otro c\u00f3digo o idioma.<\/p>\n<p><strong>LEY APLICABLE Y JURISDICCI\u00d3N<\/strong><\/p>\n<p>Las presentes condiciones generales se rigen por la Legislaci\u00f3n espa\u00f1ola, siendo competentes los Juzgados y Tribunales espa\u00f1oles para conocer de cuantas cuestiones se susciten sobre la interpretaci\u00f3n, aplicaci\u00f3n y cumplimiento de las mismas. El usuario, por virtud de su aceptaci\u00f3n a las condiciones generales recogidas en este aviso legal y siempre que esta sumisi\u00f3n sea posible, renuncia expresamente a cualquier fuero que, por aplicaci\u00f3n de la Ley de Enjuiciamiento Civil vigente pudiera corresponderle.<\/p>\n\n<\/div>\n<\/div>\n<\/div>\n<\/div>\n","protected":false},"excerpt":{"rendered":"<p>INFORMACI\u00d3N LEGAL LSSIYCE De acuerdo con las obligaciones previstas en la Ley 34\/2002 de Servicios de la Sociedad de la Informaci\u00f3n y del Comercio Electr\u00f3nico (en adelante LSSIYCE) INDUSTRIAL BREINCO S.A con CIF A08946238 y sede en Carretera de Cardedeu a Dosrius, km 6,5 Apartado 68, 08450 Llinars del Vall\u00e8s (Barcelona) y correo electr\u00f3nico info@breinco.com [&hellip;]<\/p>\n","protected":false},"author":1,"featured_media":0,"parent":0,"menu_order":0,"comment_status":"closed","ping_status":"closed","template":"","meta":{"_acf_changed":false,"footnotes":""},"class_list":["post-1250","page","type-page","status-publish","hentry"],"acf":[],"yoast_head":"<!-- This site is optimized with the Yoast SEO plugin v27.3 - https:\/\/yoast.com\/product\/yoast-seo-wordpress\/ -->\n<title>Aviso legal y Pol\u00edtica de privacidad - Breinco<\/title>\n<meta name=\"robots\" content=\"index, follow, max-snippet:-1, max-image-preview:large, max-video-preview:-1\" \/>\n<link rel=\"canonical\" href=\"https:\/\/breinco.com\/es\/politica-de-privacidad\/\" \/>\n<meta property=\"og:locale\" content=\"es_ES\" \/>\n<meta property=\"og:type\" content=\"article\" \/>\n<meta property=\"og:title\" content=\"Aviso legal y Pol\u00edtica de privacidad - Breinco\" \/>\n<meta property=\"og:description\" content=\"INFORMACI\u00d3N LEGAL LSSIYCE De acuerdo con las obligaciones previstas en la Ley 34\/2002 de Servicios de la Sociedad de la Informaci\u00f3n y del Comercio Electr\u00f3nico (en adelante LSSIYCE) INDUSTRIAL BREINCO S.A con CIF A08946238 y sede en Carretera de Cardedeu a Dosrius, km 6,5 Apartado 68, 08450 Llinars del Vall\u00e8s (Barcelona) y correo electr\u00f3nico info@breinco.com [&hellip;]\" \/>\n<meta property=\"og:url\" content=\"https:\/\/breinco.com\/es\/politica-de-privacidad\/\" \/>\n<meta property=\"og:site_name\" content=\"Breinco\" \/>\n<meta property=\"article:publisher\" content=\"https:\/\/www.facebook.com\/breincosmart\/\" \/>\n<meta property=\"article:modified_time\" content=\"2025-07-03T16:09:15+00:00\" \/>\n<meta property=\"og:image\" content=\"https:\/\/breinco.com\/wp-content\/uploads\/2026\/02\/breinco-feat-img.webp\" \/>\n\t<meta property=\"og:image:width\" content=\"1200\" \/>\n\t<meta property=\"og:image:height\" content=\"800\" \/>\n\t<meta property=\"og:image:type\" content=\"image\/webp\" \/>\n<meta name=\"twitter:card\" content=\"summary_large_image\" \/>\n<meta name=\"twitter:site\" content=\"@breincoGroup\" \/>\n<meta name=\"twitter:label1\" content=\"Tiempo de lectura\" \/>\n\t<meta name=\"twitter:data1\" content=\"8 minutos\" \/>\n<script type=\"application\/ld+json\" class=\"yoast-schema-graph\">{\"@context\":\"https:\\\/\\\/schema.org\",\"@graph\":[{\"@type\":\"WebPage\",\"@id\":\"https:\\\/\\\/breinco.com\\\/es\\\/politica-de-privacidad\\\/\",\"url\":\"https:\\\/\\\/breinco.com\\\/es\\\/politica-de-privacidad\\\/\",\"name\":\"Aviso legal y Pol\u00edtica de privacidad - Breinco\",\"isPartOf\":{\"@id\":\"https:\\\/\\\/breinco.com\\\/es\\\/#website\"},\"datePublished\":\"2025-07-03T16:07:04+00:00\",\"dateModified\":\"2025-07-03T16:09:15+00:00\",\"breadcrumb\":{\"@id\":\"https:\\\/\\\/breinco.com\\\/es\\\/politica-de-privacidad\\\/#breadcrumb\"},\"inLanguage\":\"es\",\"potentialAction\":[{\"@type\":\"ReadAction\",\"target\":[\"https:\\\/\\\/breinco.com\\\/es\\\/politica-de-privacidad\\\/\"]}]},{\"@type\":\"BreadcrumbList\",\"@id\":\"https:\\\/\\\/breinco.com\\\/es\\\/politica-de-privacidad\\\/#breadcrumb\",\"itemListElement\":[{\"@type\":\"ListItem\",\"position\":1,\"name\":\"Portada\",\"item\":\"https:\\\/\\\/breinco.com\\\/es\\\/\"},{\"@type\":\"ListItem\",\"position\":2,\"name\":\"Aviso legal y Pol\u00edtica de privacidad\"}]},{\"@type\":\"WebSite\",\"@id\":\"https:\\\/\\\/breinco.com\\\/es\\\/#website\",\"url\":\"https:\\\/\\\/breinco.com\\\/es\\\/\",\"name\":\"Breinco\",\"description\":\"\",\"publisher\":{\"@id\":\"https:\\\/\\\/breinco.com\\\/es\\\/#organization\"},\"alternateName\":\"Urban Furniture, Architecture and Landscaping\",\"potentialAction\":[{\"@type\":\"SearchAction\",\"target\":{\"@type\":\"EntryPoint\",\"urlTemplate\":\"https:\\\/\\\/breinco.com\\\/es\\\/?s={search_term_string}\"},\"query-input\":{\"@type\":\"PropertyValueSpecification\",\"valueRequired\":true,\"valueName\":\"search_term_string\"}}],\"inLanguage\":\"es\"},{\"@type\":\"Organization\",\"@id\":\"https:\\\/\\\/breinco.com\\\/es\\\/#organization\",\"name\":\"Breinco\",\"url\":\"https:\\\/\\\/breinco.com\\\/es\\\/\",\"logo\":{\"@type\":\"ImageObject\",\"inLanguage\":\"es\",\"@id\":\"https:\\\/\\\/breinco.com\\\/es\\\/#\\\/schema\\\/logo\\\/image\\\/\",\"url\":\"https:\\\/\\\/breinco.com\\\/wp-content\\\/uploads\\\/2025\\\/04\\\/breinco-brand.svg\",\"contentUrl\":\"https:\\\/\\\/breinco.com\\\/wp-content\\\/uploads\\\/2025\\\/04\\\/breinco-brand.svg\",\"width\":26,\"height\":58,\"caption\":\"Breinco\"},\"image\":{\"@id\":\"https:\\\/\\\/breinco.com\\\/es\\\/#\\\/schema\\\/logo\\\/image\\\/\"},\"sameAs\":[\"https:\\\/\\\/www.facebook.com\\\/breincosmart\\\/\",\"https:\\\/\\\/x.com\\\/breincoGroup\",\"https:\\\/\\\/www.instagram.com\\\/breinco\\\/\",\"https:\\\/\\\/www.linkedin.com\\\/company\\\/breinco-esp\\\/\"]}]}<\/script>\n<!-- \/ Yoast SEO plugin. -->","yoast_head_json":{"title":"Aviso legal y Pol\u00edtica de privacidad - Breinco","robots":{"index":"index","follow":"follow","max-snippet":"max-snippet:-1","max-image-preview":"max-image-preview:large","max-video-preview":"max-video-preview:-1"},"canonical":"https:\/\/breinco.com\/es\/politica-de-privacidad\/","og_locale":"es_ES","og_type":"article","og_title":"Aviso legal y Pol\u00edtica de privacidad - Breinco","og_description":"INFORMACI\u00d3N LEGAL LSSIYCE De acuerdo con las obligaciones previstas en la Ley 34\/2002 de Servicios de la Sociedad de la Informaci\u00f3n y del Comercio Electr\u00f3nico (en adelante LSSIYCE) INDUSTRIAL BREINCO S.A con CIF A08946238 y sede en Carretera de Cardedeu a Dosrius, km 6,5 Apartado 68, 08450 Llinars del Vall\u00e8s (Barcelona) y correo electr\u00f3nico info@breinco.com [&hellip;]","og_url":"https:\/\/breinco.com\/es\/politica-de-privacidad\/","og_site_name":"Breinco","article_publisher":"https:\/\/www.facebook.com\/breincosmart\/","article_modified_time":"2025-07-03T16:09:15+00:00","og_image":[{"width":1200,"height":800,"url":"https:\/\/breinco.com\/wp-content\/uploads\/2026\/02\/breinco-feat-img.webp","type":"image\/webp"}],"twitter_card":"summary_large_image","twitter_site":"@breincoGroup","twitter_misc":{"Tiempo de lectura":"8 minutos"},"schema":{"@context":"https:\/\/schema.org","@graph":[{"@type":"WebPage","@id":"https:\/\/breinco.com\/es\/politica-de-privacidad\/","url":"https:\/\/breinco.com\/es\/politica-de-privacidad\/","name":"Aviso legal y Pol\u00edtica de privacidad - Breinco","isPartOf":{"@id":"https:\/\/breinco.com\/es\/#website"},"datePublished":"2025-07-03T16:07:04+00:00","dateModified":"2025-07-03T16:09:15+00:00","breadcrumb":{"@id":"https:\/\/breinco.com\/es\/politica-de-privacidad\/#breadcrumb"},"inLanguage":"es","potentialAction":[{"@type":"ReadAction","target":["https:\/\/breinco.com\/es\/politica-de-privacidad\/"]}]},{"@type":"BreadcrumbList","@id":"https:\/\/breinco.com\/es\/politica-de-privacidad\/#breadcrumb","itemListElement":[{"@type":"ListItem","position":1,"name":"Portada","item":"https:\/\/breinco.com\/es\/"},{"@type":"ListItem","position":2,"name":"Aviso legal y Pol\u00edtica de privacidad"}]},{"@type":"WebSite","@id":"https:\/\/breinco.com\/es\/#website","url":"https:\/\/breinco.com\/es\/","name":"Breinco","description":"","publisher":{"@id":"https:\/\/breinco.com\/es\/#organization"},"alternateName":"Urban Furniture, Architecture and Landscaping","potentialAction":[{"@type":"SearchAction","target":{"@type":"EntryPoint","urlTemplate":"https:\/\/breinco.com\/es\/?s={search_term_string}"},"query-input":{"@type":"PropertyValueSpecification","valueRequired":true,"valueName":"search_term_string"}}],"inLanguage":"es"},{"@type":"Organization","@id":"https:\/\/breinco.com\/es\/#organization","name":"Breinco","url":"https:\/\/breinco.com\/es\/","logo":{"@type":"ImageObject","inLanguage":"es","@id":"https:\/\/breinco.com\/es\/#\/schema\/logo\/image\/","url":"https:\/\/breinco.com\/wp-content\/uploads\/2025\/04\/breinco-brand.svg","contentUrl":"https:\/\/breinco.com\/wp-content\/uploads\/2025\/04\/breinco-brand.svg","width":26,"height":58,"caption":"Breinco"},"image":{"@id":"https:\/\/breinco.com\/es\/#\/schema\/logo\/image\/"},"sameAs":["https:\/\/www.facebook.com\/breincosmart\/","https:\/\/x.com\/breincoGroup","https:\/\/www.instagram.com\/breinco\/","https:\/\/www.linkedin.com\/company\/breinco-esp\/"]}]}},"_links":{"self":[{"href":"https:\/\/breinco.com\/es\/wp-json\/wp\/v2\/pages\/1250","targetHints":{"allow":["GET"]}}],"collection":[{"href":"https:\/\/breinco.com\/es\/wp-json\/wp\/v2\/pages"}],"about":[{"href":"https:\/\/breinco.com\/es\/wp-json\/wp\/v2\/types\/page"}],"author":[{"embeddable":true,"href":"https:\/\/breinco.com\/es\/wp-json\/wp\/v2\/users\/1"}],"replies":[{"embeddable":true,"href":"https:\/\/breinco.com\/es\/wp-json\/wp\/v2\/comments?post=1250"}],"version-history":[{"count":0,"href":"https:\/\/breinco.com\/es\/wp-json\/wp\/v2\/pages\/1250\/revisions"}],"wp:attachment":[{"href":"https:\/\/breinco.com\/es\/wp-json\/wp\/v2\/media?parent=1250"}],"curies":[{"name":"wp","href":"https:\/\/api.w.org\/{rel}","templated":true}]}}