{"id":1257,"date":"2025-07-03T18:16:56","date_gmt":"2025-07-03T16:16:56","guid":{"rendered":"https:\/\/dev.breinco.com\/?page_id=1257"},"modified":"2026-03-18T17:47:55","modified_gmt":"2026-03-18T16:47:55","slug":"canal-etico","status":"publish","type":"page","link":"https:\/\/breinco.com\/es\/canal-etico\/","title":{"rendered":"Canal \u00e9tico"},"content":{"rendered":"\n<p>En <strong>INDUSTRIAL BREINCO, S.A. <\/strong>creemos firmemente en la importancia de fomentar un entorno seguro, \u00e9tico, de igualdad y de confianza para todos nuestros empleados, clientes y socios en general.<\/p>\n\n\n\n<p>Por esta raz\u00f3n, hemos implementado un s\u00f3lido <strong>Canal \u00c9tico<\/strong>. Un canal donde se puede comunicar cualquier posible incumplimiento o irregularidad en la organizaci\u00f3n, tal como se describe en la <strong>Ley 2\/2023<\/strong>, de 20 de febrero, reguladora de la protecci\u00f3n de las personas que informen sobre infracciones normativas y de lucha contra la corrupci\u00f3n.<\/p>\n\n\n\n<p>\u00bfQU\u00c9 HECHOS SE PUEDEN NOTIFICAR?<\/p>\n\n\n\n<p>Puedes informar a trav\u00e9s del Canal \u00c9tico de aquellos hechos que consideres puedan suponer un incumplimiento de la normativa legal, del C\u00f3digo \u00c9tico o de cualquier normativa interna vigente, como:<\/p>\n\n\n\n<ul class=\"wp-block-list\">\n<li>Conductas relativas al fraude y corrupci\u00f3n.<\/li>\n\n\n\n<li>Conductas relativas a la Seguridad, salud e higiene en el trabajo.<\/li>\n\n\n\n<li>Discriminaci\u00f3n y acoso en el lugar de trabajo.<\/li>\n\n\n\n<li>Conductas relativas a la Seguridad de la informaci\u00f3n, Protecci\u00f3n de datos y Mercados de valores.<\/li>\n\n\n\n<li>Pr\u00e1cticas anticompetitivas.<\/li>\n\n\n\n<li>Conductas contrarias a los derechos humanos o da\u00f1os al medio ambiente.<\/li>\n\n\n\n<li>Otras&nbsp;posibles infracciones penales o administrativas.<\/li>\n<\/ul>\n\n\n\n<p>CARACTER\u00cdSTICAS PRINCIPALES:&nbsp;<\/p>\n\n\n\n<p><strong>Confidencialidad:<\/strong>&nbsp;Entendemos que la confidencialidad es fundamental para alentar a las personas a presentar denuncias. Garantizamos la confidencialidad absoluta en todo el proceso y protegemos la identidad de la persona denunciante en la medida permitida por la ley.&nbsp;Se incluye la posibilidad de realizar la alerta de manera an\u00f3nima.<\/p>\n\n\n\n<p><strong>Proceso de investigaci\u00f3n imparcial:<\/strong>&nbsp;Una vez que se presenta una denuncia, nuestro equipo de expertos, investigar\u00e1 minuciosamente el asunto de manera objetiva y diligente de conformidad con la normativa interna y la legislaci\u00f3n aplicable. A lo largo de todo el proceso se respetar\u00e1n los derechos de los involucrados, en particular la presunci\u00f3n de inocencia.<\/p>\n\n\n\n<p><strong>Protecci\u00f3n contra represalias:<\/strong>&nbsp;No toleramos ninguna forma de represalia contra las personas denunciantes de buena fe. Estamos comprometidos a salvaguardar los derechos y la integridad de aquellos que se atreven a denunciar cualquier irregularidad. Tomaremos medidas disciplinarias apropiadas contra cualquier individuo que tome represalias en contra de un denunciante.<\/p>\n\n\n\n<p><strong>Resoluci\u00f3n y seguimiento:<\/strong>&nbsp;Una vez concluida la investigaci\u00f3n, tomaremos las acciones necesarias para abordar el problema identificado y, cuando sea posible, tomaremos medidas correctivas para prevenir futuras violaciones. Adem\u00e1s, nos comprometemos a mantener informada la persona denunciante sobre el progreso y la resoluci\u00f3n de su denuncia, siempre que sea posible y permitido por la ley.<\/p>\n\n\n\n<p>\u00bfC\u00d3MO ENVIAR UNA COMUNICACI\u00d3N?<\/p>\n\n\n\n<p>Existen 2 opciones.<\/p>\n\n\n\n<ul class=\"wp-block-list\">\n<li><strong>Mediante la app co-resol:<\/strong><\/li>\n<\/ul>\n\n\n\n<figure class=\"wp-block-image size-full\"><img fetchpriority=\"high\" decoding=\"async\" width=\"796\" height=\"600\" src=\"https:\/\/breinco.com\/wp-content\/uploads\/2026\/03\/canal-etico-1-1.jpg\" alt=\"\" class=\"wp-image-20130\" srcset=\"https:\/\/breinco.com\/wp-content\/uploads\/2026\/03\/canal-etico-1-1.jpg 796w, https:\/\/breinco.com\/wp-content\/uploads\/2026\/03\/canal-etico-1-1-300x226.jpg 300w, https:\/\/breinco.com\/wp-content\/uploads\/2026\/03\/canal-etico-1-1-768x579.jpg 768w\" sizes=\"(max-width: 796px) 100vw, 796px\" \/><\/figure>\n\n\n\n<p><strong> <\/strong><\/p>\n\n\n\n<ol class=\"wp-block-list\">\n<li>Desc\u00e1rgate la app&nbsp;co-resol, aceptando las notificaciones. Es gratuita y est\u00e1 disponible en la <a href=\"https:\/\/apple.co\/33e1hKb\" target=\"_blank\" rel=\"noopener\">App Store<\/a> y en <a href=\"http:\/\/bit.ly\/38OHjGM\" target=\"_blank\" rel=\"noopener\">Google Play<\/a>.<\/li>\n\n\n\n<li>Pulsa el bot\u00f3n \u201cHaz un click\u201d y a continuaci\u00f3n introduce el c\u00f3digo&nbsp;<strong>BREINCO<\/strong><\/li>\n\n\n\n<li>Selecciona el bot\u00f3n del canal.<\/li>\n\n\n\n<li>Escribe tu mensaje siendo lo m\u00e1s espec\u00edfico posible. Puedes adjuntar tanto im\u00e1genes como documentaci\u00f3n.<\/li>\n\n\n\n<li>Identif\u00edcate o&nbsp;selecciona la opci\u00f3n de anonimato. En cualquiera de los casos, debes aceptar la Pol\u00edtica de Privacidad.<\/li>\n\n\n\n<li>Una vez hayas efectuado estos pasos, recibir\u00e1s un mensaje como&nbsp;acuse de recibo de tu&nbsp;click.<\/li>\n\n\n\n<li>La comunicaci\u00f3n para el seguimiento del click se realizar\u00e1 mediante un chat seguro (podr\u00e1s acceder al mismo desde el bot\u00f3n de chat de la pantalla de inicio de la app) hasta el cierre del mismo.<\/li>\n<\/ol>\n\n\n\n<ul class=\"wp-block-list\">\n<li><strong>Mediante una p\u00e1gina web:<\/strong><\/li>\n<\/ul>\n\n\n\n<figure class=\"wp-block-image size-full\"><img decoding=\"async\" width=\"649\" height=\"442\" src=\"https:\/\/breinco.com\/wp-content\/uploads\/2026\/03\/canal-etico-2-1.jpg\" alt=\"\" class=\"wp-image-20132\" srcset=\"https:\/\/breinco.com\/wp-content\/uploads\/2026\/03\/canal-etico-2-1.jpg 649w, https:\/\/breinco.com\/wp-content\/uploads\/2026\/03\/canal-etico-2-1-300x204.jpg 300w\" sizes=\"(max-width: 649px) 100vw, 649px\" \/><\/figure>\n\n\n\n<p>Puedes acceder a ella a trav\u00e9s de este enlace:<\/p>\n\n\n\n<figure class=\"wp-block-embed\"><div class=\"wp-block-embed__wrapper\">\nhttps:\/\/co-resol.bcnresol.com\/webclick\n<\/div><\/figure>\n\n\n\n<ol class=\"wp-block-list\">\n<li>Pulsa el bot\u00f3n \u201cHaz un click\u201d y a continuaci\u00f3n introduce el c\u00f3digo&nbsp;<strong>BREINCO<\/strong><\/li>\n\n\n\n<li>Selecciona el bot\u00f3n del canal.<\/li>\n\n\n\n<li>Escribe tu mensaje siendo lo m\u00e1s espec\u00edfico posible. Puedes adjuntar tanto im\u00e1genes como documentaci\u00f3n.<\/li>\n\n\n\n<li>Identif\u00edcate o selecciona la opci\u00f3n de anonimato. En cualquiera de los casos, debes aceptar la Pol\u00edtica de Privacidad.<\/li>\n\n\n\n<li>En este caso, recibir\u00e1s un c\u00f3digo identificador y una contrase\u00f1a \u00fanicos que deber\u00e1s guardar para mantener la comunicaci\u00f3n, a trav\u00e9s de un chat seguro, sobre el estado de tu click.<\/li>\n\n\n\n<li>Cada vez que quieras saber si tienes mensaje nuevo en el chat o quieras aportar m\u00e1s informaci\u00f3n, para asegurar la confidencialidad, debes introducir este c\u00f3digo y contrase\u00f1a en la p\u00e1gina de inicio, en el bot\u00f3n \u201cAcceder a un click anterior\u201d.<\/li>\n<\/ol>\n\n\n\n<p><strong>Importante:<\/strong><\/p>\n\n\n\n<p>Este Canal \u00c9tico no es un servicio de emergencias. No hay que utilizar este canal para informar acerca de situaciones que conlleven una amenaza inmediata. Si necesitas asistencia en una situaci\u00f3n de este tipo, por favor contacta con tus autoridades locales y utiliza los canales definidos a tal efecto.<\/p>\n","protected":false},"excerpt":{"rendered":"<p>En INDUSTRIAL BREINCO, S.A. creemos firmemente en la importancia de fomentar un entorno seguro, \u00e9tico, de igualdad y de confianza para todos nuestros empleados, clientes y socios en general. Por esta raz\u00f3n, hemos implementado un s\u00f3lido Canal \u00c9tico. Un canal donde se puede comunicar cualquier posible incumplimiento o irregularidad en la organizaci\u00f3n, tal como se [&hellip;]<\/p>\n","protected":false},"author":1,"featured_media":0,"parent":0,"menu_order":0,"comment_status":"closed","ping_status":"closed","template":"","meta":{"_acf_changed":false,"footnotes":""},"class_list":["post-1257","page","type-page","status-publish","hentry"],"acf":[],"yoast_head":"<!-- This site is optimized with the Yoast SEO plugin v27.3 - https:\/\/yoast.com\/product\/yoast-seo-wordpress\/ -->\n<title>Canal \u00e9tico - Breinco<\/title>\n<meta name=\"robots\" content=\"index, follow, max-snippet:-1, max-image-preview:large, max-video-preview:-1\" \/>\n<link rel=\"canonical\" href=\"https:\/\/breinco.com\/es\/canal-etico\/\" \/>\n<meta property=\"og:locale\" content=\"es_ES\" \/>\n<meta property=\"og:type\" content=\"article\" \/>\n<meta property=\"og:title\" content=\"Canal \u00e9tico - Breinco\" \/>\n<meta property=\"og:description\" content=\"En INDUSTRIAL BREINCO, S.A. creemos firmemente en la importancia de fomentar un entorno seguro, \u00e9tico, de igualdad y de confianza para todos nuestros empleados, clientes y socios en general. Por esta raz\u00f3n, hemos implementado un s\u00f3lido Canal \u00c9tico. Un canal donde se puede comunicar cualquier posible incumplimiento o irregularidad en la organizaci\u00f3n, tal como se [&hellip;]\" \/>\n<meta property=\"og:url\" content=\"https:\/\/breinco.com\/es\/canal-etico\/\" \/>\n<meta property=\"og:site_name\" content=\"Breinco\" \/>\n<meta property=\"article:publisher\" content=\"https:\/\/www.facebook.com\/breincosmart\/\" \/>\n<meta property=\"article:modified_time\" content=\"2026-03-18T16:47:55+00:00\" \/>\n<meta property=\"og:image\" content=\"https:\/\/breinco.com\/wp-content\/uploads\/2026\/03\/canal-etico-1-1.jpg\" \/>\n\t<meta property=\"og:image:width\" content=\"796\" \/>\n\t<meta property=\"og:image:height\" content=\"600\" \/>\n\t<meta property=\"og:image:type\" content=\"image\/jpeg\" \/>\n<meta name=\"twitter:card\" content=\"summary_large_image\" \/>\n<meta name=\"twitter:site\" content=\"@breincoGroup\" \/>\n<meta name=\"twitter:label1\" content=\"Tiempo de lectura\" \/>\n\t<meta name=\"twitter:data1\" content=\"4 minutos\" \/>\n<script type=\"application\/ld+json\" class=\"yoast-schema-graph\">{\"@context\":\"https:\\\/\\\/schema.org\",\"@graph\":[{\"@type\":\"WebPage\",\"@id\":\"https:\\\/\\\/breinco.com\\\/es\\\/canal-etico\\\/\",\"url\":\"https:\\\/\\\/breinco.com\\\/es\\\/canal-etico\\\/\",\"name\":\"Canal \u00e9tico - Breinco\",\"isPartOf\":{\"@id\":\"https:\\\/\\\/breinco.com\\\/es\\\/#website\"},\"primaryImageOfPage\":{\"@id\":\"https:\\\/\\\/breinco.com\\\/es\\\/canal-etico\\\/#primaryimage\"},\"image\":{\"@id\":\"https:\\\/\\\/breinco.com\\\/es\\\/canal-etico\\\/#primaryimage\"},\"thumbnailUrl\":\"https:\\\/\\\/breinco.com\\\/wp-content\\\/uploads\\\/2026\\\/03\\\/canal-etico-1-1.jpg\",\"datePublished\":\"2025-07-03T16:16:56+00:00\",\"dateModified\":\"2026-03-18T16:47:55+00:00\",\"breadcrumb\":{\"@id\":\"https:\\\/\\\/breinco.com\\\/es\\\/canal-etico\\\/#breadcrumb\"},\"inLanguage\":\"es\",\"potentialAction\":[{\"@type\":\"ReadAction\",\"target\":[\"https:\\\/\\\/breinco.com\\\/es\\\/canal-etico\\\/\"]}]},{\"@type\":\"ImageObject\",\"inLanguage\":\"es\",\"@id\":\"https:\\\/\\\/breinco.com\\\/es\\\/canal-etico\\\/#primaryimage\",\"url\":\"https:\\\/\\\/breinco.com\\\/wp-content\\\/uploads\\\/2026\\\/03\\\/canal-etico-1-1.jpg\",\"contentUrl\":\"https:\\\/\\\/breinco.com\\\/wp-content\\\/uploads\\\/2026\\\/03\\\/canal-etico-1-1.jpg\"},{\"@type\":\"BreadcrumbList\",\"@id\":\"https:\\\/\\\/breinco.com\\\/es\\\/canal-etico\\\/#breadcrumb\",\"itemListElement\":[{\"@type\":\"ListItem\",\"position\":1,\"name\":\"Portada\",\"item\":\"https:\\\/\\\/breinco.com\\\/es\\\/\"},{\"@type\":\"ListItem\",\"position\":2,\"name\":\"Canal \u00e9tico\"}]},{\"@type\":\"WebSite\",\"@id\":\"https:\\\/\\\/breinco.com\\\/es\\\/#website\",\"url\":\"https:\\\/\\\/breinco.com\\\/es\\\/\",\"name\":\"Breinco\",\"description\":\"\",\"publisher\":{\"@id\":\"https:\\\/\\\/breinco.com\\\/es\\\/#organization\"},\"alternateName\":\"Urban Furniture, Architecture and Landscaping\",\"potentialAction\":[{\"@type\":\"SearchAction\",\"target\":{\"@type\":\"EntryPoint\",\"urlTemplate\":\"https:\\\/\\\/breinco.com\\\/es\\\/?s={search_term_string}\"},\"query-input\":{\"@type\":\"PropertyValueSpecification\",\"valueRequired\":true,\"valueName\":\"search_term_string\"}}],\"inLanguage\":\"es\"},{\"@type\":\"Organization\",\"@id\":\"https:\\\/\\\/breinco.com\\\/es\\\/#organization\",\"name\":\"Breinco\",\"url\":\"https:\\\/\\\/breinco.com\\\/es\\\/\",\"logo\":{\"@type\":\"ImageObject\",\"inLanguage\":\"es\",\"@id\":\"https:\\\/\\\/breinco.com\\\/es\\\/#\\\/schema\\\/logo\\\/image\\\/\",\"url\":\"https:\\\/\\\/breinco.com\\\/wp-content\\\/uploads\\\/2025\\\/04\\\/breinco-brand.svg\",\"contentUrl\":\"https:\\\/\\\/breinco.com\\\/wp-content\\\/uploads\\\/2025\\\/04\\\/breinco-brand.svg\",\"width\":26,\"height\":58,\"caption\":\"Breinco\"},\"image\":{\"@id\":\"https:\\\/\\\/breinco.com\\\/es\\\/#\\\/schema\\\/logo\\\/image\\\/\"},\"sameAs\":[\"https:\\\/\\\/www.facebook.com\\\/breincosmart\\\/\",\"https:\\\/\\\/x.com\\\/breincoGroup\",\"https:\\\/\\\/www.instagram.com\\\/breinco\\\/\",\"https:\\\/\\\/www.linkedin.com\\\/company\\\/breinco-esp\\\/\"]}]}<\/script>\n<!-- \/ Yoast SEO plugin. -->","yoast_head_json":{"title":"Canal \u00e9tico - Breinco","robots":{"index":"index","follow":"follow","max-snippet":"max-snippet:-1","max-image-preview":"max-image-preview:large","max-video-preview":"max-video-preview:-1"},"canonical":"https:\/\/breinco.com\/es\/canal-etico\/","og_locale":"es_ES","og_type":"article","og_title":"Canal \u00e9tico - Breinco","og_description":"En INDUSTRIAL BREINCO, S.A. creemos firmemente en la importancia de fomentar un entorno seguro, \u00e9tico, de igualdad y de confianza para todos nuestros empleados, clientes y socios en general. Por esta raz\u00f3n, hemos implementado un s\u00f3lido Canal \u00c9tico. Un canal donde se puede comunicar cualquier posible incumplimiento o irregularidad en la organizaci\u00f3n, tal como se [&hellip;]","og_url":"https:\/\/breinco.com\/es\/canal-etico\/","og_site_name":"Breinco","article_publisher":"https:\/\/www.facebook.com\/breincosmart\/","article_modified_time":"2026-03-18T16:47:55+00:00","og_image":[{"width":796,"height":600,"url":"https:\/\/breinco.com\/wp-content\/uploads\/2026\/03\/canal-etico-1-1.jpg","type":"image\/jpeg"}],"twitter_card":"summary_large_image","twitter_site":"@breincoGroup","twitter_misc":{"Tiempo de lectura":"4 minutos"},"schema":{"@context":"https:\/\/schema.org","@graph":[{"@type":"WebPage","@id":"https:\/\/breinco.com\/es\/canal-etico\/","url":"https:\/\/breinco.com\/es\/canal-etico\/","name":"Canal \u00e9tico - Breinco","isPartOf":{"@id":"https:\/\/breinco.com\/es\/#website"},"primaryImageOfPage":{"@id":"https:\/\/breinco.com\/es\/canal-etico\/#primaryimage"},"image":{"@id":"https:\/\/breinco.com\/es\/canal-etico\/#primaryimage"},"thumbnailUrl":"https:\/\/breinco.com\/wp-content\/uploads\/2026\/03\/canal-etico-1-1.jpg","datePublished":"2025-07-03T16:16:56+00:00","dateModified":"2026-03-18T16:47:55+00:00","breadcrumb":{"@id":"https:\/\/breinco.com\/es\/canal-etico\/#breadcrumb"},"inLanguage":"es","potentialAction":[{"@type":"ReadAction","target":["https:\/\/breinco.com\/es\/canal-etico\/"]}]},{"@type":"ImageObject","inLanguage":"es","@id":"https:\/\/breinco.com\/es\/canal-etico\/#primaryimage","url":"https:\/\/breinco.com\/wp-content\/uploads\/2026\/03\/canal-etico-1-1.jpg","contentUrl":"https:\/\/breinco.com\/wp-content\/uploads\/2026\/03\/canal-etico-1-1.jpg"},{"@type":"BreadcrumbList","@id":"https:\/\/breinco.com\/es\/canal-etico\/#breadcrumb","itemListElement":[{"@type":"ListItem","position":1,"name":"Portada","item":"https:\/\/breinco.com\/es\/"},{"@type":"ListItem","position":2,"name":"Canal \u00e9tico"}]},{"@type":"WebSite","@id":"https:\/\/breinco.com\/es\/#website","url":"https:\/\/breinco.com\/es\/","name":"Breinco","description":"","publisher":{"@id":"https:\/\/breinco.com\/es\/#organization"},"alternateName":"Urban Furniture, Architecture and Landscaping","potentialAction":[{"@type":"SearchAction","target":{"@type":"EntryPoint","urlTemplate":"https:\/\/breinco.com\/es\/?s={search_term_string}"},"query-input":{"@type":"PropertyValueSpecification","valueRequired":true,"valueName":"search_term_string"}}],"inLanguage":"es"},{"@type":"Organization","@id":"https:\/\/breinco.com\/es\/#organization","name":"Breinco","url":"https:\/\/breinco.com\/es\/","logo":{"@type":"ImageObject","inLanguage":"es","@id":"https:\/\/breinco.com\/es\/#\/schema\/logo\/image\/","url":"https:\/\/breinco.com\/wp-content\/uploads\/2025\/04\/breinco-brand.svg","contentUrl":"https:\/\/breinco.com\/wp-content\/uploads\/2025\/04\/breinco-brand.svg","width":26,"height":58,"caption":"Breinco"},"image":{"@id":"https:\/\/breinco.com\/es\/#\/schema\/logo\/image\/"},"sameAs":["https:\/\/www.facebook.com\/breincosmart\/","https:\/\/x.com\/breincoGroup","https:\/\/www.instagram.com\/breinco\/","https:\/\/www.linkedin.com\/company\/breinco-esp\/"]}]}},"_links":{"self":[{"href":"https:\/\/breinco.com\/es\/wp-json\/wp\/v2\/pages\/1257","targetHints":{"allow":["GET"]}}],"collection":[{"href":"https:\/\/breinco.com\/es\/wp-json\/wp\/v2\/pages"}],"about":[{"href":"https:\/\/breinco.com\/es\/wp-json\/wp\/v2\/types\/page"}],"author":[{"embeddable":true,"href":"https:\/\/breinco.com\/es\/wp-json\/wp\/v2\/users\/1"}],"replies":[{"embeddable":true,"href":"https:\/\/breinco.com\/es\/wp-json\/wp\/v2\/comments?post=1257"}],"version-history":[{"count":4,"href":"https:\/\/breinco.com\/es\/wp-json\/wp\/v2\/pages\/1257\/revisions"}],"predecessor-version":[{"id":20133,"href":"https:\/\/breinco.com\/es\/wp-json\/wp\/v2\/pages\/1257\/revisions\/20133"}],"wp:attachment":[{"href":"https:\/\/breinco.com\/es\/wp-json\/wp\/v2\/media?parent=1257"}],"curies":[{"name":"wp","href":"https:\/\/api.w.org\/{rel}","templated":true}]}}