{"id":1716,"date":"2025-06-01T10:10:14","date_gmt":"2025-06-01T08:10:14","guid":{"rendered":"https:\/\/dev.breinco.com\/?page_id=1716"},"modified":"2026-02-25T23:10:35","modified_gmt":"2026-02-25T22:10:35","slug":"arenas-polimericas","status":"publish","type":"page","link":"https:\/\/breinco.com\/es\/arenas-polimericas\/","title":{"rendered":"Arenas polim\u00e9ricas"},"content":{"rendered":"\t\t<div data-elementor-type=\"wp-page\" data-elementor-id=\"1716\" class=\"elementor elementor-1716\" data-elementor-post-type=\"page\">\n\t\t\t\t<div class=\"elementor-element elementor-element-a1955de e-flex e-con-boxed e-con e-parent\" data-id=\"a1955de\" data-element_type=\"container\" data-e-type=\"container\">\n\t\t\t\t\t<div class=\"e-con-inner\">\n\t\t<div class=\"elementor-element elementor-element-072b9d2 e-con-full e-flex e-con e-child\" data-id=\"072b9d2\" data-element_type=\"container\" data-e-type=\"container\" data-settings=\"{&quot;background_background&quot;:&quot;classic&quot;}\">\n\t\t\t\t<div class=\"elementor-element elementor-element-c313e8c elementor-widget elementor-widget-heading\" data-id=\"c313e8c\" data-element_type=\"widget\" data-e-type=\"widget\" data-widget_type=\"heading.default\">\n\t\t\t\t\t<h1 class=\"elementor-heading-title elementor-size-default\">DR PLUS y CITY PRO<\/h1>\t\t\t\t<\/div>\n\t\t\t\t<div class=\"elementor-element elementor-element-e8db0c5 elementor-widget elementor-widget-heading\" data-id=\"e8db0c5\" data-element_type=\"widget\" data-e-type=\"widget\" data-widget_type=\"heading.default\">\n\t\t\t\t\t<h2 class=\"elementor-heading-title elementor-size-default\">Arenas polim\u00e9ricas para el rejuntado de pavimentos\n<\/h2>\t\t\t\t<\/div>\n\t\t\t\t<div class=\"elementor-element elementor-element-b655633 elementor-widget elementor-widget-global elementor-global-1707 elementor-widget-button\" data-id=\"b655633\" data-element_type=\"widget\" data-e-type=\"widget\" data-widget_type=\"button.default\">\n\t\t\t\t\t\t\t\t\t\t<a class=\"elementor-button elementor-button-link elementor-size-sm\" href=\"#elementor-action%3Aaction%3Dpopup%3Aopen%26settings%3DeyJpZCI6MTYyMywidG9nZ2xlIjpmYWxzZX0%3D\">\n\t\t\t\t\t\t<span class=\"elementor-button-content-wrapper\">\n\t\t\t\t\t\t<span class=\"elementor-button-icon\">\n\t\t\t\t<svg xmlns=\"http:\/\/www.w3.org\/2000\/svg\" width=\"17\" height=\"20\" viewBox=\"0 0 17 20\" fill=\"none\"><path fill-rule=\"evenodd\" clip-rule=\"evenodd\" d=\"M0 0.25H6.55645C6.97066 0.25 7.30645 0.585786 7.30645 1C7.30645 1.41421 6.97066 1.75 6.55645 1.75H1.5V18.25H15V10.5C15 10.0858 15.3358 9.75 15.75 9.75C16.1642 9.75 16.5 10.0858 16.5 10.5V19.75H0V0.25ZM9 0.25H15.75C16.1642 0.25 16.5 0.585786 16.5 1V7.75C16.5 8.16421 16.1642 8.5 15.75 8.5C15.3358 8.5 15 8.16421 15 7.75V2.81066L6.28033 11.5303C5.98744 11.8232 5.51256 11.8232 5.21967 11.5303C4.92678 11.2374 4.92678 10.7626 5.21967 10.4697L13.9393 1.75H9C8.58579 1.75 8.25 1.41421 8.25 1C8.25 0.585786 8.58579 0.25 9 0.25Z\" fill=\"white\"><\/path><\/svg>\t\t\t<\/span>\n\t\t\t\t\t\t\t\t\t<span class=\"elementor-button-text\">Solicitar ficha t\u00e9cnica <\/span>\n\t\t\t\t\t<\/span>\n\t\t\t\t\t<\/a>\n\t\t\t\t\t\t\t\t<\/div>\n\t\t\t\t<\/div>\n\t\t\t\t\t<\/div>\n\t\t\t\t<\/div>\n\t\t<div class=\"elementor-element elementor-element-3d5a183 e-flex e-con-boxed e-con e-parent\" data-id=\"3d5a183\" data-element_type=\"container\" data-e-type=\"container\" data-settings=\"{&quot;background_background&quot;:&quot;classic&quot;}\">\n\t\t\t\t\t<div class=\"e-con-inner\">\n\t\t\t\t<div class=\"elementor-element elementor-element-df69ece elementor-widget elementor-widget-text-editor\" data-id=\"df69ece\" data-element_type=\"widget\" data-e-type=\"widget\" data-widget_type=\"text-editor.default\">\n\t\t\t\t\t\t\t\t\t<p>Las arenas polim\u00e9ricas DR PLUS y CITY PRO, son arenas especialmente formuladas para el rejuntado de losas y adoquines que, a diferencia de las arenas normales, se \u201cactivan\u201d con agua y se consolidan en el interior de las juntas.<\/p>\t\t\t\t\t\t\t\t<\/div>\n\t\t\t\t\t<\/div>\n\t\t\t\t<\/div>\n\t\t<div class=\"elementor-element elementor-element-ec9b30a e-flex e-con-boxed e-con e-parent\" data-id=\"ec9b30a\" data-element_type=\"container\" data-e-type=\"container\">\n\t\t\t\t\t<div class=\"e-con-inner\">\n\t\t<div class=\"elementor-element elementor-element-02f562a e-grid e-con-full e-con e-child\" data-id=\"02f562a\" data-element_type=\"container\" data-e-type=\"container\">\n\t\t<div class=\"elementor-element elementor-element-f1a31df e-con-full e-flex e-con e-child\" data-id=\"f1a31df\" data-element_type=\"container\" data-e-type=\"container\" data-settings=\"{&quot;background_background&quot;:&quot;classic&quot;}\">\n\t\t\t\t<div class=\"elementor-element elementor-element-7947691 elementor-widget elementor-widget-image\" data-id=\"7947691\" data-element_type=\"widget\" data-e-type=\"widget\" data-widget_type=\"image.default\">\n\t\t\t\t\t\t\t\t\t\t\t\t\t\t\t<img fetchpriority=\"high\" decoding=\"async\" width=\"1801\" height=\"1200\" src=\"https:\/\/breinco.com\/wp-content\/uploads\/2025\/07\/breinco_rejuntado_arenas_polimericas_4.webp\" class=\"attachment-full size-full wp-image-1109\" alt=\"\" srcset=\"https:\/\/breinco.com\/wp-content\/uploads\/2025\/07\/breinco_rejuntado_arenas_polimericas_4.webp 1801w, https:\/\/breinco.com\/wp-content\/uploads\/2025\/07\/breinco_rejuntado_arenas_polimericas_4-300x200.webp 300w, https:\/\/breinco.com\/wp-content\/uploads\/2025\/07\/breinco_rejuntado_arenas_polimericas_4-1024x682.webp 1024w, https:\/\/breinco.com\/wp-content\/uploads\/2025\/07\/breinco_rejuntado_arenas_polimericas_4-768x512.webp 768w, https:\/\/breinco.com\/wp-content\/uploads\/2025\/07\/breinco_rejuntado_arenas_polimericas_4-1536x1023.webp 1536w\" sizes=\"(max-width: 1801px) 100vw, 1801px\" \/>\t\t\t\t\t\t\t\t\t\t\t\t\t\t\t<\/div>\n\t\t\t\t<\/div>\n\t\t<div class=\"elementor-element elementor-element-697561c e-con-full e-flex e-con e-child\" data-id=\"697561c\" data-element_type=\"container\" data-e-type=\"container\">\n\t\t\t\t<div class=\"elementor-element elementor-element-fdb1548 elementor-widget elementor-widget-heading\" data-id=\"fdb1548\" data-element_type=\"widget\" data-e-type=\"widget\" data-widget_type=\"heading.default\">\n\t\t\t\t\t<h2 class=\"elementor-heading-title elementor-size-default\">Rejuntado<\/h2>\t\t\t\t<\/div>\n\t\t\t\t<div class=\"elementor-element elementor-element-a182276 elementor-widget elementor-widget-text-editor\" data-id=\"a182276\" data-element_type=\"widget\" data-e-type=\"widget\" data-widget_type=\"text-editor.default\">\n\t\t\t\t\t\t\t\t\t<h3><img decoding=\"async\" class=\"alignnone  wp-image-1966\" src=\"https:\/\/breinco.com\/wp-content\/uploads\/2025\/07\/trafico-rodado-ligero-150x150-1.png\" alt=\"\" width=\"52\" height=\"52\" \/><br \/>DR PLUS para tr\u00e1fico ligero<\/h3><p>Arena polim\u00e9rica formulada para uso peatonal o tr\u00e1fico rodado ligero (de 0 a 10 veh\u00edculos de m\u00e1s de 3.500kg al d\u00eda) y a velocidad reducida (m\u00e1x. 30 Km\/hora), en pavimentos con juntas de entre 2mm a 20mm de ancho, y m\u00ednimo 3,5cm de espesor en losas o 5cm de espesor en adoquines.<\/p>\t\t\t\t\t\t\t\t<\/div>\n\t\t\t\t<div class=\"elementor-element elementor-element-ce832c0 elementor-widget elementor-widget-global elementor-global-1707 elementor-widget-button\" data-id=\"ce832c0\" data-element_type=\"widget\" data-e-type=\"widget\" data-widget_type=\"button.default\">\n\t\t\t\t\t\t\t\t\t\t<a class=\"elementor-button elementor-button-link elementor-size-sm\" href=\"#elementor-action%3Aaction%3Dpopup%3Aopen%26settings%3DeyJpZCI6MTYyMywidG9nZ2xlIjpmYWxzZX0%3D\">\n\t\t\t\t\t\t<span class=\"elementor-button-content-wrapper\">\n\t\t\t\t\t\t<span class=\"elementor-button-icon\">\n\t\t\t\t<svg xmlns=\"http:\/\/www.w3.org\/2000\/svg\" width=\"17\" height=\"20\" viewBox=\"0 0 17 20\" fill=\"none\"><path fill-rule=\"evenodd\" clip-rule=\"evenodd\" d=\"M0 0.25H6.55645C6.97066 0.25 7.30645 0.585786 7.30645 1C7.30645 1.41421 6.97066 1.75 6.55645 1.75H1.5V18.25H15V10.5C15 10.0858 15.3358 9.75 15.75 9.75C16.1642 9.75 16.5 10.0858 16.5 10.5V19.75H0V0.25ZM9 0.25H15.75C16.1642 0.25 16.5 0.585786 16.5 1V7.75C16.5 8.16421 16.1642 8.5 15.75 8.5C15.3358 8.5 15 8.16421 15 7.75V2.81066L6.28033 11.5303C5.98744 11.8232 5.51256 11.8232 5.21967 11.5303C4.92678 11.2374 4.92678 10.7626 5.21967 10.4697L13.9393 1.75H9C8.58579 1.75 8.25 1.41421 8.25 1C8.25 0.585786 8.58579 0.25 9 0.25Z\" fill=\"white\"><\/path><\/svg>\t\t\t<\/span>\n\t\t\t\t\t\t\t\t\t<span class=\"elementor-button-text\">Solicitar ficha t\u00e9cnica <\/span>\n\t\t\t\t\t<\/span>\n\t\t\t\t\t<\/a>\n\t\t\t\t\t\t\t\t<\/div>\n\t\t\t\t<\/div>\n\t\t\t\t<\/div>\n\t\t<div class=\"elementor-element elementor-element-f379073 e-grid e-con-full e-con e-child\" data-id=\"f379073\" data-element_type=\"container\" data-e-type=\"container\">\n\t\t<div class=\"elementor-element elementor-element-828f9d7 e-con-full e-flex e-con e-child\" data-id=\"828f9d7\" data-element_type=\"container\" data-e-type=\"container\">\n\t\t\t\t<div class=\"elementor-element elementor-element-6f11da4 elementor-widget elementor-widget-heading\" data-id=\"6f11da4\" data-element_type=\"widget\" data-e-type=\"widget\" data-widget_type=\"heading.default\">\n\t\t\t\t\t<h2 class=\"elementor-heading-title elementor-size-default\">Rejuntado<\/h2>\t\t\t\t<\/div>\n\t\t\t\t<div class=\"elementor-element elementor-element-e265a52 elementor-widget elementor-widget-text-editor\" data-id=\"e265a52\" data-element_type=\"widget\" data-e-type=\"widget\" data-widget_type=\"text-editor.default\">\n\t\t\t\t\t\t\t\t\t<h3><img decoding=\"async\" class=\"alignnone wp-image-1965 \" src=\"https:\/\/breinco.com\/wp-content\/uploads\/2025\/07\/trafico-rodado-pesado-150x150-1.png\" alt=\"\" width=\"62\" height=\"62\" \/><br \/>CITY PRO para tr\u00e1fico pesado<\/h3><p>Arena polim\u00e9rica formulada para tr\u00e1fico rodado intenso (de 11 a 300 veh\u00edculos de m\u00e1s de 3.500kg al d\u00eda) y velocidad reducida (m\u00e1x. 30 Km\/hora), en pavimentos con juntas de entre 4mm a 20mm de ancho, y m\u00ednimo 8cm de espesor.<\/p>\t\t\t\t\t\t\t\t<\/div>\n\t\t\t\t<div class=\"elementor-element elementor-element-2a4bd69 elementor-widget elementor-widget-global elementor-global-1707 elementor-widget-button\" data-id=\"2a4bd69\" data-element_type=\"widget\" data-e-type=\"widget\" data-widget_type=\"button.default\">\n\t\t\t\t\t\t\t\t\t\t<a class=\"elementor-button elementor-button-link elementor-size-sm\" href=\"#elementor-action%3Aaction%3Dpopup%3Aopen%26settings%3DeyJpZCI6MTYyMywidG9nZ2xlIjpmYWxzZX0%3D\">\n\t\t\t\t\t\t<span class=\"elementor-button-content-wrapper\">\n\t\t\t\t\t\t<span class=\"elementor-button-icon\">\n\t\t\t\t<svg xmlns=\"http:\/\/www.w3.org\/2000\/svg\" width=\"17\" height=\"20\" viewBox=\"0 0 17 20\" fill=\"none\"><path fill-rule=\"evenodd\" clip-rule=\"evenodd\" d=\"M0 0.25H6.55645C6.97066 0.25 7.30645 0.585786 7.30645 1C7.30645 1.41421 6.97066 1.75 6.55645 1.75H1.5V18.25H15V10.5C15 10.0858 15.3358 9.75 15.75 9.75C16.1642 9.75 16.5 10.0858 16.5 10.5V19.75H0V0.25ZM9 0.25H15.75C16.1642 0.25 16.5 0.585786 16.5 1V7.75C16.5 8.16421 16.1642 8.5 15.75 8.5C15.3358 8.5 15 8.16421 15 7.75V2.81066L6.28033 11.5303C5.98744 11.8232 5.51256 11.8232 5.21967 11.5303C4.92678 11.2374 4.92678 10.7626 5.21967 10.4697L13.9393 1.75H9C8.58579 1.75 8.25 1.41421 8.25 1C8.25 0.585786 8.58579 0.25 9 0.25Z\" fill=\"white\"><\/path><\/svg>\t\t\t<\/span>\n\t\t\t\t\t\t\t\t\t<span class=\"elementor-button-text\">Solicitar ficha t\u00e9cnica <\/span>\n\t\t\t\t\t<\/span>\n\t\t\t\t\t<\/a>\n\t\t\t\t\t\t\t\t<\/div>\n\t\t\t\t<\/div>\n\t\t<div class=\"elementor-element elementor-element-14f85fb e-con-full e-flex e-con e-child\" data-id=\"14f85fb\" data-element_type=\"container\" data-e-type=\"container\" data-settings=\"{&quot;background_background&quot;:&quot;classic&quot;}\">\n\t\t\t\t<div class=\"elementor-element elementor-element-b5c5d71 elementor-widget elementor-widget-image\" data-id=\"b5c5d71\" data-element_type=\"widget\" data-e-type=\"widget\" data-widget_type=\"image.default\">\n\t\t\t\t\t\t\t\t\t\t\t\t\t\t\t<img loading=\"lazy\" decoding=\"async\" width=\"1801\" height=\"1200\" src=\"https:\/\/breinco.com\/wp-content\/uploads\/2025\/07\/breinco_rejuntado_arenas_polimericas.webp\" class=\"attachment-full size-full wp-image-1110\" alt=\"\" srcset=\"https:\/\/breinco.com\/wp-content\/uploads\/2025\/07\/breinco_rejuntado_arenas_polimericas.webp 1801w, https:\/\/breinco.com\/wp-content\/uploads\/2025\/07\/breinco_rejuntado_arenas_polimericas-300x200.webp 300w, https:\/\/breinco.com\/wp-content\/uploads\/2025\/07\/breinco_rejuntado_arenas_polimericas-1024x682.webp 1024w, https:\/\/breinco.com\/wp-content\/uploads\/2025\/07\/breinco_rejuntado_arenas_polimericas-768x512.webp 768w, https:\/\/breinco.com\/wp-content\/uploads\/2025\/07\/breinco_rejuntado_arenas_polimericas-1536x1023.webp 1536w\" sizes=\"(max-width: 1801px) 100vw, 1801px\" \/>\t\t\t\t\t\t\t\t\t\t\t\t\t\t\t<\/div>\n\t\t\t\t<\/div>\n\t\t\t\t<\/div>\n\t\t\t\t\t<\/div>\n\t\t\t\t<\/div>\n\t\t<div class=\"elementor-element elementor-element-c63ef31 e-flex e-con-boxed e-con e-parent\" data-id=\"c63ef31\" data-element_type=\"container\" data-e-type=\"container\" data-settings=\"{&quot;background_background&quot;:&quot;classic&quot;}\">\n\t\t\t\t\t<div class=\"e-con-inner\">\n\t\t\t\t<div class=\"elementor-element elementor-element-7a031e8 elementor-widget elementor-widget-text-editor\" data-id=\"7a031e8\" data-element_type=\"widget\" data-e-type=\"widget\" data-widget_type=\"text-editor.default\">\n\t\t\t\t\t\t\t\t\t<h3>Propiedades DR PLUS y CITY PRO<\/h3><ul><li>Se aplican en seco, se activan con agua y endurecen despu\u00e9s de secarse.<\/li><li>Su instalaci\u00f3n es f\u00e1cil, r\u00e1pida y limpia.<\/li><li>Resisten la erosi\u00f3n causada por el agua, las heladas, el viento y la limpieza habitual de calles.<\/li><li>Previenen el crecimiento de malas hierbas, la invasi\u00f3n de insectos y evitan la aparici\u00f3n de eflorescencias.<\/li><li>Son aptas tanto para el rejuntado de pavimentos nuevos como para el reemplazo de juntas en pavimentos existentes rejuntados con arena.<\/li><li>Una vez consolidadas, se mantienen flexibles con el paso del tiempo y se adaptan a las deformaciones del pavimento.<\/li><\/ul>\t\t\t\t\t\t\t\t<\/div>\n\t\t<div class=\"elementor-element elementor-element-524587d e-con-full e-flex e-con e-child\" data-id=\"524587d\" data-element_type=\"container\" data-e-type=\"container\">\n\t\t\t\t<div class=\"elementor-element elementor-element-afb90f0 elementor-widget elementor-widget-text-editor\" data-id=\"afb90f0\" data-element_type=\"widget\" data-e-type=\"widget\" data-widget_type=\"text-editor.default\">\n\t\t\t\t\t\t\t\t\t<p>Son resistentes a la lluvia imprevista 90 minutos despu\u00e9s de haberse realizado la \u201cactivaci\u00f3n\u201d con agua del rejuntado.<\/p>\t\t\t\t\t\t\t\t<\/div>\n\t\t\t\t<div class=\"elementor-element elementor-element-cf0ba06 elementor-widget elementor-widget-image\" data-id=\"cf0ba06\" data-element_type=\"widget\" data-e-type=\"widget\" data-widget_type=\"image.default\">\n\t\t\t\t\t\t\t\t\t\t\t\t\t\t\t<img loading=\"lazy\" decoding=\"async\" width=\"229\" height=\"193\" src=\"https:\/\/breinco.com\/wp-content\/uploads\/2025\/07\/ico-rejuntado-90min.svg\" class=\"attachment-large size-large wp-image-1953\" alt=\"\" \/>\t\t\t\t\t\t\t\t\t\t\t\t\t\t\t<\/div>\n\t\t\t\t<\/div>\n\t\t\t\t\t<\/div>\n\t\t\t\t<\/div>\n\t\t\t\t<\/div>\n\t\t","protected":false},"excerpt":{"rendered":"<p>DR PLUS y CITY PRO Arenas polim\u00e9ricas para el rejuntado de pavimentos Solicitar ficha t\u00e9cnica Las arenas polim\u00e9ricas DR PLUS y CITY PRO, son arenas especialmente formuladas para el rejuntado de losas y adoquines que, a diferencia de las arenas normales, se \u201cactivan\u201d con agua y se consolidan en el interior de las juntas. Rejuntado [&hellip;]<\/p>\n","protected":false},"author":1,"featured_media":0,"parent":0,"menu_order":0,"comment_status":"closed","ping_status":"closed","template":"elementor_header_footer","meta":{"_acf_changed":false,"footnotes":""},"class_list":["post-1716","page","type-page","status-publish","hentry"],"acf":[],"yoast_head":"<!-- This site is optimized with the Yoast SEO plugin v27.3 - https:\/\/yoast.com\/product\/yoast-seo-wordpress\/ -->\n<title>Arenas polim\u00e9ricas - Breinco<\/title>\n<meta name=\"robots\" content=\"index, follow, max-snippet:-1, max-image-preview:large, max-video-preview:-1\" \/>\n<link rel=\"canonical\" href=\"https:\/\/breinco.com\/es\/arenas-polimericas\/\" \/>\n<meta property=\"og:locale\" content=\"es_ES\" \/>\n<meta property=\"og:type\" content=\"article\" \/>\n<meta property=\"og:title\" content=\"Arenas polim\u00e9ricas - Breinco\" \/>\n<meta property=\"og:description\" content=\"DR PLUS y CITY PRO Arenas polim\u00e9ricas para el rejuntado de pavimentos Solicitar ficha t\u00e9cnica Las arenas polim\u00e9ricas DR PLUS y CITY PRO, son arenas especialmente formuladas para el rejuntado de losas y adoquines que, a diferencia de las arenas normales, se \u201cactivan\u201d con agua y se consolidan en el interior de las juntas. Rejuntado [&hellip;]\" \/>\n<meta property=\"og:url\" content=\"https:\/\/breinco.com\/es\/arenas-polimericas\/\" \/>\n<meta property=\"og:site_name\" content=\"Breinco\" \/>\n<meta property=\"article:publisher\" content=\"https:\/\/www.facebook.com\/breincosmart\/\" \/>\n<meta property=\"article:modified_time\" content=\"2026-02-25T22:10:35+00:00\" \/>\n<meta property=\"og:image\" content=\"https:\/\/breinco.com\/wp-content\/uploads\/2025\/07\/breinco_rejuntado_arenas_polimericas_4.webp\" \/>\n\t<meta property=\"og:image:width\" content=\"1801\" \/>\n\t<meta property=\"og:image:height\" content=\"1200\" \/>\n\t<meta property=\"og:image:type\" content=\"image\/webp\" \/>\n<meta name=\"twitter:card\" content=\"summary_large_image\" \/>\n<meta name=\"twitter:site\" content=\"@breincoGroup\" \/>\n<meta name=\"twitter:label1\" content=\"Tiempo de lectura\" \/>\n\t<meta name=\"twitter:data1\" content=\"2 minutos\" \/>\n<script type=\"application\/ld+json\" class=\"yoast-schema-graph\">{\"@context\":\"https:\\\/\\\/schema.org\",\"@graph\":[{\"@type\":\"WebPage\",\"@id\":\"https:\\\/\\\/breinco.com\\\/es\\\/arenas-polimericas\\\/\",\"url\":\"https:\\\/\\\/breinco.com\\\/es\\\/arenas-polimericas\\\/\",\"name\":\"Arenas polim\u00e9ricas - Breinco\",\"isPartOf\":{\"@id\":\"https:\\\/\\\/breinco.com\\\/es\\\/#website\"},\"primaryImageOfPage\":{\"@id\":\"https:\\\/\\\/breinco.com\\\/es\\\/arenas-polimericas\\\/#primaryimage\"},\"image\":{\"@id\":\"https:\\\/\\\/breinco.com\\\/es\\\/arenas-polimericas\\\/#primaryimage\"},\"thumbnailUrl\":\"https:\\\/\\\/breinco.com\\\/wp-content\\\/uploads\\\/2025\\\/07\\\/breinco_rejuntado_arenas_polimericas_4.webp\",\"datePublished\":\"2025-06-01T08:10:14+00:00\",\"dateModified\":\"2026-02-25T22:10:35+00:00\",\"breadcrumb\":{\"@id\":\"https:\\\/\\\/breinco.com\\\/es\\\/arenas-polimericas\\\/#breadcrumb\"},\"inLanguage\":\"es\",\"potentialAction\":[{\"@type\":\"ReadAction\",\"target\":[\"https:\\\/\\\/breinco.com\\\/es\\\/arenas-polimericas\\\/\"]}]},{\"@type\":\"ImageObject\",\"inLanguage\":\"es\",\"@id\":\"https:\\\/\\\/breinco.com\\\/es\\\/arenas-polimericas\\\/#primaryimage\",\"url\":\"https:\\\/\\\/breinco.com\\\/wp-content\\\/uploads\\\/2025\\\/07\\\/breinco_rejuntado_arenas_polimericas_4.webp\",\"contentUrl\":\"https:\\\/\\\/breinco.com\\\/wp-content\\\/uploads\\\/2025\\\/07\\\/breinco_rejuntado_arenas_polimericas_4.webp\"},{\"@type\":\"BreadcrumbList\",\"@id\":\"https:\\\/\\\/breinco.com\\\/es\\\/arenas-polimericas\\\/#breadcrumb\",\"itemListElement\":[{\"@type\":\"ListItem\",\"position\":1,\"name\":\"Portada\",\"item\":\"https:\\\/\\\/breinco.com\\\/es\\\/\"},{\"@type\":\"ListItem\",\"position\":2,\"name\":\"Arenas polim\u00e9ricas\"}]},{\"@type\":\"WebSite\",\"@id\":\"https:\\\/\\\/breinco.com\\\/es\\\/#website\",\"url\":\"https:\\\/\\\/breinco.com\\\/es\\\/\",\"name\":\"Breinco\",\"description\":\"\",\"publisher\":{\"@id\":\"https:\\\/\\\/breinco.com\\\/es\\\/#organization\"},\"alternateName\":\"Urban Furniture, Architecture and Landscaping\",\"potentialAction\":[{\"@type\":\"SearchAction\",\"target\":{\"@type\":\"EntryPoint\",\"urlTemplate\":\"https:\\\/\\\/breinco.com\\\/es\\\/?s={search_term_string}\"},\"query-input\":{\"@type\":\"PropertyValueSpecification\",\"valueRequired\":true,\"valueName\":\"search_term_string\"}}],\"inLanguage\":\"es\"},{\"@type\":\"Organization\",\"@id\":\"https:\\\/\\\/breinco.com\\\/es\\\/#organization\",\"name\":\"Breinco\",\"url\":\"https:\\\/\\\/breinco.com\\\/es\\\/\",\"logo\":{\"@type\":\"ImageObject\",\"inLanguage\":\"es\",\"@id\":\"https:\\\/\\\/breinco.com\\\/es\\\/#\\\/schema\\\/logo\\\/image\\\/\",\"url\":\"https:\\\/\\\/breinco.com\\\/wp-content\\\/uploads\\\/2025\\\/04\\\/breinco-brand.svg\",\"contentUrl\":\"https:\\\/\\\/breinco.com\\\/wp-content\\\/uploads\\\/2025\\\/04\\\/breinco-brand.svg\",\"width\":26,\"height\":58,\"caption\":\"Breinco\"},\"image\":{\"@id\":\"https:\\\/\\\/breinco.com\\\/es\\\/#\\\/schema\\\/logo\\\/image\\\/\"},\"sameAs\":[\"https:\\\/\\\/www.facebook.com\\\/breincosmart\\\/\",\"https:\\\/\\\/x.com\\\/breincoGroup\",\"https:\\\/\\\/www.instagram.com\\\/breinco\\\/\",\"https:\\\/\\\/www.linkedin.com\\\/company\\\/breinco-esp\\\/\"]}]}<\/script>\n<!-- \/ Yoast SEO plugin. -->","yoast_head_json":{"title":"Arenas polim\u00e9ricas - Breinco","robots":{"index":"index","follow":"follow","max-snippet":"max-snippet:-1","max-image-preview":"max-image-preview:large","max-video-preview":"max-video-preview:-1"},"canonical":"https:\/\/breinco.com\/es\/arenas-polimericas\/","og_locale":"es_ES","og_type":"article","og_title":"Arenas polim\u00e9ricas - Breinco","og_description":"DR PLUS y CITY PRO Arenas polim\u00e9ricas para el rejuntado de pavimentos Solicitar ficha t\u00e9cnica Las arenas polim\u00e9ricas DR PLUS y CITY PRO, son arenas especialmente formuladas para el rejuntado de losas y adoquines que, a diferencia de las arenas normales, se \u201cactivan\u201d con agua y se consolidan en el interior de las juntas. Rejuntado [&hellip;]","og_url":"https:\/\/breinco.com\/es\/arenas-polimericas\/","og_site_name":"Breinco","article_publisher":"https:\/\/www.facebook.com\/breincosmart\/","article_modified_time":"2026-02-25T22:10:35+00:00","og_image":[{"width":1801,"height":1200,"url":"https:\/\/breinco.com\/wp-content\/uploads\/2025\/07\/breinco_rejuntado_arenas_polimericas_4.webp","type":"image\/webp"}],"twitter_card":"summary_large_image","twitter_site":"@breincoGroup","twitter_misc":{"Tiempo de lectura":"2 minutos"},"schema":{"@context":"https:\/\/schema.org","@graph":[{"@type":"WebPage","@id":"https:\/\/breinco.com\/es\/arenas-polimericas\/","url":"https:\/\/breinco.com\/es\/arenas-polimericas\/","name":"Arenas polim\u00e9ricas - Breinco","isPartOf":{"@id":"https:\/\/breinco.com\/es\/#website"},"primaryImageOfPage":{"@id":"https:\/\/breinco.com\/es\/arenas-polimericas\/#primaryimage"},"image":{"@id":"https:\/\/breinco.com\/es\/arenas-polimericas\/#primaryimage"},"thumbnailUrl":"https:\/\/breinco.com\/wp-content\/uploads\/2025\/07\/breinco_rejuntado_arenas_polimericas_4.webp","datePublished":"2025-06-01T08:10:14+00:00","dateModified":"2026-02-25T22:10:35+00:00","breadcrumb":{"@id":"https:\/\/breinco.com\/es\/arenas-polimericas\/#breadcrumb"},"inLanguage":"es","potentialAction":[{"@type":"ReadAction","target":["https:\/\/breinco.com\/es\/arenas-polimericas\/"]}]},{"@type":"ImageObject","inLanguage":"es","@id":"https:\/\/breinco.com\/es\/arenas-polimericas\/#primaryimage","url":"https:\/\/breinco.com\/wp-content\/uploads\/2025\/07\/breinco_rejuntado_arenas_polimericas_4.webp","contentUrl":"https:\/\/breinco.com\/wp-content\/uploads\/2025\/07\/breinco_rejuntado_arenas_polimericas_4.webp"},{"@type":"BreadcrumbList","@id":"https:\/\/breinco.com\/es\/arenas-polimericas\/#breadcrumb","itemListElement":[{"@type":"ListItem","position":1,"name":"Portada","item":"https:\/\/breinco.com\/es\/"},{"@type":"ListItem","position":2,"name":"Arenas polim\u00e9ricas"}]},{"@type":"WebSite","@id":"https:\/\/breinco.com\/es\/#website","url":"https:\/\/breinco.com\/es\/","name":"Breinco","description":"","publisher":{"@id":"https:\/\/breinco.com\/es\/#organization"},"alternateName":"Urban Furniture, Architecture and Landscaping","potentialAction":[{"@type":"SearchAction","target":{"@type":"EntryPoint","urlTemplate":"https:\/\/breinco.com\/es\/?s={search_term_string}"},"query-input":{"@type":"PropertyValueSpecification","valueRequired":true,"valueName":"search_term_string"}}],"inLanguage":"es"},{"@type":"Organization","@id":"https:\/\/breinco.com\/es\/#organization","name":"Breinco","url":"https:\/\/breinco.com\/es\/","logo":{"@type":"ImageObject","inLanguage":"es","@id":"https:\/\/breinco.com\/es\/#\/schema\/logo\/image\/","url":"https:\/\/breinco.com\/wp-content\/uploads\/2025\/04\/breinco-brand.svg","contentUrl":"https:\/\/breinco.com\/wp-content\/uploads\/2025\/04\/breinco-brand.svg","width":26,"height":58,"caption":"Breinco"},"image":{"@id":"https:\/\/breinco.com\/es\/#\/schema\/logo\/image\/"},"sameAs":["https:\/\/www.facebook.com\/breincosmart\/","https:\/\/x.com\/breincoGroup","https:\/\/www.instagram.com\/breinco\/","https:\/\/www.linkedin.com\/company\/breinco-esp\/"]}]}},"_links":{"self":[{"href":"https:\/\/breinco.com\/es\/wp-json\/wp\/v2\/pages\/1716","targetHints":{"allow":["GET"]}}],"collection":[{"href":"https:\/\/breinco.com\/es\/wp-json\/wp\/v2\/pages"}],"about":[{"href":"https:\/\/breinco.com\/es\/wp-json\/wp\/v2\/types\/page"}],"author":[{"embeddable":true,"href":"https:\/\/breinco.com\/es\/wp-json\/wp\/v2\/users\/1"}],"replies":[{"embeddable":true,"href":"https:\/\/breinco.com\/es\/wp-json\/wp\/v2\/comments?post=1716"}],"version-history":[{"count":12,"href":"https:\/\/breinco.com\/es\/wp-json\/wp\/v2\/pages\/1716\/revisions"}],"predecessor-version":[{"id":14603,"href":"https:\/\/breinco.com\/es\/wp-json\/wp\/v2\/pages\/1716\/revisions\/14603"}],"wp:attachment":[{"href":"https:\/\/breinco.com\/es\/wp-json\/wp\/v2\/media?parent=1716"}],"curies":[{"name":"wp","href":"https:\/\/api.w.org\/{rel}","templated":true}]}}