{"id":199,"date":"2025-04-01T10:10:24","date_gmt":"2025-04-01T08:10:24","guid":{"rendered":"https:\/\/dev.breinco.com\/?page_id=199"},"modified":"2026-03-19T13:01:01","modified_gmt":"2026-03-19T12:01:01","slug":"filosofia","status":"publish","type":"page","link":"https:\/\/breinco.com\/es\/filosofia\/","title":{"rendered":"Filosof\u00eda"},"content":{"rendered":"\t\t<div data-elementor-type=\"wp-page\" data-elementor-id=\"199\" class=\"elementor elementor-199\" data-elementor-post-type=\"page\">\n\t\t\t\t<div class=\"elementor-element elementor-element-4de51c0 e-flex e-con-boxed e-con e-parent\" data-id=\"4de51c0\" data-element_type=\"container\" data-e-type=\"container\" data-settings=\"{&quot;background_background&quot;:&quot;classic&quot;}\">\n\t\t\t\t\t<div class=\"e-con-inner\">\n\t\t<div class=\"elementor-element elementor-element-7fca39f e-con-full e-flex e-con e-child\" data-id=\"7fca39f\" data-element_type=\"container\" data-e-type=\"container\">\n\t\t\t\t<div class=\"elementor-element elementor-element-d55e95c elementor-widget elementor-widget-heading\" data-id=\"d55e95c\" data-element_type=\"widget\" data-e-type=\"widget\" data-widget_type=\"heading.default\">\n\t\t\t\t\t<h1 class=\"elementor-heading-title elementor-size-default\">Somos innovaci\u00f3n<\/h1>\t\t\t\t<\/div>\n\t\t\t\t<div class=\"elementor-element elementor-element-5f73d9e elementor-widget elementor-widget-text-editor\" data-id=\"5f73d9e\" data-element_type=\"widget\" data-e-type=\"widget\" data-widget_type=\"text-editor.default\">\n\t\t\t\t\t\t\t\t\t<p>En Breinco hemos creado una nueva generaci\u00f3n de productos que nacen del conocimiento, del amor y de la experiencia que hemos adquirido a lo largo de los a\u00f1os.<\/p>\t\t\t\t\t\t\t\t<\/div>\n\t\t\t\t<\/div>\n\t\t\t\t\t<\/div>\n\t\t\t\t<\/div>\n\t\t<div class=\"elementor-element elementor-element-fdec00b e-grid e-con-boxed e-con e-child\" data-id=\"fdec00b\" data-element_type=\"container\" data-e-type=\"container\">\n\t\t\t\t\t<div class=\"e-con-inner\">\n\t\t<div class=\"elementor-element elementor-element-d604863 e-con-full e-flex e-con e-child\" data-id=\"d604863\" data-element_type=\"container\" data-e-type=\"container\">\n\t\t\t\t<div class=\"elementor-element elementor-element-4558ab2 elementor-widget elementor-widget-heading\" data-id=\"4558ab2\" data-element_type=\"widget\" data-e-type=\"widget\" data-widget_type=\"heading.default\">\n\t\t\t\t\t<h2 class=\"elementor-heading-title elementor-size-default\">Una nueva generaci\u00f3n de productos<\/h2>\t\t\t\t<\/div>\n\t\t\t\t<div class=\"elementor-element elementor-element-61ebd24 elementor-widget__width-initial elementor-widget elementor-widget-heading\" data-id=\"61ebd24\" data-element_type=\"widget\" data-e-type=\"widget\" data-widget_type=\"heading.default\">\n\t\t\t\t\t<h3 class=\"elementor-heading-title elementor-size-default\">Empresa de mobiliario urbano y dise\u00f1o urban\u00edstico<\/h3>\t\t\t\t<\/div>\n\t\t\t\t<div class=\"elementor-element elementor-element-b74b472 elementor-widget elementor-widget-text-editor\" data-id=\"b74b472\" data-element_type=\"widget\" data-e-type=\"widget\" data-widget_type=\"text-editor.default\">\n\t\t\t\t\t\t\t\t\t<p>Una nueva generaci\u00f3n de productos que mejoran nuestro entorno, con car\u00e1cter y de manera sostenible.<\/p><p>Buscamos la ecoeficiencia en la producci\u00f3n del producto, la utilizaci\u00f3n de materiales procedentes del reciclaje y la incorporaci\u00f3n de nuevas tecnolog\u00edas para dise\u00f1ar espacios multifuncionales.<\/p><p><em>Arquitectura y paisaje: Lola Dom\u00e8nech<br \/><\/em><\/p><p><em>Fotograf\u00eda: Adri\u00e0 Goula<\/em><\/p>\t\t\t\t\t\t\t\t<\/div>\n\t\t\t\t<\/div>\n\t\t\t\t<div class=\"elementor-element elementor-element-11fa8c8 elementor-widget elementor-widget-image\" data-id=\"11fa8c8\" data-element_type=\"widget\" data-e-type=\"widget\" data-widget_type=\"image.default\">\n\t\t\t\t\t\t\t\t\t\t\t\t\t\t\t<img fetchpriority=\"high\" decoding=\"async\" width=\"1300\" height=\"900\" src=\"https:\/\/breinco.com\/wp-content\/uploads\/2025\/11\/filosofia-passeig-st-joan-img.webp\" class=\"attachment-full size-full wp-image-5349\" alt=\"\" srcset=\"https:\/\/breinco.com\/wp-content\/uploads\/2025\/11\/filosofia-passeig-st-joan-img.webp 1300w, https:\/\/breinco.com\/wp-content\/uploads\/2025\/11\/filosofia-passeig-st-joan-img-300x208.webp 300w, https:\/\/breinco.com\/wp-content\/uploads\/2025\/11\/filosofia-passeig-st-joan-img-1024x709.webp 1024w, https:\/\/breinco.com\/wp-content\/uploads\/2025\/11\/filosofia-passeig-st-joan-img-768x532.webp 768w\" sizes=\"(max-width: 1300px) 100vw, 1300px\" \/>\t\t\t\t\t\t\t\t\t\t\t\t\t\t\t<\/div>\n\t\t\t\t\t<\/div>\n\t\t\t\t<\/div>\n\t\t<div class=\"elementor-element elementor-element-f336f4a e-grid e-con-boxed e-con e-parent\" data-id=\"f336f4a\" data-element_type=\"container\" data-e-type=\"container\" data-settings=\"{&quot;background_background&quot;:&quot;classic&quot;}\">\n\t\t\t\t\t<div class=\"e-con-inner\">\n\t\t\t\t<div class=\"elementor-element elementor-element-0264f90 elementor-widget elementor-widget-text-editor\" data-id=\"0264f90\" data-element_type=\"widget\" data-e-type=\"widget\" data-widget_type=\"text-editor.default\">\n\t\t\t\t\t\t\t\t\t<p>Filosof\u00eda<\/p><h3>Tradici\u00f3n, calidad e innovaci\u00f3n son las constantes de Breinco durante los 50 a\u00f1os que llevamos en el mercado.<\/h3>\t\t\t\t\t\t\t\t<\/div>\n\t\t\t\t<div class=\"elementor-element elementor-element-4007389 elementor-widget elementor-widget-text-editor\" data-id=\"4007389\" data-element_type=\"widget\" data-e-type=\"widget\" data-widget_type=\"text-editor.default\">\n\t\t\t\t\t\t\t\t\t<p>Tenemos oficio, una base t\u00e9cnica y capacidad de innovaci\u00f3n para conseguir evolucionar el proceso de investigaci\u00f3n y desarrollar nuevos productos.<\/p><p>Nuevos retos que nos refuerzan el car\u00e1cter.<\/p>\t\t\t\t\t\t\t\t<\/div>\n\t\t\t\t\t<\/div>\n\t\t\t\t<\/div>\n\t\t<div class=\"elementor-element elementor-element-5317ee4 e-grid e-con-boxed e-con e-parent\" data-id=\"5317ee4\" data-element_type=\"container\" data-e-type=\"container\" data-settings=\"{&quot;background_background&quot;:&quot;classic&quot;}\">\n\t\t\t\t\t<div class=\"e-con-inner\">\n\t\t<div class=\"elementor-element elementor-element-c9385de e-con-full e-flex e-con e-child\" data-id=\"c9385de\" data-element_type=\"container\" data-e-type=\"container\">\n\t\t\t\t<div class=\"elementor-element elementor-element-ab636a5 elementor-widget elementor-widget-text-editor\" data-id=\"ab636a5\" data-element_type=\"widget\" data-e-type=\"widget\" data-widget_type=\"text-editor.default\">\n\t\t\t\t\t\t\t\t\t<h5>Visi\u00f3n<\/h5>\n<h3>La consciencia de ser parte del planeta nos impulsa a innovar, a perfeccionar t\u00e9cnicamente y a crear espacios sostenibles y limpios, que apuesten por un nuevo futuro: bluefuture.<\/h3>\n\n<p>La creatividad, la consciencia con el medio ambiente y un oficio s\u00f3lido son valores que forman parte del estilo de las personas que trabajan con nosotros. Una manera de hacer que marca nuestros productos, diferenci\u00e1ndolos claramente en el mercado.<\/p>\n\n<p>Nuestro reto es seguir aportando soluciones innovadoras con alto valor paisaj\u00edstico bas\u00e1ndonos en las nuevas tendencias en arquitectura y urbanismo. En Breinco sabemos aprovechar las ventajas de la tecnolog\u00eda en relaci\u00f3n al coste, calidad, tiempos de instalaci\u00f3n y rendimiento medioambiental. Revisando y mejorando continuamente con tal de incrementar el nivel de excelencia que queremos ofrecer a nuestros clientes.<\/p>\n\n<p>Con esta l\u00ednea hemos dise\u00f1ado este espacio online, que pretende ser un reflejo de nuestro talante. Hemos incluido las herramientas necesarias para ayudar en los proyectos de intervenciones en espacios libres y paisajes. Esperemos que disfrute navegando, tal y como si fuera un paseo.<\/p>\n\n\n  <p>De la misma manera, os invitamos a pasear in situ en el entorno ajardinado de nuestra exposici\u00f3n, en un espacio privilegiado de 5.000m2 integrado en nuestras instalaciones. As\u00ed podr\u00e9is conocer de primera mano los efectos especiales que ofrecen nuestros materiales en aplicaciones concretas. Un ambiente real donde experimentar, captar sensaciones y generar ideas para empezar a hacer realidad vuestros proyectos.<\/p>\n\n\t\t\t\t\t\t\t\t<\/div>\n\t\t<div class=\"elementor-element elementor-element-5e9d9c4 e-grid e-con-full e-con e-child\" data-id=\"5e9d9c4\" data-element_type=\"container\" data-e-type=\"container\">\n\t\t<div class=\"elementor-element elementor-element-839a25c e-con-full e-flex e-con e-child\" data-id=\"839a25c\" data-element_type=\"container\" data-e-type=\"container\">\n\t\t\t\t<div class=\"elementor-element elementor-element-e22d4e0 elementor-widget elementor-widget-image\" data-id=\"e22d4e0\" data-element_type=\"widget\" data-e-type=\"widget\" data-widget_type=\"image.default\">\n\t\t\t\t\t\t\t\t\t\t\t\t\t\t\t<img decoding=\"async\" width=\"420\" height=\"300\" src=\"https:\/\/breinco.com\/wp-content\/uploads\/2025\/11\/firma-angel-breinco-1.webp\" class=\"attachment-large size-large wp-image-4725\" alt=\"\" srcset=\"https:\/\/breinco.com\/wp-content\/uploads\/2025\/11\/firma-angel-breinco-1.webp 420w, https:\/\/breinco.com\/wp-content\/uploads\/2025\/11\/firma-angel-breinco-1-300x214.webp 300w\" sizes=\"(max-width: 420px) 100vw, 420px\" \/>\t\t\t\t\t\t\t\t\t\t\t\t\t\t\t<\/div>\n\t\t\t\t<div class=\"elementor-element elementor-element-58a136d elementor-widget elementor-widget-text-editor\" data-id=\"58a136d\" data-element_type=\"widget\" data-e-type=\"widget\" data-widget_type=\"text-editor.default\">\n\t\t\t\t\t\t\t\t\t<p>Angel Sitj\u00e0<br \/>Presidente\u00a0<\/p>\t\t\t\t\t\t\t\t<\/div>\n\t\t\t\t<\/div>\n\t\t<div class=\"elementor-element elementor-element-a7fad4e e-con-full e-flex e-con e-child\" data-id=\"a7fad4e\" data-element_type=\"container\" data-e-type=\"container\">\n\t\t\t\t<div class=\"elementor-element elementor-element-a1c0ca7 elementor-widget elementor-widget-image\" data-id=\"a1c0ca7\" data-element_type=\"widget\" data-e-type=\"widget\" data-widget_type=\"image.default\">\n\t\t\t\t\t\t\t\t\t\t\t\t\t\t\t<img decoding=\"async\" width=\"420\" height=\"300\" src=\"https:\/\/breinco.com\/wp-content\/uploads\/2025\/11\/firma-marina-breinco-1.webp\" class=\"attachment-large size-large wp-image-4726\" alt=\"\" srcset=\"https:\/\/breinco.com\/wp-content\/uploads\/2025\/11\/firma-marina-breinco-1.webp 420w, https:\/\/breinco.com\/wp-content\/uploads\/2025\/11\/firma-marina-breinco-1-300x214.webp 300w\" sizes=\"(max-width: 420px) 100vw, 420px\" \/>\t\t\t\t\t\t\t\t\t\t\t\t\t\t\t<\/div>\n\t\t\t\t<div class=\"elementor-element elementor-element-abe71e0 elementor-widget elementor-widget-text-editor\" data-id=\"abe71e0\" data-element_type=\"widget\" data-e-type=\"widget\" data-widget_type=\"text-editor.default\">\n\t\t\t\t\t\t\t\t\t<p>Marina Sitj\u00e0<br \/>Chief Financial officer (CFO)<\/p>\t\t\t\t\t\t\t\t<\/div>\n\t\t\t\t<\/div>\n\t\t<div class=\"elementor-element elementor-element-c188d35 e-con-full e-flex e-con e-child\" data-id=\"c188d35\" data-element_type=\"container\" data-e-type=\"container\">\n\t\t\t\t<div class=\"elementor-element elementor-element-2e08f59 elementor-widget elementor-widget-image\" data-id=\"2e08f59\" data-element_type=\"widget\" data-e-type=\"widget\" data-widget_type=\"image.default\">\n\t\t\t\t\t\t\t\t\t\t\t\t\t\t\t<img loading=\"lazy\" decoding=\"async\" width=\"420\" height=\"300\" src=\"https:\/\/breinco.com\/wp-content\/uploads\/2025\/11\/firma-pere-breinco-1.webp\" class=\"attachment-large size-large wp-image-4727\" alt=\"\" srcset=\"https:\/\/breinco.com\/wp-content\/uploads\/2025\/11\/firma-pere-breinco-1.webp 420w, https:\/\/breinco.com\/wp-content\/uploads\/2025\/11\/firma-pere-breinco-1-300x214.webp 300w\" sizes=\"(max-width: 420px) 100vw, 420px\" \/>\t\t\t\t\t\t\t\t\t\t\t\t\t\t\t<\/div>\n\t\t\t\t<div class=\"elementor-element elementor-element-356f09d elementor-widget elementor-widget-text-editor\" data-id=\"356f09d\" data-element_type=\"widget\" data-e-type=\"widget\" data-widget_type=\"text-editor.default\">\n\t\t\t\t\t\t\t\t\t<p>Pere Sitj\u00e0<br \/>CEO\u00a0<\/p>\t\t\t\t\t\t\t\t<\/div>\n\t\t\t\t<\/div>\n\t\t\t\t<\/div>\n\t\t\t\t<\/div>\n\t\t\t\t<div class=\"elementor-element elementor-element-b165138 elementor-widget elementor-widget-image\" data-id=\"b165138\" data-element_type=\"widget\" data-e-type=\"widget\" data-widget_type=\"image.default\">\n\t\t\t\t\t\t\t\t\t\t\t\t\t\t\t<img loading=\"lazy\" decoding=\"async\" width=\"683\" height=\"1024\" src=\"https:\/\/breinco.com\/wp-content\/uploads\/2025\/10\/filosofia-familia-breinco-683x1024.webp\" class=\"attachment-large size-large wp-image-4289\" alt=\"\" srcset=\"https:\/\/breinco.com\/wp-content\/uploads\/2025\/10\/filosofia-familia-breinco-683x1024.webp 683w, https:\/\/breinco.com\/wp-content\/uploads\/2025\/10\/filosofia-familia-breinco-200x300.webp 200w, https:\/\/breinco.com\/wp-content\/uploads\/2025\/10\/filosofia-familia-breinco-768x1152.webp 768w, https:\/\/breinco.com\/wp-content\/uploads\/2025\/10\/filosofia-familia-breinco-1024x1536.webp 1024w, https:\/\/breinco.com\/wp-content\/uploads\/2025\/10\/filosofia-familia-breinco-1365x2048.webp 1365w, https:\/\/breinco.com\/wp-content\/uploads\/2025\/10\/filosofia-familia-breinco-scaled.webp 1707w\" sizes=\"(max-width: 683px) 100vw, 683px\" \/>\t\t\t\t\t\t\t\t\t\t\t\t\t\t\t<\/div>\n\t\t\t\t\t<\/div>\n\t\t\t\t<\/div>\n\t\t<div class=\"elementor-element elementor-element-55ed9ca e-grid e-con-boxed e-con e-parent\" data-id=\"55ed9ca\" data-element_type=\"container\" data-e-type=\"container\" data-settings=\"{&quot;background_background&quot;:&quot;classic&quot;}\">\n\t\t\t\t\t<div class=\"e-con-inner\">\n\t\t<div class=\"elementor-element elementor-element-5a0f0f7 e-grid e-con-full e-con e-child\" data-id=\"5a0f0f7\" data-element_type=\"container\" data-e-type=\"container\">\n\t\t<div class=\"elementor-element elementor-element-24e3a0c e-con-full e-flex e-con e-child\" data-id=\"24e3a0c\" data-element_type=\"container\" data-e-type=\"container\">\n\t\t\t\t<div class=\"elementor-element elementor-element-1f182b3 elementor-widget elementor-widget-heading\" data-id=\"1f182b3\" data-element_type=\"widget\" data-e-type=\"widget\" data-widget_type=\"heading.default\">\n\t\t\t\t\t<h4 class=\"elementor-heading-title elementor-size-default\">Colaboradores<\/h4>\t\t\t\t<\/div>\n\t\t\t\t<div class=\"elementor-element elementor-element-32aa03d elementor-widget elementor-widget-text-editor\" data-id=\"32aa03d\" data-element_type=\"widget\" data-e-type=\"widget\" data-widget_type=\"text-editor.default\">\n\t\t\t\t\t\t\t\t\t<p>Empresa Socia de la Cruz Roja.<\/p>\t\t\t\t\t\t\t\t<\/div>\n\t\t\t\t<\/div>\n\t\t\t\t<div class=\"elementor-element elementor-element-cdf0c7d elementor-widget elementor-widget-image\" data-id=\"cdf0c7d\" data-element_type=\"widget\" data-e-type=\"widget\" data-widget_type=\"image.default\">\n\t\t\t\t\t\t\t\t\t\t\t\t\t\t\t<img loading=\"lazy\" decoding=\"async\" width=\"800\" height=\"800\" src=\"https:\/\/breinco.com\/wp-content\/uploads\/2026\/03\/badget-colaboradors-en-1024x1024.webp\" class=\"attachment-large size-large wp-image-18364\" alt=\"\" srcset=\"https:\/\/breinco.com\/wp-content\/uploads\/2026\/03\/badget-colaboradors-en-1024x1024.webp 1024w, https:\/\/breinco.com\/wp-content\/uploads\/2026\/03\/badget-colaboradors-en-300x300.webp 300w, https:\/\/breinco.com\/wp-content\/uploads\/2026\/03\/badget-colaboradors-en-150x150.webp 150w, https:\/\/breinco.com\/wp-content\/uploads\/2026\/03\/badget-colaboradors-en-768x768.webp 768w, https:\/\/breinco.com\/wp-content\/uploads\/2026\/03\/badget-colaboradors-en.webp 1032w\" sizes=\"(max-width: 800px) 100vw, 800px\" \/>\t\t\t\t\t\t\t\t\t\t\t\t\t\t\t<\/div>\n\t\t\t\t<\/div>\n\t\t\t\t\t<\/div>\n\t\t\t\t<\/div>\n\t\t\t\t<\/div>\n\t\t","protected":false},"excerpt":{"rendered":"<p>Somos innovaci\u00f3n En Breinco hemos creado una nueva generaci\u00f3n de productos que nacen del conocimiento, del amor y de la experiencia que hemos adquirido a lo largo de los a\u00f1os. Una nueva generaci\u00f3n de productos Empresa de mobiliario urbano y dise\u00f1o urban\u00edstico Una nueva generaci\u00f3n de productos que mejoran nuestro entorno, con car\u00e1cter y de [&hellip;]<\/p>\n","protected":false},"author":1,"featured_media":0,"parent":0,"menu_order":0,"comment_status":"closed","ping_status":"closed","template":"elementor_header_footer","meta":{"_acf_changed":false,"footnotes":""},"class_list":["post-199","page","type-page","status-publish","hentry"],"acf":[],"yoast_head":"<!-- This site is optimized with the Yoast SEO plugin v27.3 - https:\/\/yoast.com\/product\/yoast-seo-wordpress\/ -->\n<title>Filosof\u00eda - Breinco<\/title>\n<meta name=\"robots\" content=\"index, follow, max-snippet:-1, max-image-preview:large, max-video-preview:-1\" \/>\n<link rel=\"canonical\" href=\"https:\/\/breinco.com\/es\/filosofia\/\" \/>\n<meta property=\"og:locale\" content=\"es_ES\" \/>\n<meta property=\"og:type\" content=\"article\" \/>\n<meta property=\"og:title\" content=\"Filosof\u00eda - Breinco\" \/>\n<meta property=\"og:description\" content=\"Somos innovaci\u00f3n En Breinco hemos creado una nueva generaci\u00f3n de productos que nacen del conocimiento, del amor y de la experiencia que hemos adquirido a lo largo de los a\u00f1os. Una nueva generaci\u00f3n de productos Empresa de mobiliario urbano y dise\u00f1o urban\u00edstico Una nueva generaci\u00f3n de productos que mejoran nuestro entorno, con car\u00e1cter y de [&hellip;]\" \/>\n<meta property=\"og:url\" content=\"https:\/\/breinco.com\/es\/filosofia\/\" \/>\n<meta property=\"og:site_name\" content=\"Breinco\" \/>\n<meta property=\"article:publisher\" content=\"https:\/\/www.facebook.com\/breincosmart\/\" \/>\n<meta property=\"article:modified_time\" content=\"2026-03-19T12:01:01+00:00\" \/>\n<meta property=\"og:image\" content=\"https:\/\/breinco.com\/wp-content\/uploads\/2025\/11\/filosofia-passeig-st-joan-img.webp\" \/>\n\t<meta property=\"og:image:width\" content=\"1300\" \/>\n\t<meta property=\"og:image:height\" content=\"900\" \/>\n\t<meta property=\"og:image:type\" content=\"image\/webp\" \/>\n<meta name=\"twitter:card\" content=\"summary_large_image\" \/>\n<meta name=\"twitter:site\" content=\"@breincoGroup\" \/>\n<meta name=\"twitter:label1\" content=\"Tiempo de lectura\" \/>\n\t<meta name=\"twitter:data1\" content=\"2 minutos\" \/>\n<script type=\"application\/ld+json\" class=\"yoast-schema-graph\">{\"@context\":\"https:\\\/\\\/schema.org\",\"@graph\":[{\"@type\":\"WebPage\",\"@id\":\"https:\\\/\\\/breinco.com\\\/es\\\/filosofia\\\/\",\"url\":\"https:\\\/\\\/breinco.com\\\/es\\\/filosofia\\\/\",\"name\":\"Filosof\u00eda - Breinco\",\"isPartOf\":{\"@id\":\"https:\\\/\\\/breinco.com\\\/es\\\/#website\"},\"primaryImageOfPage\":{\"@id\":\"https:\\\/\\\/breinco.com\\\/es\\\/filosofia\\\/#primaryimage\"},\"image\":{\"@id\":\"https:\\\/\\\/breinco.com\\\/es\\\/filosofia\\\/#primaryimage\"},\"thumbnailUrl\":\"https:\\\/\\\/breinco.com\\\/wp-content\\\/uploads\\\/2025\\\/11\\\/filosofia-passeig-st-joan-img.webp\",\"datePublished\":\"2025-04-01T08:10:24+00:00\",\"dateModified\":\"2026-03-19T12:01:01+00:00\",\"breadcrumb\":{\"@id\":\"https:\\\/\\\/breinco.com\\\/es\\\/filosofia\\\/#breadcrumb\"},\"inLanguage\":\"es\",\"potentialAction\":[{\"@type\":\"ReadAction\",\"target\":[\"https:\\\/\\\/breinco.com\\\/es\\\/filosofia\\\/\"]}]},{\"@type\":\"ImageObject\",\"inLanguage\":\"es\",\"@id\":\"https:\\\/\\\/breinco.com\\\/es\\\/filosofia\\\/#primaryimage\",\"url\":\"https:\\\/\\\/breinco.com\\\/wp-content\\\/uploads\\\/2025\\\/11\\\/filosofia-passeig-st-joan-img.webp\",\"contentUrl\":\"https:\\\/\\\/breinco.com\\\/wp-content\\\/uploads\\\/2025\\\/11\\\/filosofia-passeig-st-joan-img.webp\"},{\"@type\":\"BreadcrumbList\",\"@id\":\"https:\\\/\\\/breinco.com\\\/es\\\/filosofia\\\/#breadcrumb\",\"itemListElement\":[{\"@type\":\"ListItem\",\"position\":1,\"name\":\"Portada\",\"item\":\"https:\\\/\\\/breinco.com\\\/es\\\/\"},{\"@type\":\"ListItem\",\"position\":2,\"name\":\"Filosof\u00eda\"}]},{\"@type\":\"WebSite\",\"@id\":\"https:\\\/\\\/breinco.com\\\/es\\\/#website\",\"url\":\"https:\\\/\\\/breinco.com\\\/es\\\/\",\"name\":\"Breinco\",\"description\":\"\",\"publisher\":{\"@id\":\"https:\\\/\\\/breinco.com\\\/es\\\/#organization\"},\"alternateName\":\"Urban Furniture, Architecture and Landscaping\",\"potentialAction\":[{\"@type\":\"SearchAction\",\"target\":{\"@type\":\"EntryPoint\",\"urlTemplate\":\"https:\\\/\\\/breinco.com\\\/es\\\/?s={search_term_string}\"},\"query-input\":{\"@type\":\"PropertyValueSpecification\",\"valueRequired\":true,\"valueName\":\"search_term_string\"}}],\"inLanguage\":\"es\"},{\"@type\":\"Organization\",\"@id\":\"https:\\\/\\\/breinco.com\\\/es\\\/#organization\",\"name\":\"Breinco\",\"url\":\"https:\\\/\\\/breinco.com\\\/es\\\/\",\"logo\":{\"@type\":\"ImageObject\",\"inLanguage\":\"es\",\"@id\":\"https:\\\/\\\/breinco.com\\\/es\\\/#\\\/schema\\\/logo\\\/image\\\/\",\"url\":\"https:\\\/\\\/breinco.com\\\/wp-content\\\/uploads\\\/2025\\\/04\\\/breinco-brand.svg\",\"contentUrl\":\"https:\\\/\\\/breinco.com\\\/wp-content\\\/uploads\\\/2025\\\/04\\\/breinco-brand.svg\",\"width\":26,\"height\":58,\"caption\":\"Breinco\"},\"image\":{\"@id\":\"https:\\\/\\\/breinco.com\\\/es\\\/#\\\/schema\\\/logo\\\/image\\\/\"},\"sameAs\":[\"https:\\\/\\\/www.facebook.com\\\/breincosmart\\\/\",\"https:\\\/\\\/x.com\\\/breincoGroup\",\"https:\\\/\\\/www.instagram.com\\\/breinco\\\/\",\"https:\\\/\\\/www.linkedin.com\\\/company\\\/breinco-esp\\\/\"]}]}<\/script>\n<!-- \/ Yoast SEO plugin. -->","yoast_head_json":{"title":"Filosof\u00eda - Breinco","robots":{"index":"index","follow":"follow","max-snippet":"max-snippet:-1","max-image-preview":"max-image-preview:large","max-video-preview":"max-video-preview:-1"},"canonical":"https:\/\/breinco.com\/es\/filosofia\/","og_locale":"es_ES","og_type":"article","og_title":"Filosof\u00eda - Breinco","og_description":"Somos innovaci\u00f3n En Breinco hemos creado una nueva generaci\u00f3n de productos que nacen del conocimiento, del amor y de la experiencia que hemos adquirido a lo largo de los a\u00f1os. Una nueva generaci\u00f3n de productos Empresa de mobiliario urbano y dise\u00f1o urban\u00edstico Una nueva generaci\u00f3n de productos que mejoran nuestro entorno, con car\u00e1cter y de [&hellip;]","og_url":"https:\/\/breinco.com\/es\/filosofia\/","og_site_name":"Breinco","article_publisher":"https:\/\/www.facebook.com\/breincosmart\/","article_modified_time":"2026-03-19T12:01:01+00:00","og_image":[{"width":1300,"height":900,"url":"https:\/\/breinco.com\/wp-content\/uploads\/2025\/11\/filosofia-passeig-st-joan-img.webp","type":"image\/webp"}],"twitter_card":"summary_large_image","twitter_site":"@breincoGroup","twitter_misc":{"Tiempo de lectura":"2 minutos"},"schema":{"@context":"https:\/\/schema.org","@graph":[{"@type":"WebPage","@id":"https:\/\/breinco.com\/es\/filosofia\/","url":"https:\/\/breinco.com\/es\/filosofia\/","name":"Filosof\u00eda - Breinco","isPartOf":{"@id":"https:\/\/breinco.com\/es\/#website"},"primaryImageOfPage":{"@id":"https:\/\/breinco.com\/es\/filosofia\/#primaryimage"},"image":{"@id":"https:\/\/breinco.com\/es\/filosofia\/#primaryimage"},"thumbnailUrl":"https:\/\/breinco.com\/wp-content\/uploads\/2025\/11\/filosofia-passeig-st-joan-img.webp","datePublished":"2025-04-01T08:10:24+00:00","dateModified":"2026-03-19T12:01:01+00:00","breadcrumb":{"@id":"https:\/\/breinco.com\/es\/filosofia\/#breadcrumb"},"inLanguage":"es","potentialAction":[{"@type":"ReadAction","target":["https:\/\/breinco.com\/es\/filosofia\/"]}]},{"@type":"ImageObject","inLanguage":"es","@id":"https:\/\/breinco.com\/es\/filosofia\/#primaryimage","url":"https:\/\/breinco.com\/wp-content\/uploads\/2025\/11\/filosofia-passeig-st-joan-img.webp","contentUrl":"https:\/\/breinco.com\/wp-content\/uploads\/2025\/11\/filosofia-passeig-st-joan-img.webp"},{"@type":"BreadcrumbList","@id":"https:\/\/breinco.com\/es\/filosofia\/#breadcrumb","itemListElement":[{"@type":"ListItem","position":1,"name":"Portada","item":"https:\/\/breinco.com\/es\/"},{"@type":"ListItem","position":2,"name":"Filosof\u00eda"}]},{"@type":"WebSite","@id":"https:\/\/breinco.com\/es\/#website","url":"https:\/\/breinco.com\/es\/","name":"Breinco","description":"","publisher":{"@id":"https:\/\/breinco.com\/es\/#organization"},"alternateName":"Urban Furniture, Architecture and Landscaping","potentialAction":[{"@type":"SearchAction","target":{"@type":"EntryPoint","urlTemplate":"https:\/\/breinco.com\/es\/?s={search_term_string}"},"query-input":{"@type":"PropertyValueSpecification","valueRequired":true,"valueName":"search_term_string"}}],"inLanguage":"es"},{"@type":"Organization","@id":"https:\/\/breinco.com\/es\/#organization","name":"Breinco","url":"https:\/\/breinco.com\/es\/","logo":{"@type":"ImageObject","inLanguage":"es","@id":"https:\/\/breinco.com\/es\/#\/schema\/logo\/image\/","url":"https:\/\/breinco.com\/wp-content\/uploads\/2025\/04\/breinco-brand.svg","contentUrl":"https:\/\/breinco.com\/wp-content\/uploads\/2025\/04\/breinco-brand.svg","width":26,"height":58,"caption":"Breinco"},"image":{"@id":"https:\/\/breinco.com\/es\/#\/schema\/logo\/image\/"},"sameAs":["https:\/\/www.facebook.com\/breincosmart\/","https:\/\/x.com\/breincoGroup","https:\/\/www.instagram.com\/breinco\/","https:\/\/www.linkedin.com\/company\/breinco-esp\/"]}]}},"_links":{"self":[{"href":"https:\/\/breinco.com\/es\/wp-json\/wp\/v2\/pages\/199","targetHints":{"allow":["GET"]}}],"collection":[{"href":"https:\/\/breinco.com\/es\/wp-json\/wp\/v2\/pages"}],"about":[{"href":"https:\/\/breinco.com\/es\/wp-json\/wp\/v2\/types\/page"}],"author":[{"embeddable":true,"href":"https:\/\/breinco.com\/es\/wp-json\/wp\/v2\/users\/1"}],"replies":[{"embeddable":true,"href":"https:\/\/breinco.com\/es\/wp-json\/wp\/v2\/comments?post=199"}],"version-history":[{"count":51,"href":"https:\/\/breinco.com\/es\/wp-json\/wp\/v2\/pages\/199\/revisions"}],"predecessor-version":[{"id":20277,"href":"https:\/\/breinco.com\/es\/wp-json\/wp\/v2\/pages\/199\/revisions\/20277"}],"wp:attachment":[{"href":"https:\/\/breinco.com\/es\/wp-json\/wp\/v2\/media?parent=199"}],"curies":[{"name":"wp","href":"https:\/\/api.w.org\/{rel}","templated":true}]}}