{"id":200,"date":"2025-04-01T10:10:29","date_gmt":"2025-04-01T08:10:29","guid":{"rendered":"https:\/\/dev.breinco.com\/?page_id=200"},"modified":"2026-03-16T10:50:52","modified_gmt":"2026-03-16T09:50:52","slug":"lifestyle","status":"publish","type":"page","link":"https:\/\/breinco.com\/es\/lifestyle\/","title":{"rendered":"Lifestyle"},"content":{"rendered":"\t\t<div data-elementor-type=\"wp-page\" data-elementor-id=\"200\" class=\"elementor elementor-200\" data-elementor-post-type=\"page\">\n\t\t\t\t<div class=\"elementor-element elementor-element-abd29e8 e-flex e-con-boxed e-con e-parent\" data-id=\"abd29e8\" data-element_type=\"container\" data-e-type=\"container\" data-settings=\"{&quot;background_background&quot;:&quot;classic&quot;}\">\n\t\t\t\t\t<div class=\"e-con-inner\">\n\t\t<div class=\"elementor-element elementor-element-4debd5a e-con-full e-flex e-con e-child\" data-id=\"4debd5a\" data-element_type=\"container\" data-e-type=\"container\">\n\t\t\t\t<div class=\"elementor-element elementor-element-328501a elementor-widget elementor-widget-heading\" data-id=\"328501a\" data-element_type=\"widget\" data-e-type=\"widget\" data-widget_type=\"heading.default\">\n\t\t\t\t\t<h1 class=\"elementor-heading-title elementor-size-default\">Somos mediterr\u00e1neos<\/h1>\t\t\t\t<\/div>\n\t\t\t\t<div class=\"elementor-element elementor-element-5146bc5 elementor-widget elementor-widget-text-editor\" data-id=\"5146bc5\" data-element_type=\"widget\" data-e-type=\"widget\" data-widget_type=\"text-editor.default\">\n\t\t\t\t\t\t\t\t\t<p>M\u00e1s que un mar. El Mediterr\u00e1neo ha ido sedimentando a lo largo de los milenios una cultura que le es propia donde la gente se reconoce y se describe.<br \/>Una valiosa herencia que, mediante la simplicidad y la variedad, ha dado lugar a una combinaci\u00f3n equilibrada y completa que nos embriaga los sentidos y nos diferencia.<\/p>\t\t\t\t\t\t\t\t<\/div>\n\t\t\t\t<\/div>\n\t\t\t\t\t<\/div>\n\t\t\t\t<\/div>\n\t\t<div class=\"elementor-element elementor-element-4d519636 e-grid grid-1fr-2fr e-con-boxed e-con e-child\" data-id=\"4d519636\" data-element_type=\"container\" data-e-type=\"container\">\n\t\t\t\t\t<div class=\"e-con-inner\">\n\t\t<div class=\"elementor-element elementor-element-4c3e7543 e-con-full e-flex e-con e-child\" data-id=\"4c3e7543\" data-element_type=\"container\" data-e-type=\"container\">\n\t\t<div class=\"elementor-element elementor-element-26d7a041 e-con-full e-flex e-con e-child\" data-id=\"26d7a041\" data-element_type=\"container\" data-e-type=\"container\">\n\t\t\t\t<div class=\"elementor-element elementor-element-4f998596 elementor-widget elementor-widget-heading\" data-id=\"4f998596\" data-element_type=\"widget\" data-e-type=\"widget\" data-widget_type=\"heading.default\">\n\t\t\t\t\t<h2 class=\"elementor-heading-title elementor-size-default\">Esencia<\/h2>\t\t\t\t<\/div>\n\t\t\t\t<div class=\"elementor-element elementor-element-6848bf5 elementor-widget elementor-widget-text-editor\" data-id=\"6848bf5\" data-element_type=\"widget\" data-e-type=\"widget\" data-widget_type=\"text-editor.default\">\n\t\t\t\t\t\t\t\t\t<h3>Barcelona, una capital del Mediterr\u00e1neo<\/h3><p>La m\u00e1xima expresi\u00f3n de la cultura mediterr\u00e1nea.\u00a0<\/p><p>El susurro de las olas de la playa, el puerto, la luz que ba\u00f1a nuestras actividades cotidianas, un espacio donde nos confundimos y nos mezclamos.\u00a0<\/p><p>Barcelona es una ciudad generosa, predispuesta a aprender y a ense\u00f1ar, a recibir y a ofrecer. Un referente mundial en espacios p\u00fablicos.<\/p>\t\t\t\t\t\t\t\t<\/div>\n\t\t\t\t<\/div>\n\t\t\t\t<\/div>\n\t\t\t\t<div class=\"elementor-element elementor-element-a977b8d elementor-widget elementor-widget-image\" data-id=\"a977b8d\" data-element_type=\"widget\" data-e-type=\"widget\" data-widget_type=\"image.default\">\n\t\t\t\t\t\t\t\t\t\t\t\t\t\t\t<img fetchpriority=\"high\" decoding=\"async\" width=\"1200\" height=\"800\" src=\"https:\/\/breinco.com\/wp-content\/uploads\/2025\/05\/MG_6825-5-1.webp\" class=\"attachment-full size-full wp-image-232\" alt=\"\" srcset=\"https:\/\/breinco.com\/wp-content\/uploads\/2025\/05\/MG_6825-5-1.webp 1200w, https:\/\/breinco.com\/wp-content\/uploads\/2025\/05\/MG_6825-5-1-300x200.webp 300w, https:\/\/breinco.com\/wp-content\/uploads\/2025\/05\/MG_6825-5-1-1024x683.webp 1024w, https:\/\/breinco.com\/wp-content\/uploads\/2025\/05\/MG_6825-5-1-768x512.webp 768w\" sizes=\"(max-width: 1200px) 100vw, 1200px\" \/>\t\t\t\t\t\t\t\t\t\t\t\t\t\t\t<\/div>\n\t\t\t\t\t<\/div>\n\t\t\t\t<\/div>\n\t\t<div class=\"elementor-element elementor-element-a7dc0e9 e-grid e-con-boxed e-con e-parent\" data-id=\"a7dc0e9\" data-element_type=\"container\" data-e-type=\"container\" data-settings=\"{&quot;background_background&quot;:&quot;classic&quot;}\">\n\t\t\t\t\t<div class=\"e-con-inner\">\n\t\t\t\t<div class=\"elementor-element elementor-element-f59d0de elementor-widget elementor-widget-image\" data-id=\"f59d0de\" data-element_type=\"widget\" data-e-type=\"widget\" data-widget_type=\"image.default\">\n\t\t\t\t\t\t\t\t\t\t\t\t\t\t\t<img decoding=\"async\" width=\"1\" height=\"1\" src=\"https:\/\/breinco.com\/wp-content\/uploads\/2025\/07\/logo-get-inspirted-breinco.svg\" class=\"attachment-large size-large wp-image-1605\" alt=\"\" \/>\t\t\t\t\t\t\t\t\t\t\t\t\t\t\t<\/div>\n\t\t<div class=\"elementor-element elementor-element-19f3469 e-con-full e-flex e-con e-child\" data-id=\"19f3469\" data-element_type=\"container\" data-e-type=\"container\">\n\t\t\t\t<div class=\"elementor-element elementor-element-c546dec elementor-widget elementor-widget-heading\" data-id=\"c546dec\" data-element_type=\"widget\" data-e-type=\"widget\" data-widget_type=\"heading.default\">\n\t\t\t\t\t<h2 class=\"elementor-heading-title elementor-size-default\">Get inspired<\/h2>\t\t\t\t<\/div>\n\t\t\t\t<div class=\"elementor-element elementor-element-3c49ab9 elementor-widget elementor-widget-text-editor\" data-id=\"3c49ab9\" data-element_type=\"widget\" data-e-type=\"widget\" data-widget_type=\"text-editor.default\">\n\t\t\t\t\t\t\t\t\t<h3>Soluciones urban\u00edsticas creativas<\/h3><p>Nuestro reto es poner a disposici\u00f3n de los t\u00e9cnicos soluciones innovadoras y sostenibles para crear espacios \u00fanicos e irrepetibles, ofreci\u00e9ndole nuestra s\u00f3lida experiencia y una infraestructura potente.<\/p><p>Estudiamos los proyectos ideados por los prescriptores y los llevamos conjuntamente a cabo con las m\u00e1ximas garant\u00edas funcionales de dise\u00f1o y calidad.<br \/>Dialogamos para adaptar las particularidades de cada uno de los entornos en los que trabajamos.<\/p>\t\t\t\t\t\t\t\t<\/div>\n\t\t\t\t<\/div>\n\t\t\t\t\t<\/div>\n\t\t\t\t<\/div>\n\t\t<div class=\"elementor-element elementor-element-70057b7 e-grid grid-1fr-2fr e-con-boxed e-con e-child\" data-id=\"70057b7\" data-element_type=\"container\" data-e-type=\"container\">\n\t\t\t\t\t<div class=\"e-con-inner\">\n\t\t<div class=\"elementor-element elementor-element-06eb53d e-con-full e-flex e-con e-child\" data-id=\"06eb53d\" data-element_type=\"container\" data-e-type=\"container\">\n\t\t<div class=\"elementor-element elementor-element-ba17d79 e-con-full e-flex e-con e-child\" data-id=\"ba17d79\" data-element_type=\"container\" data-e-type=\"container\">\n\t\t\t\t<div class=\"elementor-element elementor-element-b1a5021 elementor-widget elementor-widget-heading\" data-id=\"b1a5021\" data-element_type=\"widget\" data-e-type=\"widget\" data-widget_type=\"heading.default\">\n\t\t\t\t\t<h2 class=\"elementor-heading-title elementor-size-default\">Nuevas necesidades<\/h2>\t\t\t\t<\/div>\n\t\t\t\t<div class=\"elementor-element elementor-element-fbd5f1e elementor-widget elementor-widget-text-editor\" data-id=\"fbd5f1e\" data-element_type=\"widget\" data-e-type=\"widget\" data-widget_type=\"text-editor.default\">\n\t\t\t\t\t\t\t\t\t<h3>Fabricante de Mobiliario Urbano<\/h3>\n<p>Evaluamos las nuevas tendencias correspondientes a los h\u00e1bitos de los ciudadanos seg\u00fan los dise\u00f1os de espacios urbanos. En los \u00faltimos a\u00f1os, una nueva regeneraci\u00f3n urbana confiere nuevas necesidades que respondan a dichos usos y espacios.<\/p>\n<p>El potencial de interacci\u00f3n social que promueve un objeto puede considerarse determinante y el principal indicador de \u00e9xito de un espacio p\u00fablico. En un mismo espacio, el entorno cambia seg\u00fan el mobiliario urbano que se coloque en el escenario.<\/p>\t\t\t\t\t\t\t\t<\/div>\n\t\t\t\t<\/div>\n\t\t\t\t<div class=\"elementor-element elementor-element-6d2b4b9 arrow-go elementor-widget elementor-widget-button\" data-id=\"6d2b4b9\" data-element_type=\"widget\" data-e-type=\"widget\" data-widget_type=\"button.default\">\n\t\t\t\t\t\t\t\t\t\t<a class=\"elementor-button elementor-button-link elementor-size-sm\" href=\"https:\/\/breinco.com\/products\/mobiliario-urbano\/\">\n\t\t\t\t\t\t<span class=\"elementor-button-content-wrapper\">\n\t\t\t\t\t\t<span class=\"elementor-button-icon\">\n\t\t\t\t<svg xmlns=\"http:\/\/www.w3.org\/2000\/svg\" width=\"24\" height=\"24\" viewBox=\"0 0 24 24\" fill=\"none\"><path d=\"M12 0C18.6274 0 24 5.37258 24 12C24 18.6274 18.6274 24 12 24C5.37258 24 0 18.6274 0 12C0 5.37258 5.37258 0 12 0ZM10.7822 8C10.4944 8.0002 10.2609 8.23358 10.2607 8.52148C10.2607 8.80951 10.4943 9.04374 10.7822 9.04395H14.2188L8.15234 15.1094C7.94887 15.3132 7.94869 15.6439 8.15234 15.8477C8.35602 16.0513 8.68686 16.0511 8.89062 15.8477L14.9561 9.78125V13.2178C14.9563 13.5057 15.1904 13.7393 15.4785 13.7393C15.7664 13.7391 15.9998 13.5056 16 13.2178V8.52148C15.9999 8.23352 15.7664 8.00012 15.4785 8H10.7822Z\" fill=\"currentColor\"><\/path><\/svg>\t\t\t<\/span>\n\t\t\t\t\t\t\t\t\t<span class=\"elementor-button-text\">Ver productos<\/span>\n\t\t\t\t\t<\/span>\n\t\t\t\t\t<\/a>\n\t\t\t\t\t\t\t\t<\/div>\n\t\t\t\t<\/div>\n\t\t\t\t<div class=\"elementor-element elementor-element-7f1a2e6 elementor-widget elementor-widget-image\" data-id=\"7f1a2e6\" data-element_type=\"widget\" data-e-type=\"widget\" data-widget_type=\"image.default\">\n\t\t\t\t\t\t\t\t\t\t\t\t\t\t\t<img decoding=\"async\" width=\"1200\" height=\"800\" src=\"https:\/\/breinco.com\/wp-content\/uploads\/2025\/11\/BRE_XXSS-Image-LISTOMAT11-7.webp\" class=\"attachment-full size-full wp-image-5485\" alt=\"\" srcset=\"https:\/\/breinco.com\/wp-content\/uploads\/2025\/11\/BRE_XXSS-Image-LISTOMAT11-7.webp 1200w, https:\/\/breinco.com\/wp-content\/uploads\/2025\/11\/BRE_XXSS-Image-LISTOMAT11-7-300x200.webp 300w, https:\/\/breinco.com\/wp-content\/uploads\/2025\/11\/BRE_XXSS-Image-LISTOMAT11-7-1024x683.webp 1024w, https:\/\/breinco.com\/wp-content\/uploads\/2025\/11\/BRE_XXSS-Image-LISTOMAT11-7-768x512.webp 768w\" sizes=\"(max-width: 1200px) 100vw, 1200px\" \/>\t\t\t\t\t\t\t\t\t\t\t\t\t\t\t<\/div>\n\t\t\t\t\t<\/div>\n\t\t\t\t<\/div>\n\t\t\t\t<\/div>\n\t\t","protected":false},"excerpt":{"rendered":"<p>Somos mediterr\u00e1neos M\u00e1s que un mar. El Mediterr\u00e1neo ha ido sedimentando a lo largo de los milenios una cultura que le es propia donde la gente se reconoce y se describe.Una valiosa herencia que, mediante la simplicidad y la variedad, ha dado lugar a una combinaci\u00f3n equilibrada y completa que nos embriaga los sentidos y [&hellip;]<\/p>\n","protected":false},"author":1,"featured_media":0,"parent":0,"menu_order":0,"comment_status":"closed","ping_status":"closed","template":"elementor_header_footer","meta":{"_acf_changed":false,"footnotes":""},"class_list":["post-200","page","type-page","status-publish","hentry"],"acf":[],"yoast_head":"<!-- This site is optimized with the Yoast SEO plugin v27.3 - https:\/\/yoast.com\/product\/yoast-seo-wordpress\/ -->\n<title>Lifestyle - Breinco<\/title>\n<meta name=\"robots\" content=\"index, follow, max-snippet:-1, max-image-preview:large, max-video-preview:-1\" \/>\n<link rel=\"canonical\" href=\"https:\/\/breinco.com\/es\/lifestyle\/\" \/>\n<meta property=\"og:locale\" content=\"es_ES\" \/>\n<meta property=\"og:type\" content=\"article\" \/>\n<meta property=\"og:title\" content=\"Lifestyle - Breinco\" \/>\n<meta property=\"og:description\" content=\"Somos mediterr\u00e1neos M\u00e1s que un mar. El Mediterr\u00e1neo ha ido sedimentando a lo largo de los milenios una cultura que le es propia donde la gente se reconoce y se describe.Una valiosa herencia que, mediante la simplicidad y la variedad, ha dado lugar a una combinaci\u00f3n equilibrada y completa que nos embriaga los sentidos y [&hellip;]\" \/>\n<meta property=\"og:url\" content=\"https:\/\/breinco.com\/es\/lifestyle\/\" \/>\n<meta property=\"og:site_name\" content=\"Breinco\" \/>\n<meta property=\"article:publisher\" content=\"https:\/\/www.facebook.com\/breincosmart\/\" \/>\n<meta property=\"article:modified_time\" content=\"2026-03-16T09:50:52+00:00\" \/>\n<meta property=\"og:image\" content=\"https:\/\/breinco.com\/wp-content\/uploads\/2025\/05\/MG_6825-5-1.webp\" \/>\n\t<meta property=\"og:image:width\" content=\"1200\" \/>\n\t<meta property=\"og:image:height\" content=\"800\" \/>\n\t<meta property=\"og:image:type\" content=\"image\/webp\" \/>\n<meta name=\"twitter:card\" content=\"summary_large_image\" \/>\n<meta name=\"twitter:site\" content=\"@breincoGroup\" \/>\n<meta name=\"twitter:label1\" content=\"Tiempo de lectura\" \/>\n\t<meta name=\"twitter:data1\" content=\"2 minutos\" \/>\n<script type=\"application\/ld+json\" class=\"yoast-schema-graph\">{\"@context\":\"https:\\\/\\\/schema.org\",\"@graph\":[{\"@type\":\"WebPage\",\"@id\":\"https:\\\/\\\/breinco.com\\\/es\\\/lifestyle\\\/\",\"url\":\"https:\\\/\\\/breinco.com\\\/es\\\/lifestyle\\\/\",\"name\":\"Lifestyle - Breinco\",\"isPartOf\":{\"@id\":\"https:\\\/\\\/breinco.com\\\/es\\\/#website\"},\"primaryImageOfPage\":{\"@id\":\"https:\\\/\\\/breinco.com\\\/es\\\/lifestyle\\\/#primaryimage\"},\"image\":{\"@id\":\"https:\\\/\\\/breinco.com\\\/es\\\/lifestyle\\\/#primaryimage\"},\"thumbnailUrl\":\"https:\\\/\\\/breinco.com\\\/wp-content\\\/uploads\\\/2025\\\/05\\\/MG_6825-5-1.webp\",\"datePublished\":\"2025-04-01T08:10:29+00:00\",\"dateModified\":\"2026-03-16T09:50:52+00:00\",\"breadcrumb\":{\"@id\":\"https:\\\/\\\/breinco.com\\\/es\\\/lifestyle\\\/#breadcrumb\"},\"inLanguage\":\"es\",\"potentialAction\":[{\"@type\":\"ReadAction\",\"target\":[\"https:\\\/\\\/breinco.com\\\/es\\\/lifestyle\\\/\"]}]},{\"@type\":\"ImageObject\",\"inLanguage\":\"es\",\"@id\":\"https:\\\/\\\/breinco.com\\\/es\\\/lifestyle\\\/#primaryimage\",\"url\":\"https:\\\/\\\/breinco.com\\\/wp-content\\\/uploads\\\/2025\\\/05\\\/MG_6825-5-1.webp\",\"contentUrl\":\"https:\\\/\\\/breinco.com\\\/wp-content\\\/uploads\\\/2025\\\/05\\\/MG_6825-5-1.webp\"},{\"@type\":\"BreadcrumbList\",\"@id\":\"https:\\\/\\\/breinco.com\\\/es\\\/lifestyle\\\/#breadcrumb\",\"itemListElement\":[{\"@type\":\"ListItem\",\"position\":1,\"name\":\"Portada\",\"item\":\"https:\\\/\\\/breinco.com\\\/es\\\/\"},{\"@type\":\"ListItem\",\"position\":2,\"name\":\"Lifestyle\"}]},{\"@type\":\"WebSite\",\"@id\":\"https:\\\/\\\/breinco.com\\\/es\\\/#website\",\"url\":\"https:\\\/\\\/breinco.com\\\/es\\\/\",\"name\":\"Breinco\",\"description\":\"\",\"publisher\":{\"@id\":\"https:\\\/\\\/breinco.com\\\/es\\\/#organization\"},\"alternateName\":\"Urban Furniture, Architecture and Landscaping\",\"potentialAction\":[{\"@type\":\"SearchAction\",\"target\":{\"@type\":\"EntryPoint\",\"urlTemplate\":\"https:\\\/\\\/breinco.com\\\/es\\\/?s={search_term_string}\"},\"query-input\":{\"@type\":\"PropertyValueSpecification\",\"valueRequired\":true,\"valueName\":\"search_term_string\"}}],\"inLanguage\":\"es\"},{\"@type\":\"Organization\",\"@id\":\"https:\\\/\\\/breinco.com\\\/es\\\/#organization\",\"name\":\"Breinco\",\"url\":\"https:\\\/\\\/breinco.com\\\/es\\\/\",\"logo\":{\"@type\":\"ImageObject\",\"inLanguage\":\"es\",\"@id\":\"https:\\\/\\\/breinco.com\\\/es\\\/#\\\/schema\\\/logo\\\/image\\\/\",\"url\":\"https:\\\/\\\/breinco.com\\\/wp-content\\\/uploads\\\/2025\\\/04\\\/breinco-brand.svg\",\"contentUrl\":\"https:\\\/\\\/breinco.com\\\/wp-content\\\/uploads\\\/2025\\\/04\\\/breinco-brand.svg\",\"width\":26,\"height\":58,\"caption\":\"Breinco\"},\"image\":{\"@id\":\"https:\\\/\\\/breinco.com\\\/es\\\/#\\\/schema\\\/logo\\\/image\\\/\"},\"sameAs\":[\"https:\\\/\\\/www.facebook.com\\\/breincosmart\\\/\",\"https:\\\/\\\/x.com\\\/breincoGroup\",\"https:\\\/\\\/www.instagram.com\\\/breinco\\\/\",\"https:\\\/\\\/www.linkedin.com\\\/company\\\/breinco-esp\\\/\"]}]}<\/script>\n<!-- \/ Yoast SEO plugin. -->","yoast_head_json":{"title":"Lifestyle - Breinco","robots":{"index":"index","follow":"follow","max-snippet":"max-snippet:-1","max-image-preview":"max-image-preview:large","max-video-preview":"max-video-preview:-1"},"canonical":"https:\/\/breinco.com\/es\/lifestyle\/","og_locale":"es_ES","og_type":"article","og_title":"Lifestyle - Breinco","og_description":"Somos mediterr\u00e1neos M\u00e1s que un mar. El Mediterr\u00e1neo ha ido sedimentando a lo largo de los milenios una cultura que le es propia donde la gente se reconoce y se describe.Una valiosa herencia que, mediante la simplicidad y la variedad, ha dado lugar a una combinaci\u00f3n equilibrada y completa que nos embriaga los sentidos y [&hellip;]","og_url":"https:\/\/breinco.com\/es\/lifestyle\/","og_site_name":"Breinco","article_publisher":"https:\/\/www.facebook.com\/breincosmart\/","article_modified_time":"2026-03-16T09:50:52+00:00","og_image":[{"width":1200,"height":800,"url":"https:\/\/breinco.com\/wp-content\/uploads\/2025\/05\/MG_6825-5-1.webp","type":"image\/webp"}],"twitter_card":"summary_large_image","twitter_site":"@breincoGroup","twitter_misc":{"Tiempo de lectura":"2 minutos"},"schema":{"@context":"https:\/\/schema.org","@graph":[{"@type":"WebPage","@id":"https:\/\/breinco.com\/es\/lifestyle\/","url":"https:\/\/breinco.com\/es\/lifestyle\/","name":"Lifestyle - Breinco","isPartOf":{"@id":"https:\/\/breinco.com\/es\/#website"},"primaryImageOfPage":{"@id":"https:\/\/breinco.com\/es\/lifestyle\/#primaryimage"},"image":{"@id":"https:\/\/breinco.com\/es\/lifestyle\/#primaryimage"},"thumbnailUrl":"https:\/\/breinco.com\/wp-content\/uploads\/2025\/05\/MG_6825-5-1.webp","datePublished":"2025-04-01T08:10:29+00:00","dateModified":"2026-03-16T09:50:52+00:00","breadcrumb":{"@id":"https:\/\/breinco.com\/es\/lifestyle\/#breadcrumb"},"inLanguage":"es","potentialAction":[{"@type":"ReadAction","target":["https:\/\/breinco.com\/es\/lifestyle\/"]}]},{"@type":"ImageObject","inLanguage":"es","@id":"https:\/\/breinco.com\/es\/lifestyle\/#primaryimage","url":"https:\/\/breinco.com\/wp-content\/uploads\/2025\/05\/MG_6825-5-1.webp","contentUrl":"https:\/\/breinco.com\/wp-content\/uploads\/2025\/05\/MG_6825-5-1.webp"},{"@type":"BreadcrumbList","@id":"https:\/\/breinco.com\/es\/lifestyle\/#breadcrumb","itemListElement":[{"@type":"ListItem","position":1,"name":"Portada","item":"https:\/\/breinco.com\/es\/"},{"@type":"ListItem","position":2,"name":"Lifestyle"}]},{"@type":"WebSite","@id":"https:\/\/breinco.com\/es\/#website","url":"https:\/\/breinco.com\/es\/","name":"Breinco","description":"","publisher":{"@id":"https:\/\/breinco.com\/es\/#organization"},"alternateName":"Urban Furniture, Architecture and Landscaping","potentialAction":[{"@type":"SearchAction","target":{"@type":"EntryPoint","urlTemplate":"https:\/\/breinco.com\/es\/?s={search_term_string}"},"query-input":{"@type":"PropertyValueSpecification","valueRequired":true,"valueName":"search_term_string"}}],"inLanguage":"es"},{"@type":"Organization","@id":"https:\/\/breinco.com\/es\/#organization","name":"Breinco","url":"https:\/\/breinco.com\/es\/","logo":{"@type":"ImageObject","inLanguage":"es","@id":"https:\/\/breinco.com\/es\/#\/schema\/logo\/image\/","url":"https:\/\/breinco.com\/wp-content\/uploads\/2025\/04\/breinco-brand.svg","contentUrl":"https:\/\/breinco.com\/wp-content\/uploads\/2025\/04\/breinco-brand.svg","width":26,"height":58,"caption":"Breinco"},"image":{"@id":"https:\/\/breinco.com\/es\/#\/schema\/logo\/image\/"},"sameAs":["https:\/\/www.facebook.com\/breincosmart\/","https:\/\/x.com\/breincoGroup","https:\/\/www.instagram.com\/breinco\/","https:\/\/www.linkedin.com\/company\/breinco-esp\/"]}]}},"_links":{"self":[{"href":"https:\/\/breinco.com\/es\/wp-json\/wp\/v2\/pages\/200","targetHints":{"allow":["GET"]}}],"collection":[{"href":"https:\/\/breinco.com\/es\/wp-json\/wp\/v2\/pages"}],"about":[{"href":"https:\/\/breinco.com\/es\/wp-json\/wp\/v2\/types\/page"}],"author":[{"embeddable":true,"href":"https:\/\/breinco.com\/es\/wp-json\/wp\/v2\/users\/1"}],"replies":[{"embeddable":true,"href":"https:\/\/breinco.com\/es\/wp-json\/wp\/v2\/comments?post=200"}],"version-history":[{"count":15,"href":"https:\/\/breinco.com\/es\/wp-json\/wp\/v2\/pages\/200\/revisions"}],"predecessor-version":[{"id":16966,"href":"https:\/\/breinco.com\/es\/wp-json\/wp\/v2\/pages\/200\/revisions\/16966"}],"wp:attachment":[{"href":"https:\/\/breinco.com\/es\/wp-json\/wp\/v2\/media?parent=200"}],"curies":[{"name":"wp","href":"https:\/\/api.w.org\/{rel}","templated":true}]}}