{"id":15872,"date":"2025-07-03T18:16:56","date_gmt":"2025-07-03T16:16:56","guid":{"rendered":"https:\/\/breinco.com\/canal-ethique\/"},"modified":"2026-03-18T17:47:56","modified_gmt":"2026-03-18T16:47:56","slug":"canal-ethique","status":"publish","type":"page","link":"https:\/\/breinco.com\/fr\/canal-ethique\/","title":{"rendered":"Canal \u00e9thique"},"content":{"rendered":"\n<p>Chez <strong>INDUSTRIAL BREINCO, S.A.<\/strong>, nous croyons fermement en l&rsquo;importance de favoriser un environnement s\u00fbr, \u00e9thique, d&rsquo;\u00e9galit\u00e9 et de confiance pour l&rsquo;ensemble de nos employ\u00e9s, clients et partenaires en g\u00e9n\u00e9ral.<\/p>\n\n<p>C&rsquo;est pourquoi nous avons mis en place un <strong>Canal \u00c9thique<\/strong> robuste. Un canal permettant de communiquer tout \u00e9ventuel manquement ou irr\u00e9gularit\u00e9 au sein de l&rsquo;organisation, tel que d\u00e9crit dans la <strong>Loi 2\/2023<\/strong> du 20 f\u00e9vrier, relative \u00e0 la protection des personnes qui signalent des annomalies de la r\u00e9glementation et \u00e0 la lutte contre la corruption.<\/p>\n\n<p>QUELS FAITS PEUVENT \u00caTRE SIGNAL\u00c9S ?<\/p>\n\n<p>Vous pouvez signaler via le Canal \u00c9thique tout fait que vous consid\u00e9rez comme pouvant constituer un manquement \u00e0 la r\u00e9glementation l\u00e9gale, au Code \u00c9thique ou \u00e0 toute autre norme interne en vigueur, tels que :<\/p>\n\n<ul class=\"wp-block-list\">\n<li>Agissements relatifs \u00e0 la fraude et \u00e0 la corruption.<\/li>\n\n\n\n<li>Agissements relatifs \u00e0 la s\u00e9curit\u00e9, la sant\u00e9 et l&rsquo;hygi\u00e8ne au travail.<\/li>\n\n\n\n<li>Discrimination et harc\u00e8lement sur le lieu de travail.<\/li>\n\n\n\n<li>Agissements relatifs \u00e0 la s\u00e9curit\u00e9 de l&rsquo;information, \u00e0 la protection des donn\u00e9es et aux march\u00e9s boursiers.<\/li>\n\n\n\n<li>Pratiques anticoncurrentielles.<\/li>\n\n\n\n<li>Agissements contraires aux droits de l&rsquo;homme ou atteintes \u00e0 l&rsquo;environnement.<\/li>\n\n\n\n<li>Autres \u00e9ventuelles infractions p\u00e9nales ou administratives.<\/li>\n<\/ul>\n\n<p>CARACT\u00c9RISTIQUES PRINCIPALES: <\/p>\n\n<p><strong>Confidentialit\u00e9 :<\/strong> Nous comprenons que la confidentialit\u00e9 est essentielle pour encourager les personnes \u00e0 signaler des faits. Nous garantissons une confidentialit\u00e9 absolue tout au long du processus et prot\u00e9geons l&rsquo;identit\u00e9 de l&rsquo;informateur dans la mesure permise par la loi. Cela inclut la possibilit\u00e9 d&rsquo;effectuer le signalement de mani\u00e8re anonyme.<\/p>\n\n<p><strong>Processus d&rsquo;enqu\u00eate impartial :<\/strong> Une fois qu&rsquo;un signalement est d\u00e9pos\u00e9, notre \u00e9quipe d&rsquo;experts m\u00e8nera une enqu\u00eate approfondie de mani\u00e8re objective et diligente, conform\u00e9ment aux protocoles internes et \u00e0 la l\u00e9gislation en vigueur. Tout au long du processus, les droits des parties prenantes seront respect\u00e9s, en particulier la pr\u00e9somption d&rsquo;innocence.<\/p>\n\n<p><strong>Protection contre les repr\u00e9sailles :<\/strong> Nous ne tol\u00e9rons aucune forme de repr\u00e9sailles \u00e0 l&rsquo;encontre des personnes signalant des faits de bonne foi. Nous nous engageons \u00e0 sauvegarder les droits et l&rsquo;int\u00e9grit\u00e9 de ceux qui osent d\u00e9noncer toute irr\u00e9gularit\u00e9. Des mesures disciplinaires appropri\u00e9es seront prises contre toute personne exer\u00e7ant des repr\u00e9sailles \u00e0 l&rsquo;encontre d&rsquo;un lanceur d&rsquo;alerte.<\/p>\n\n<p><strong>R\u00e9solution et suivi :<\/strong> Une fois l&rsquo;enqu\u00eate termin\u00e9e, nous prendrons les mesures n\u00e9cessaires pour rem\u00e9dier au probl\u00e8me identifi\u00e9 et, dans la mesure du possible, nous adopterons des mesures correctives afin de pr\u00e9venir toute violation future. De plus, nous nous engageons \u00e0 tenir l&rsquo;informateur au courant de l&rsquo;avancement et de la r\u00e9solution de son signalement, dans la mesure du possible et conform\u00e9ment \u00e0 la loi.<\/p>\n\n<p>COMMENT ENVOYER UN SIGNALEMENT ?<\/p>\n\n<p>Il existe 2 options.<\/p>\n\n<ul class=\"wp-block-list\">\n<li>Via l&rsquo;application Co-resol:<\/li>\n<\/ul>\n\n<figure class=\"wp-block-image size-full\"><img fetchpriority=\"high\" decoding=\"async\" width=\"796\" height=\"600\" src=\"https:\/\/breinco.com\/wp-content\/uploads\/2026\/03\/canal-etico-1-1.jpg\" alt=\"\" class=\"wp-image-20130\" srcset=\"https:\/\/breinco.com\/wp-content\/uploads\/2026\/03\/canal-etico-1-1.jpg 796w, https:\/\/breinco.com\/wp-content\/uploads\/2026\/03\/canal-etico-1-1-300x226.jpg 300w, https:\/\/breinco.com\/wp-content\/uploads\/2026\/03\/canal-etico-1-1-768x579.jpg 768w\" sizes=\"(max-width: 796px) 100vw, 796px\" \/><\/figure>\n\n<p><strong> <\/strong><\/p>\n\n<ol class=\"wp-block-list\">\n<li>T\u00e9l\u00e9chargez l&rsquo;application, en acceptant les notifications. Elle est gratuite et disponible sur l&rsquo; <a href=\"https:\/\/apple.co\/33e1hKb\" target=\"_blank\" rel=\"noopener\">App Store<\/a> et sur <a href=\"http:\/\/bit.ly\/38OHjGM\" target=\"_blank\" rel=\"noopener\">Google Play<\/a>.<\/li>\n\n\n\n<li>Appuyez sur le bouton \u201cFaites un click\u201d et saisissez ensuite le code\u00a0<strong>BREINCO<\/strong><\/li>\n\n\n\n<li>S\u00e9lectionnez le bouton du canal.<\/li>\n\n\n\n<li>\u00c9crivez votre message en \u00e9tant le plus pr\u00e9cis possible. Vous pouvez joindre aussi bien des images que de la documentation.<\/li>\n\n\n\n<li>Identifiez-vous ou s\u00e9lectionnez l&rsquo;option d&rsquo;anonymat. Dans les deux cas, vous devez accepter la Politique de Confidentialit\u00e9.<\/li>\n\n\n\n<li>Une fois ces \u00e9tapes effectu\u00e9es, vous recevrez un message faisant office d&rsquo;accus\u00e9 de r\u00e9ception de votre signalement.<\/li>\n\n\n\n<li>La communication pour le suivi de votre signalement se fera via un chat s\u00e9curis\u00e9 (accessible depuis le bouton de chat sur l&rsquo;\u00e9cran d&rsquo;accueil de l&rsquo;application) jusqu&rsquo;\u00e0 la cl\u00f4ture de celui-ci.<\/li>\n<\/ol>\n\n<ul class=\"wp-block-list\">\n<li><strong>Via une page web :<\/strong><\/li>\n<\/ul>\n\n<figure class=\"wp-block-image size-full\"><img decoding=\"async\" width=\"649\" height=\"442\" src=\"https:\/\/breinco.com\/wp-content\/uploads\/2026\/03\/canal-etico-2-1.jpg\" alt=\"\" class=\"wp-image-20132\" srcset=\"https:\/\/breinco.com\/wp-content\/uploads\/2026\/03\/canal-etico-2-1.jpg 649w, https:\/\/breinco.com\/wp-content\/uploads\/2026\/03\/canal-etico-2-1-300x204.jpg 300w\" sizes=\"(max-width: 649px) 100vw, 649px\" \/><\/figure>\n\n<p>Vous pouvez y acc\u00e9der via ce lien:<\/p>\n\n<figure class=\"wp-block-embed\"><div class=\"wp-block-embed__wrapper\">\nhttps:\/\/co-resol.bcnresol.com\/webclick\n<\/div><\/figure>\n\n<ol class=\"wp-block-list\">\n<li>Appuyez sur le bouton \u201cFaites un click\u201d et saisissez ensuite le code\u00a0<strong>BREINCO<\/strong><\/li>\n\n\n\n<li>S\u00e9lectionnez le bouton du canal.<\/li>\n\n\n\n<li>\u00c9crivez votre message en \u00e9tant le plus pr\u00e9cis possible. Vous pouvez joindre aussi bien des images que de la documentation.<\/li>\n\n\n\n<li>Identifiez-vous ou s\u00e9lectionnez l&rsquo;option d&rsquo;anonymat. Dans les deux cas, vous devez accepter la Politique de Confidentialit\u00e9.<\/li>\n\n\n\n<li>Dans ce cas, vous recevrez un code d&rsquo;identification et un mot de passe uniques que vous devrez conserver afin de maintenir la communication, via un chat s\u00e9curis\u00e9, sur l&rsquo;\u00e9tat de votre signalement.<\/li>\n\n\n\n<li>Chaque fois que vous souhaitez v\u00e9rifier si vous avez re\u00e7u un nouveau message dans le chat ou apporter des informations compl\u00e9mentaires, pour garantir la confidentialit\u00e9, vous devrez saisir ce code et ce mot de passe sur la page d&rsquo;accueil, via le bouton \u00ab Acc\u00e9der \u00e0 un clic pr\u00e9c\u00e9dent \u00bb.<\/li>\n<\/ol>\n\n<p><strong>Importante:<\/strong><\/p>\n\n<p>Ce Canal \u00c9thique n&rsquo;est pas un service d&rsquo;urgence. Ce canal ne doit pas \u00eatre utilis\u00e9 pour signaler des situations pr\u00e9sentant une menace imm\u00e9diate. Si vous avez besoin d&rsquo;assistance dans une telle situation, veuillez contacter vos autorit\u00e9s locales et utiliser les canaux d\u00e9finis \u00e0 cet effet.<\/p>\n","protected":false},"excerpt":{"rendered":"<p>Chez INDUSTRIAL BREINCO, S.A., nous croyons fermement en l&rsquo;importance de favoriser un environnement s\u00fbr, \u00e9thique, d&rsquo;\u00e9galit\u00e9 et de confiance pour l&rsquo;ensemble de nos employ\u00e9s, clients et partenaires en g\u00e9n\u00e9ral. C&rsquo;est pourquoi nous avons mis en place un Canal \u00c9thique robuste. Un canal permettant de communiquer tout \u00e9ventuel manquement ou irr\u00e9gularit\u00e9 au sein de l&rsquo;organisation, tel [&hellip;]<\/p>\n","protected":false},"author":1,"featured_media":0,"parent":0,"menu_order":0,"comment_status":"closed","ping_status":"closed","template":"","meta":{"_acf_changed":false,"footnotes":""},"class_list":["post-15872","page","type-page","status-publish","hentry"],"acf":[],"yoast_head":"<!-- This site is optimized with the Yoast SEO plugin v27.3 - https:\/\/yoast.com\/product\/yoast-seo-wordpress\/ -->\n<title>Canal \u00e9thique - Breinco<\/title>\n<meta name=\"robots\" content=\"index, follow, max-snippet:-1, max-image-preview:large, max-video-preview:-1\" \/>\n<link rel=\"canonical\" href=\"https:\/\/breinco.com\/fr\/canal-ethique\/\" \/>\n<meta property=\"og:locale\" content=\"fr_FR\" \/>\n<meta property=\"og:type\" content=\"article\" \/>\n<meta property=\"og:title\" content=\"Canal \u00e9thique - Breinco\" \/>\n<meta property=\"og:description\" content=\"Chez INDUSTRIAL BREINCO, S.A., nous croyons fermement en l&rsquo;importance de favoriser un environnement s\u00fbr, \u00e9thique, d&rsquo;\u00e9galit\u00e9 et de confiance pour l&rsquo;ensemble de nos employ\u00e9s, clients et partenaires en g\u00e9n\u00e9ral. C&rsquo;est pourquoi nous avons mis en place un Canal \u00c9thique robuste. Un canal permettant de communiquer tout \u00e9ventuel manquement ou irr\u00e9gularit\u00e9 au sein de l&rsquo;organisation, tel [&hellip;]\" \/>\n<meta property=\"og:url\" content=\"https:\/\/breinco.com\/fr\/canal-ethique\/\" \/>\n<meta property=\"og:site_name\" content=\"Breinco\" \/>\n<meta property=\"article:publisher\" content=\"https:\/\/www.facebook.com\/breincosmart\/\" \/>\n<meta property=\"article:modified_time\" content=\"2026-03-18T16:47:56+00:00\" \/>\n<meta property=\"og:image\" content=\"https:\/\/breinco.com\/wp-content\/uploads\/2026\/03\/canal-etico-1-1.jpg\" \/>\n\t<meta property=\"og:image:width\" content=\"796\" \/>\n\t<meta property=\"og:image:height\" content=\"600\" \/>\n\t<meta property=\"og:image:type\" content=\"image\/jpeg\" \/>\n<meta name=\"twitter:card\" content=\"summary_large_image\" \/>\n<meta name=\"twitter:site\" content=\"@breincoGroup\" \/>\n<meta name=\"twitter:label1\" content=\"Dur\u00e9e de lecture estim\u00e9e\" \/>\n\t<meta name=\"twitter:data1\" content=\"4 minutes\" \/>\n<script type=\"application\/ld+json\" class=\"yoast-schema-graph\">{\"@context\":\"https:\\\/\\\/schema.org\",\"@graph\":[{\"@type\":\"WebPage\",\"@id\":\"https:\\\/\\\/breinco.com\\\/fr\\\/canal-ethique\\\/\",\"url\":\"https:\\\/\\\/breinco.com\\\/fr\\\/canal-ethique\\\/\",\"name\":\"Canal \u00e9thique - Breinco\",\"isPartOf\":{\"@id\":\"https:\\\/\\\/breinco.com\\\/fr\\\/#website\"},\"primaryImageOfPage\":{\"@id\":\"https:\\\/\\\/breinco.com\\\/fr\\\/canal-ethique\\\/#primaryimage\"},\"image\":{\"@id\":\"https:\\\/\\\/breinco.com\\\/fr\\\/canal-ethique\\\/#primaryimage\"},\"thumbnailUrl\":\"https:\\\/\\\/breinco.com\\\/wp-content\\\/uploads\\\/2026\\\/03\\\/canal-etico-1-1.jpg\",\"datePublished\":\"2025-07-03T16:16:56+00:00\",\"dateModified\":\"2026-03-18T16:47:56+00:00\",\"breadcrumb\":{\"@id\":\"https:\\\/\\\/breinco.com\\\/fr\\\/canal-ethique\\\/#breadcrumb\"},\"inLanguage\":\"fr-FR\",\"potentialAction\":[{\"@type\":\"ReadAction\",\"target\":[\"https:\\\/\\\/breinco.com\\\/fr\\\/canal-ethique\\\/\"]}]},{\"@type\":\"ImageObject\",\"inLanguage\":\"fr-FR\",\"@id\":\"https:\\\/\\\/breinco.com\\\/fr\\\/canal-ethique\\\/#primaryimage\",\"url\":\"https:\\\/\\\/breinco.com\\\/wp-content\\\/uploads\\\/2026\\\/03\\\/canal-etico-1-1.jpg\",\"contentUrl\":\"https:\\\/\\\/breinco.com\\\/wp-content\\\/uploads\\\/2026\\\/03\\\/canal-etico-1-1.jpg\"},{\"@type\":\"BreadcrumbList\",\"@id\":\"https:\\\/\\\/breinco.com\\\/fr\\\/canal-ethique\\\/#breadcrumb\",\"itemListElement\":[{\"@type\":\"ListItem\",\"position\":1,\"name\":\"Accueil\",\"item\":\"https:\\\/\\\/breinco.com\\\/fr\\\/\"},{\"@type\":\"ListItem\",\"position\":2,\"name\":\"Canal \u00e9thique\"}]},{\"@type\":\"WebSite\",\"@id\":\"https:\\\/\\\/breinco.com\\\/fr\\\/#website\",\"url\":\"https:\\\/\\\/breinco.com\\\/fr\\\/\",\"name\":\"Breinco\",\"description\":\"\",\"publisher\":{\"@id\":\"https:\\\/\\\/breinco.com\\\/fr\\\/#organization\"},\"alternateName\":\"Urban Furniture, Architecture and Landscaping\",\"potentialAction\":[{\"@type\":\"SearchAction\",\"target\":{\"@type\":\"EntryPoint\",\"urlTemplate\":\"https:\\\/\\\/breinco.com\\\/fr\\\/?s={search_term_string}\"},\"query-input\":{\"@type\":\"PropertyValueSpecification\",\"valueRequired\":true,\"valueName\":\"search_term_string\"}}],\"inLanguage\":\"fr-FR\"},{\"@type\":\"Organization\",\"@id\":\"https:\\\/\\\/breinco.com\\\/fr\\\/#organization\",\"name\":\"Breinco\",\"url\":\"https:\\\/\\\/breinco.com\\\/fr\\\/\",\"logo\":{\"@type\":\"ImageObject\",\"inLanguage\":\"fr-FR\",\"@id\":\"https:\\\/\\\/breinco.com\\\/fr\\\/#\\\/schema\\\/logo\\\/image\\\/\",\"url\":\"https:\\\/\\\/breinco.com\\\/wp-content\\\/uploads\\\/2025\\\/04\\\/breinco-brand.svg\",\"contentUrl\":\"https:\\\/\\\/breinco.com\\\/wp-content\\\/uploads\\\/2025\\\/04\\\/breinco-brand.svg\",\"width\":26,\"height\":58,\"caption\":\"Breinco\"},\"image\":{\"@id\":\"https:\\\/\\\/breinco.com\\\/fr\\\/#\\\/schema\\\/logo\\\/image\\\/\"},\"sameAs\":[\"https:\\\/\\\/www.facebook.com\\\/breincosmart\\\/\",\"https:\\\/\\\/x.com\\\/breincoGroup\",\"https:\\\/\\\/www.instagram.com\\\/breinco\\\/\",\"https:\\\/\\\/www.linkedin.com\\\/company\\\/breinco-esp\\\/\"]}]}<\/script>\n<!-- \/ Yoast SEO plugin. -->","yoast_head_json":{"title":"Canal \u00e9thique - Breinco","robots":{"index":"index","follow":"follow","max-snippet":"max-snippet:-1","max-image-preview":"max-image-preview:large","max-video-preview":"max-video-preview:-1"},"canonical":"https:\/\/breinco.com\/fr\/canal-ethique\/","og_locale":"fr_FR","og_type":"article","og_title":"Canal \u00e9thique - Breinco","og_description":"Chez INDUSTRIAL BREINCO, S.A., nous croyons fermement en l&rsquo;importance de favoriser un environnement s\u00fbr, \u00e9thique, d&rsquo;\u00e9galit\u00e9 et de confiance pour l&rsquo;ensemble de nos employ\u00e9s, clients et partenaires en g\u00e9n\u00e9ral. C&rsquo;est pourquoi nous avons mis en place un Canal \u00c9thique robuste. Un canal permettant de communiquer tout \u00e9ventuel manquement ou irr\u00e9gularit\u00e9 au sein de l&rsquo;organisation, tel [&hellip;]","og_url":"https:\/\/breinco.com\/fr\/canal-ethique\/","og_site_name":"Breinco","article_publisher":"https:\/\/www.facebook.com\/breincosmart\/","article_modified_time":"2026-03-18T16:47:56+00:00","og_image":[{"width":796,"height":600,"url":"https:\/\/breinco.com\/wp-content\/uploads\/2026\/03\/canal-etico-1-1.jpg","type":"image\/jpeg"}],"twitter_card":"summary_large_image","twitter_site":"@breincoGroup","twitter_misc":{"Dur\u00e9e de lecture estim\u00e9e":"4 minutes"},"schema":{"@context":"https:\/\/schema.org","@graph":[{"@type":"WebPage","@id":"https:\/\/breinco.com\/fr\/canal-ethique\/","url":"https:\/\/breinco.com\/fr\/canal-ethique\/","name":"Canal \u00e9thique - Breinco","isPartOf":{"@id":"https:\/\/breinco.com\/fr\/#website"},"primaryImageOfPage":{"@id":"https:\/\/breinco.com\/fr\/canal-ethique\/#primaryimage"},"image":{"@id":"https:\/\/breinco.com\/fr\/canal-ethique\/#primaryimage"},"thumbnailUrl":"https:\/\/breinco.com\/wp-content\/uploads\/2026\/03\/canal-etico-1-1.jpg","datePublished":"2025-07-03T16:16:56+00:00","dateModified":"2026-03-18T16:47:56+00:00","breadcrumb":{"@id":"https:\/\/breinco.com\/fr\/canal-ethique\/#breadcrumb"},"inLanguage":"fr-FR","potentialAction":[{"@type":"ReadAction","target":["https:\/\/breinco.com\/fr\/canal-ethique\/"]}]},{"@type":"ImageObject","inLanguage":"fr-FR","@id":"https:\/\/breinco.com\/fr\/canal-ethique\/#primaryimage","url":"https:\/\/breinco.com\/wp-content\/uploads\/2026\/03\/canal-etico-1-1.jpg","contentUrl":"https:\/\/breinco.com\/wp-content\/uploads\/2026\/03\/canal-etico-1-1.jpg"},{"@type":"BreadcrumbList","@id":"https:\/\/breinco.com\/fr\/canal-ethique\/#breadcrumb","itemListElement":[{"@type":"ListItem","position":1,"name":"Accueil","item":"https:\/\/breinco.com\/fr\/"},{"@type":"ListItem","position":2,"name":"Canal \u00e9thique"}]},{"@type":"WebSite","@id":"https:\/\/breinco.com\/fr\/#website","url":"https:\/\/breinco.com\/fr\/","name":"Breinco","description":"","publisher":{"@id":"https:\/\/breinco.com\/fr\/#organization"},"alternateName":"Urban Furniture, Architecture and Landscaping","potentialAction":[{"@type":"SearchAction","target":{"@type":"EntryPoint","urlTemplate":"https:\/\/breinco.com\/fr\/?s={search_term_string}"},"query-input":{"@type":"PropertyValueSpecification","valueRequired":true,"valueName":"search_term_string"}}],"inLanguage":"fr-FR"},{"@type":"Organization","@id":"https:\/\/breinco.com\/fr\/#organization","name":"Breinco","url":"https:\/\/breinco.com\/fr\/","logo":{"@type":"ImageObject","inLanguage":"fr-FR","@id":"https:\/\/breinco.com\/fr\/#\/schema\/logo\/image\/","url":"https:\/\/breinco.com\/wp-content\/uploads\/2025\/04\/breinco-brand.svg","contentUrl":"https:\/\/breinco.com\/wp-content\/uploads\/2025\/04\/breinco-brand.svg","width":26,"height":58,"caption":"Breinco"},"image":{"@id":"https:\/\/breinco.com\/fr\/#\/schema\/logo\/image\/"},"sameAs":["https:\/\/www.facebook.com\/breincosmart\/","https:\/\/x.com\/breincoGroup","https:\/\/www.instagram.com\/breinco\/","https:\/\/www.linkedin.com\/company\/breinco-esp\/"]}]}},"_links":{"self":[{"href":"https:\/\/breinco.com\/fr\/wp-json\/wp\/v2\/pages\/15872","targetHints":{"allow":["GET"]}}],"collection":[{"href":"https:\/\/breinco.com\/fr\/wp-json\/wp\/v2\/pages"}],"about":[{"href":"https:\/\/breinco.com\/fr\/wp-json\/wp\/v2\/types\/page"}],"author":[{"embeddable":true,"href":"https:\/\/breinco.com\/fr\/wp-json\/wp\/v2\/users\/1"}],"replies":[{"embeddable":true,"href":"https:\/\/breinco.com\/fr\/wp-json\/wp\/v2\/comments?post=15872"}],"version-history":[{"count":2,"href":"https:\/\/breinco.com\/fr\/wp-json\/wp\/v2\/pages\/15872\/revisions"}],"predecessor-version":[{"id":20135,"href":"https:\/\/breinco.com\/fr\/wp-json\/wp\/v2\/pages\/15872\/revisions\/20135"}],"wp:attachment":[{"href":"https:\/\/breinco.com\/fr\/wp-json\/wp\/v2\/media?parent=15872"}],"curies":[{"name":"wp","href":"https:\/\/api.w.org\/{rel}","templated":true}]}}