{"id":15875,"date":"2025-07-03T18:07:04","date_gmt":"2025-07-03T16:07:04","guid":{"rendered":"https:\/\/breinco.com\/mentions-legales-et-politique-de-confidentialite\/"},"modified":"2026-03-09T20:25:04","modified_gmt":"2026-03-09T19:25:04","slug":"mentions-legales-et-politique-de-confidentialite","status":"publish","type":"page","link":"https:\/\/breinco.com\/fr\/mentions-legales-et-politique-de-confidentialite\/","title":{"rendered":"Mentions l\u00e9gales et Politique de confidentialit\u00e9"},"content":{"rendered":"\n<div class=\"wp-block-columns is-layout-flex wp-container-core-columns-is-layout-28f84493 wp-block-columns-is-layout-flex\">\n<div class=\"wp-block-column is-layout-flow wp-block-column-is-layout-flow\" style=\"flex-basis:100%\">\n<div class=\"wp-block-columns are-vertically-aligned-top is-layout-flex wp-container-core-columns-is-layout-28f84493 wp-block-columns-is-layout-flex\">\n<div class=\"wp-block-column is-vertically-aligned-top is-layout-flow wp-block-column-is-layout-flow\" style=\"flex-basis:100%\">\n<p><strong>INFORMATIONS L\u00c9GALES LSSIYCE<\/strong><\/p>\n<p>Conform\u00e9ment aux obligations pr\u00e9vues par la Loi 34\/2002 sur les Services de la Soci\u00e9t\u00e9 de l&rsquo;Information et du Commerce \u00c9lectronique (ci-apr\u00e8s LSSIYCE), INDUSTRIAL BREINCO S.A, avec le CIF A08946238 et dont le si\u00e8ge est situ\u00e9 Carretera de Cardedeu a Dosrius, km 6,5 Apartado 68, 08450 Llinars del Vall\u00e8s (Barcelone) et l&rsquo;adresse e-mail <a href=\"mailto:info@breinco.com\">info@breinco.com<\/a>, d\u00e9clare \u00eatre propri\u00e9taire de :<\/p>\n<ul>\n<li>Le domaine breinco.com<\/li>\n<\/ul>\n<p>Les profils et pages sur les r\u00e9seaux suivants :<\/p>\n<ul>\n<li>Instagram: <a href=\"https:\/\/www.instagram.com\/breinco\/\">https:\/\/www.instagram.com\/breinco\/<\/a><\/li>\n<li>Linkedin: <a href=\"https:\/\/www.linkedin.com\/company\/industrial-breinco-s.a\">https:\/\/www.linkedin.com\/company\/industrial-breinco-s.a<\/a>.<\/li>\n<li>Facebook: <a href=\"https:\/\/www.facebook.com\/breincosmart\/\">https:\/\/www.facebook.com\/breincosmart\/<\/a><\/li>\n<li>Twitter: <a href=\"https:\/\/twitter.com\/breincoGroup\">https:\/\/twitter.com\/breincoGroup<\/a><\/li>\n<li>Youtube: <a href=\"https:\/\/www.youtube.com\/channel\/UC-VbF5-_HrrJWBazNSAeOiQ\">https:\/\/www.youtube.com\/channel\/UC-VbF5-_HrrJWBazNSAeOiQ<\/a><\/li>\n<li>Pinterest: <a href=\"https:\/\/www.pinterest.es\/breinco\/\">https:\/\/www.pinterest.es\/breinco\/<\/a><\/li>\n<\/ul>\n<p>Que INDUSTRIAL BREINCO S.A est inscrite au Registre du Commerce de Barcelone, au folio 95 du tome 6.037 de l&rsquo;archive, livre 5.330 de la section 2\u00e8me, inscription 1\u00e8re de la feuille num\u00e9ro 71.216, aujourd&rsquo;hui feuille num\u00e9ro B-73.993.<\/p>\n<p>Que INDUSTRIAL BREINCO S.A ne peut assumer aucune responsabilit\u00e9 d\u00e9riv\u00e9e de l&rsquo;utilisation incorrecte ou illicite des informations apparaissant sur ses pages web ou sa pr\u00e9sence en ligne sur les diff\u00e9rents r\u00e9seaux sociaux. Dans les limites \u00e9tablies par la loi, INDUSTRIAL BREINCO S.A n&rsquo;assume aucune responsabilit\u00e9 quant au manque de v\u00e9racit\u00e9, d&rsquo;int\u00e9grit\u00e9, de mise \u00e0 jour et de pr\u00e9cision des donn\u00e9es ou informations contenues dans ses pages Internet.<\/p>\n<p>Les contenus et informations des pages Internet et des r\u00e9seaux sociaux d&rsquo;INDUSTRIAL BREINCO S.A sont \u00e9labor\u00e9s par des professionnels d\u00fbment qualifi\u00e9s pour l&rsquo;exercice de leur profession. Cependant, les contenus et informations ne lient pas cette derni\u00e8re et ne constituent pas des opinions, des conseils ou des avis juridiques de quelque nature que ce soit, car il s&rsquo;agit simplement d&rsquo;un service offert \u00e0 titre informatif et de sensibilisation.<\/p>\n<p>Les pages Internet et les r\u00e9seaux sociaux d&rsquo;INDUSTRIAL BREINCO S.A peuvent contenir des liens (links) vers d&rsquo;autres pages de tiers. Par cons\u00e9quent, celle-ci ne peut assumer la responsabilit\u00e9 du contenu pouvant appara\u00eetre sur des pages de tiers. Les textes, images, sons, animations, logiciels et autres contenus inclus dans ce site web sont la propri\u00e9t\u00e9 exclusive d&rsquo;INDUSTRIAL BREINCO S.A ou de ses conc\u00e9dants. Tout acte de transmission, distribution, cession, reproduction, stockage ou communication publique totale ou partielle doit faire l&rsquo;objet du consentement expr\u00e8s d&rsquo;INDUSTRIAL BREINCO S.A. Tout acte de transmission, distribution, cession, reproduction ou communication publique totale ou partielle doit faire l&rsquo;objet du consentement expr\u00e8s d&rsquo;INDUSTRIAL BREINCO S.A.<\/p>\n<p>De m\u00eame, elle se r\u00e9serve le droit de retirer l&rsquo;acc\u00e8s au portail sans pr\u00e9avis \u00e0 tout utilisateur qui contreviendrait aux dispositions des pr\u00e9sentes mentions l\u00e9gales.<\/p>\n<p><strong>R\u00c9SEAUX SOCIAUX<\/strong><\/p>\n<p>L&rsquo;utilisateur doit disposer de son profil sur les r\u00e9seaux sociaux pour pouvoir interagir avec INDUSTRIAL BREINCO S.A et accepter la relation avec notre r\u00e9seau social. Si tel est le cas, INDUSTRIAL BREINCO S.A aura acc\u00e8s au profil de l&rsquo;utilisateur conform\u00e9ment aux param\u00e8tres stipul\u00e9s par le r\u00e9seau social lui-m\u00eame et pourra interagir avec lui par l&rsquo;envoi de messages, de publications, et la participation \u00e0 des concours et tirages au sort. Si l&rsquo;utilisateur ne souhaite pas qu&rsquo;INDUSTRIAL BREINCO S.A puisse acc\u00e9der \u00e0 son profil ou interagir avec lui, il devra se dissocier du profil en cessant de suivre ou en supprimant l&rsquo;amiti\u00e9.<\/p>\n<p>Les actions r\u00e9alis\u00e9es par INDUSTRIAL BREINCO S.A pourront avoir un caract\u00e8re informatif et\/ou publicitaire pour ses services ou produits, consid\u00e9rant que le r\u00e9seau social est un support publicitaire, sous la responsabilit\u00e9 d&rsquo;INDUSTRIAL BREINCO S.A en ce qui concerne les publications et communications effectu\u00e9es par ces moyens en ligne.<\/p>\n<p>La participation des utilisateurs \u00e0 des concours, promotions ou tirages au sort impliquera que l&rsquo;utilisateur accepte les bases l\u00e9gales dudit concours, promotion ou tirage au sort qui seront publi\u00e9es sur le r\u00e9seau social de r\u00e9f\u00e9rence en temps voulu, et sa participation impliquera que l&rsquo;utilisateur les a accept\u00e9es.<\/p>\n<p>Il est rappel\u00e9 aux utilisateurs que les publications qu&rsquo;ils effectuent sur les r\u00e9seaux sociaux seront sous leur responsabilit\u00e9 et qu&rsquo;ils devront respecter la l\u00e9gislation et les droits des tiers pouvant \u00eatre affect\u00e9s, avec une importance particuli\u00e8re pour les droits de propri\u00e9t\u00e9 intellectuelle, de protection des donn\u00e9es et de l&rsquo;image des tiers, ainsi que les r\u00e8gles des r\u00e9seaux sociaux eux-m\u00eames figurant dans les liens suivants :<\/p>\n<ul>\n<li>Instagram : <a href=\"https:\/\/help.instagram.com\/\">https:\/\/help.instagram.com\/<\/a><\/li>\n<li>Linkedin: <a href=\"https:\/\/www.linkedin.com\/legal\/user-agreement\">https:\/\/www.linkedin.com\/legal\/user-agreement<\/a><\/li>\n<li>Facebook: <a href=\"https:\/\/www.facebook.com\/legal\/terms\">https:\/\/www.facebook.com\/legal\/terms<\/a><\/li>\n<li>Twitter: <a href=\"https:\/\/twitter.com\/es\/tos\">https:\/\/twitter.com\/es\/tos<\/a><\/li>\n<li>Youtube: <a href=\"https:\/\/policies.google.com\/privacy?hl=fr\">https:\/\/policies.google.com\/privacy?hl=fr<\/a><\/li>\n<li>Pinterest: <a href=\"https:\/\/policy.pinterest.com\/fr\/privacy-policy\">https:\/\/policy.pinterest.com\/fr\/privacy-policy<\/a><\/li>\n<\/ul>\n<p><strong>PROTECTION DES DONN\u00c9ES PERSONNELLES<\/strong><\/p>\n<p>En vertu de la r\u00e9glementation sur la protection des donn\u00e9es \u00e0 caract\u00e8re personnel, vous autorisez par la pr\u00e9sente que les donn\u00e9es personnelles fournies soient trait\u00e9es sous la responsabilit\u00e9 d&rsquo;INDUSTRIAL BREINCO S.A, domicili\u00e9e Carretera de Cardedeu a Dosrius, km 6,5 Apartado 68, 08450 Llinars del Vall\u00e8s (Barcelone) :<\/p>\n<ul>\n<li>Formulaire de demande d&rsquo;information en ligne : Vos donn\u00e9es seront trait\u00e9es afin de g\u00e9rer votre demande et de pouvoir y r\u00e9pondre, la fourniture de ce service \u00e9tant le motif qui nous l\u00e9gitime \u00e0 traiter vos donn\u00e9es. Ces donn\u00e9es seront conserv\u00e9es jusqu&rsquo;\u00e0 la r\u00e9solution de la demande et ne seront pas transmises \u00e0 des tiers.<\/li>\n<li>Formulaire d&rsquo;inscription \u00e0 notre blog : Vos donn\u00e9es seront trait\u00e9es afin de g\u00e9rer votre inscription, votre consentement \u00e9tant la base qui nous l\u00e9gitime \u00e0 traiter vos donn\u00e9es. Ces donn\u00e9es seront conserv\u00e9es tant que cela est indispensable et\/ou l\u00e9gitime pour la finalit\u00e9 pour laquelle elles ont \u00e9t\u00e9 collect\u00e9es et ne seront pas transmises \u00e0 des tiers.<\/li>\n<li>Si elles sont trait\u00e9es sur nos r\u00e9seaux sociaux, conform\u00e9ment \u00e0 ce qui est d\u00e9taill\u00e9 pr\u00e9c\u00e9demment, elles seront trait\u00e9es afin de g\u00e9rer les informations et donn\u00e9es obtenues de l&rsquo;interaction des utilisateurs des r\u00e9seaux sociaux avec ces profils\/pages. Ces donn\u00e9es sont trait\u00e9es conform\u00e9ment \u00e0 l&rsquo;int\u00e9r\u00eat l\u00e9gitime de cette entreprise et seront conserv\u00e9es tant que l&rsquo;int\u00e9r\u00eat l\u00e9gitime ayant permis leur traitement est maintenu.<\/li>\n<li>Si elles sont collect\u00e9es via l&rsquo;utilisation de cookies analytiques que vous avez pr\u00e9alablement accept\u00e9s en acc\u00e9dant \u00e0 notre site web, elles seront utilis\u00e9es aux fins d&rsquo;analyse sp\u00e9cifi\u00e9es dans la politique de cookies de notre site web. Vos donn\u00e9es feront l&rsquo;objet d&rsquo;un transfert international vers les \u00c9tats-Unis et seront conserv\u00e9es pendant la dur\u00e9e n\u00e9cessaire \u00e0 la finalit\u00e9 d\u00e9taill\u00e9e dans notre politique de cookies.<\/li>\n<\/ul>\n<p>Dans tous les cas, vous pourrez indiquer la r\u00e9vocation du consentement donn\u00e9, si celui-ci \u00e9tait la base l\u00e9gitimant le traitement, ou exercer les droits pr\u00e9vus :<\/p>\n<ul>\n<li><u>D&rsquo;acc\u00e8s :<\/u> la personne concern\u00e9e a le droit de savoir si le responsable traite ses donn\u00e9es personnelles et, si c&rsquo;est le cas, elle a le droit d&rsquo;acc\u00e9der \u00e0 ces donn\u00e9es ainsi que d&rsquo;obtenir des informations sur les traitements effectu\u00e9s.<\/li>\n<li><u>Rectification :<\/u> Ce droit est li\u00e9 au caract\u00e8re inexact ou incomplet des donn\u00e9es. La personne concern\u00e9e a le droit de rectifier ses donn\u00e9es personnelles inexactes et de faire compl\u00e9ter ses donn\u00e9es personnelles incompl\u00e8tes.<\/li>\n<li><u>Suppression :<\/u> La personne concern\u00e9e a le droit d&rsquo;obtenir la suppression de ses donn\u00e9es personnelles (\u00ab droit \u00e0 l&rsquo;oubli \u00bb), lorsque celles-ci ne sont plus n\u00e9cessaires aux fins pour lesquelles elles ont \u00e9t\u00e9 collect\u00e9es, que le consentement sur lequel le traitement \u00e9tait fond\u00e9 est r\u00e9voqu\u00e9, que la personne concern\u00e9e s&rsquo;oppose au traitement, que les donn\u00e9es ont \u00e9t\u00e9 trait\u00e9es ill\u00e9galement, qu&rsquo;elles doivent \u00eatre supprim\u00e9es pour respecter une obligation l\u00e9gale ou qu&rsquo;elles ont \u00e9t\u00e9 obtenues dans le cadre de l&rsquo;offre de services de la soci\u00e9t\u00e9 de l&rsquo;information destin\u00e9e aux mineurs.<\/li>\n<li><u>Limitation du traitement :<\/u> il s&rsquo;agit d&rsquo;un droit de la personne concern\u00e9e consistant \u00e0 marquer ses donn\u00e9es \u00e0 caract\u00e8re personnel conserv\u00e9es afin de limiter leur traitement futur. La limitation du traitement suppose que, \u00e0 la demande de la personne concern\u00e9e, le traitement de ses donn\u00e9es personnelles indiqu\u00e9es soit interrompu.<\/li>\n<li><u>Opposition :<\/u> la personne concern\u00e9e a le droit de s&rsquo;opposer au traitement de ses donn\u00e9es lorsqu&rsquo;il se base sur certains cas concrets et qu&rsquo;un motif li\u00e9 \u00e0 sa situation personnelle est invoqu\u00e9.<\/li>\n<li><u>Portabilit\u00e9 des donn\u00e9es :<\/u> la personne concern\u00e9e a le droit de recevoir ses donn\u00e9es personnelles fournies au responsable du traitement dans un format structur\u00e9, couramment utilis\u00e9 et lisible par machine, si le traitement est fond\u00e9 sur le consentement ou sur un contrat ou lorsque le traitement est effectu\u00e9 par des moyens automatis\u00e9s.<\/li>\n<li><u>\u00c0 ne pas faire l&rsquo;objet de d\u00e9cisions individuelles automatis\u00e9es :<\/u> la personne concern\u00e9e a le droit de ne pas faire l&rsquo;objet d&rsquo;une d\u00e9cision fond\u00e9e sur le traitement automatis\u00e9 de ses donn\u00e9es, y compris le profilage, produisant des effets juridiques \u00e0 son \u00e9gard ou l&rsquo;affectant de mani\u00e8re significative.<\/li>\n<\/ul>\n<p>Ces demandes doivent \u00eatre adress\u00e9es \u00e0 Carretera de Cardedeu a Dosrius, km 6,5 Apartado 68, 08450 Llinars del Vall\u00e8s (Barcelone) ou \u00e0 <a href=\"mailto:info@breinco.com\">info@breinco.com<\/a>.<\/p>\n<p>De m\u00eame, vous pouvez \u00e9galement introduire une r\u00e9clamation aupr\u00e8s de l&rsquo;Agence Espagnole de Protection des Donn\u00e9es.<\/p>\n<p><strong>PROPRI\u00c9T\u00c9 INDUSTRIELLE ET INTELLECTUELLE<\/strong><\/p>\n<p>Ce site web est la propri\u00e9t\u00e9 d&rsquo;INDUSTRIAL BREINCO S.A. Les droits de Propri\u00e9t\u00e9 intellectuelle et les droits d&rsquo;exploitation et de reproduction de ce site web, de ses pages, de sa pr\u00e9sence sur les r\u00e9seaux sociaux, des \u00e9crans, des informations qu&rsquo;ils contiennent, de leur apparence, de leur conception, ainsi que des liens (hyperliens) \u00e9tablis \u00e0 partir de celui-ci vers d&rsquo;autres pages web de tout centre rattach\u00e9 ou organisme d\u00e9pendant, sont la propri\u00e9t\u00e9 exclusive de celle-ci, sauf mention contraire expresse.<\/p>\n<p>Toutes les d\u00e9nominations, conceptions et\/ou logos, ainsi que tout produit ou service offert et refl\u00e9t\u00e9 sur ce site web, sont des marques commerciales d\u00fbment enregistr\u00e9es par INDUSTRIAL BREINCO S.A, par ses filiales et\/ou d\u00e9nomm\u00e9es par des tiers.<\/p>\n<p>Toute utilisation abusive de ceux-ci par des personnes autres que leur titulaire l\u00e9gitime et sans le consentement expr\u00e8s et sans \u00e9quivoque de ce dernier pourra \u00eatre d\u00e9nonc\u00e9e et poursuivie par tous les moyens l\u00e9gaux existants dans l&rsquo;ordre juridique espagnol et\/ou communautaire.<\/p>\n<p>Les droits de propri\u00e9t\u00e9 intellectuelle et les marques commerciales de tiers sont mis en \u00e9vidence de mani\u00e8re appropri\u00e9e et doivent \u00eatre respect\u00e9s par toute personne acc\u00e9dant \u00e0 cette page, l&rsquo;utilisation que l&rsquo;utilisateur pourrait en faire n&rsquo;\u00e9tant pas de la responsabilit\u00e9 d&rsquo;INDUSTRIAL BREINCO S.A, celle-ci incombant uniquement \u00e0 sa personne.<\/p>\n<p>Le t\u00e9l\u00e9chargement des contenus, la copie ou l&rsquo;impression de toute page de ce site web et des r\u00e9seaux sociaux ne sont autoris\u00e9s que pour un usage personnel et priv\u00e9. Il est interdit de reproduire, transmettre, modifier ou supprimer les informations, contenus ou avertissements de ce site web sans l&rsquo;autorisation pr\u00e9alable \u00e9crite d&rsquo;INDUSTRIAL BREINCO S.A.<\/p>\n<p>INDUSTRIAL BREINCO S.A ne transf\u00e8re pas aux utilisateurs la propri\u00e9t\u00e9 de ses logiciels. L&rsquo;utilisateur est propri\u00e9taire du support sur lequel le logiciel est enregistr\u00e9. INDUSTRIAL BREINCO S.A d\u00e9tient tous les droits de propri\u00e9t\u00e9 industrielle et intellectuelle, y compris sur le logiciel. Si l&rsquo;utilisateur transf\u00e8re un logiciel de ce site web vers son terminal, il ne pourra pas l&rsquo;analyser pour \u00e9tude ni le d\u00e9compiler, traduire la version du code objet original ou sa langue vers une autre langue ou code.<\/p>\n<p><strong>LOI APPLICABLE ET JURIDICTION<\/strong><\/p>\n<p>Les pr\u00e9sentes conditions g\u00e9n\u00e9rales sont r\u00e9gies par la L\u00e9gislation espagnole, les Cours et Tribunaux espagnols \u00e9tant comp\u00e9tents pour conna\u00eetre de toutes les questions soulev\u00e9es concernant leur interpr\u00e9tation, application et ex\u00e9cution. L&rsquo;utilisateur, en vertu de son acceptation des conditions g\u00e9n\u00e9rales contenues dans ces mentions l\u00e9gales et tant que cette soumission est possible, renonce express\u00e9ment \u00e0 toute autre juridiction qui pourrait lui correspondre par application de la Loi de Proc\u00e9dure Civile en vigueur.<\/p>\n<\/div>\n<\/div>\n<\/div>\n<\/div>\n","protected":false},"excerpt":{"rendered":"<p>INFORMATIONS L\u00c9GALES LSSIYCE Conform\u00e9ment aux obligations pr\u00e9vues par la Loi 34\/2002 sur les Services de la Soci\u00e9t\u00e9 de l&rsquo;Information et du Commerce \u00c9lectronique (ci-apr\u00e8s LSSIYCE), INDUSTRIAL BREINCO S.A, avec le CIF A08946238 et dont le si\u00e8ge est situ\u00e9 Carretera de Cardedeu a Dosrius, km 6,5 Apartado 68, 08450 Llinars del Vall\u00e8s (Barcelone) et l&rsquo;adresse e-mail [&hellip;]<\/p>\n","protected":false},"author":1,"featured_media":0,"parent":0,"menu_order":0,"comment_status":"closed","ping_status":"closed","template":"","meta":{"_acf_changed":false,"footnotes":""},"class_list":["post-15875","page","type-page","status-publish","hentry"],"acf":[],"yoast_head":"<!-- This site is optimized with the Yoast SEO plugin v27.3 - https:\/\/yoast.com\/product\/yoast-seo-wordpress\/ -->\n<title>Mentions l\u00e9gales et Politique de confidentialit\u00e9 - Breinco<\/title>\n<meta name=\"robots\" content=\"index, follow, max-snippet:-1, max-image-preview:large, max-video-preview:-1\" \/>\n<link rel=\"canonical\" href=\"https:\/\/breinco.com\/fr\/mentions-legales-et-politique-de-confidentialite\/\" \/>\n<meta property=\"og:locale\" content=\"fr_FR\" \/>\n<meta property=\"og:type\" content=\"article\" \/>\n<meta property=\"og:title\" content=\"Mentions l\u00e9gales et Politique de confidentialit\u00e9 - Breinco\" \/>\n<meta property=\"og:description\" content=\"INFORMATIONS L\u00c9GALES LSSIYCE Conform\u00e9ment aux obligations pr\u00e9vues par la Loi 34\/2002 sur les Services de la Soci\u00e9t\u00e9 de l&rsquo;Information et du Commerce \u00c9lectronique (ci-apr\u00e8s LSSIYCE), INDUSTRIAL BREINCO S.A, avec le CIF A08946238 et dont le si\u00e8ge est situ\u00e9 Carretera de Cardedeu a Dosrius, km 6,5 Apartado 68, 08450 Llinars del Vall\u00e8s (Barcelone) et l&rsquo;adresse e-mail [&hellip;]\" \/>\n<meta property=\"og:url\" content=\"https:\/\/breinco.com\/fr\/mentions-legales-et-politique-de-confidentialite\/\" \/>\n<meta property=\"og:site_name\" content=\"Breinco\" \/>\n<meta property=\"article:publisher\" content=\"https:\/\/www.facebook.com\/breincosmart\/\" \/>\n<meta property=\"article:modified_time\" content=\"2026-03-09T19:25:04+00:00\" \/>\n<meta property=\"og:image\" content=\"https:\/\/breinco.com\/wp-content\/uploads\/2026\/02\/breinco-feat-img.webp\" \/>\n\t<meta property=\"og:image:width\" content=\"1200\" \/>\n\t<meta property=\"og:image:height\" content=\"800\" \/>\n\t<meta property=\"og:image:type\" content=\"image\/webp\" \/>\n<meta name=\"twitter:card\" content=\"summary_large_image\" \/>\n<meta name=\"twitter:site\" content=\"@breincoGroup\" \/>\n<meta name=\"twitter:label1\" content=\"Dur\u00e9e de lecture estim\u00e9e\" \/>\n\t<meta name=\"twitter:data1\" content=\"10 minutes\" \/>\n<script type=\"application\/ld+json\" class=\"yoast-schema-graph\">{\"@context\":\"https:\\\/\\\/schema.org\",\"@graph\":[{\"@type\":\"WebPage\",\"@id\":\"https:\\\/\\\/breinco.com\\\/fr\\\/mentions-legales-et-politique-de-confidentialite\\\/\",\"url\":\"https:\\\/\\\/breinco.com\\\/fr\\\/mentions-legales-et-politique-de-confidentialite\\\/\",\"name\":\"Mentions l\u00e9gales et Politique de confidentialit\u00e9 - Breinco\",\"isPartOf\":{\"@id\":\"https:\\\/\\\/breinco.com\\\/fr\\\/#website\"},\"datePublished\":\"2025-07-03T16:07:04+00:00\",\"dateModified\":\"2026-03-09T19:25:04+00:00\",\"breadcrumb\":{\"@id\":\"https:\\\/\\\/breinco.com\\\/fr\\\/mentions-legales-et-politique-de-confidentialite\\\/#breadcrumb\"},\"inLanguage\":\"fr-FR\",\"potentialAction\":[{\"@type\":\"ReadAction\",\"target\":[\"https:\\\/\\\/breinco.com\\\/fr\\\/mentions-legales-et-politique-de-confidentialite\\\/\"]}]},{\"@type\":\"BreadcrumbList\",\"@id\":\"https:\\\/\\\/breinco.com\\\/fr\\\/mentions-legales-et-politique-de-confidentialite\\\/#breadcrumb\",\"itemListElement\":[{\"@type\":\"ListItem\",\"position\":1,\"name\":\"Accueil\",\"item\":\"https:\\\/\\\/breinco.com\\\/fr\\\/\"},{\"@type\":\"ListItem\",\"position\":2,\"name\":\"Mentions l\u00e9gales et Politique de confidentialit\u00e9\"}]},{\"@type\":\"WebSite\",\"@id\":\"https:\\\/\\\/breinco.com\\\/fr\\\/#website\",\"url\":\"https:\\\/\\\/breinco.com\\\/fr\\\/\",\"name\":\"Breinco\",\"description\":\"\",\"publisher\":{\"@id\":\"https:\\\/\\\/breinco.com\\\/fr\\\/#organization\"},\"alternateName\":\"Urban Furniture, Architecture and Landscaping\",\"potentialAction\":[{\"@type\":\"SearchAction\",\"target\":{\"@type\":\"EntryPoint\",\"urlTemplate\":\"https:\\\/\\\/breinco.com\\\/fr\\\/?s={search_term_string}\"},\"query-input\":{\"@type\":\"PropertyValueSpecification\",\"valueRequired\":true,\"valueName\":\"search_term_string\"}}],\"inLanguage\":\"fr-FR\"},{\"@type\":\"Organization\",\"@id\":\"https:\\\/\\\/breinco.com\\\/fr\\\/#organization\",\"name\":\"Breinco\",\"url\":\"https:\\\/\\\/breinco.com\\\/fr\\\/\",\"logo\":{\"@type\":\"ImageObject\",\"inLanguage\":\"fr-FR\",\"@id\":\"https:\\\/\\\/breinco.com\\\/fr\\\/#\\\/schema\\\/logo\\\/image\\\/\",\"url\":\"https:\\\/\\\/breinco.com\\\/wp-content\\\/uploads\\\/2025\\\/04\\\/breinco-brand.svg\",\"contentUrl\":\"https:\\\/\\\/breinco.com\\\/wp-content\\\/uploads\\\/2025\\\/04\\\/breinco-brand.svg\",\"width\":26,\"height\":58,\"caption\":\"Breinco\"},\"image\":{\"@id\":\"https:\\\/\\\/breinco.com\\\/fr\\\/#\\\/schema\\\/logo\\\/image\\\/\"},\"sameAs\":[\"https:\\\/\\\/www.facebook.com\\\/breincosmart\\\/\",\"https:\\\/\\\/x.com\\\/breincoGroup\",\"https:\\\/\\\/www.instagram.com\\\/breinco\\\/\",\"https:\\\/\\\/www.linkedin.com\\\/company\\\/breinco-esp\\\/\"]}]}<\/script>\n<!-- \/ Yoast SEO plugin. -->","yoast_head_json":{"title":"Mentions l\u00e9gales et Politique de confidentialit\u00e9 - Breinco","robots":{"index":"index","follow":"follow","max-snippet":"max-snippet:-1","max-image-preview":"max-image-preview:large","max-video-preview":"max-video-preview:-1"},"canonical":"https:\/\/breinco.com\/fr\/mentions-legales-et-politique-de-confidentialite\/","og_locale":"fr_FR","og_type":"article","og_title":"Mentions l\u00e9gales et Politique de confidentialit\u00e9 - Breinco","og_description":"INFORMATIONS L\u00c9GALES LSSIYCE Conform\u00e9ment aux obligations pr\u00e9vues par la Loi 34\/2002 sur les Services de la Soci\u00e9t\u00e9 de l&rsquo;Information et du Commerce \u00c9lectronique (ci-apr\u00e8s LSSIYCE), INDUSTRIAL BREINCO S.A, avec le CIF A08946238 et dont le si\u00e8ge est situ\u00e9 Carretera de Cardedeu a Dosrius, km 6,5 Apartado 68, 08450 Llinars del Vall\u00e8s (Barcelone) et l&rsquo;adresse e-mail [&hellip;]","og_url":"https:\/\/breinco.com\/fr\/mentions-legales-et-politique-de-confidentialite\/","og_site_name":"Breinco","article_publisher":"https:\/\/www.facebook.com\/breincosmart\/","article_modified_time":"2026-03-09T19:25:04+00:00","og_image":[{"width":1200,"height":800,"url":"https:\/\/breinco.com\/wp-content\/uploads\/2026\/02\/breinco-feat-img.webp","type":"image\/webp"}],"twitter_card":"summary_large_image","twitter_site":"@breincoGroup","twitter_misc":{"Dur\u00e9e de lecture estim\u00e9e":"10 minutes"},"schema":{"@context":"https:\/\/schema.org","@graph":[{"@type":"WebPage","@id":"https:\/\/breinco.com\/fr\/mentions-legales-et-politique-de-confidentialite\/","url":"https:\/\/breinco.com\/fr\/mentions-legales-et-politique-de-confidentialite\/","name":"Mentions l\u00e9gales et Politique de confidentialit\u00e9 - Breinco","isPartOf":{"@id":"https:\/\/breinco.com\/fr\/#website"},"datePublished":"2025-07-03T16:07:04+00:00","dateModified":"2026-03-09T19:25:04+00:00","breadcrumb":{"@id":"https:\/\/breinco.com\/fr\/mentions-legales-et-politique-de-confidentialite\/#breadcrumb"},"inLanguage":"fr-FR","potentialAction":[{"@type":"ReadAction","target":["https:\/\/breinco.com\/fr\/mentions-legales-et-politique-de-confidentialite\/"]}]},{"@type":"BreadcrumbList","@id":"https:\/\/breinco.com\/fr\/mentions-legales-et-politique-de-confidentialite\/#breadcrumb","itemListElement":[{"@type":"ListItem","position":1,"name":"Accueil","item":"https:\/\/breinco.com\/fr\/"},{"@type":"ListItem","position":2,"name":"Mentions l\u00e9gales et Politique de confidentialit\u00e9"}]},{"@type":"WebSite","@id":"https:\/\/breinco.com\/fr\/#website","url":"https:\/\/breinco.com\/fr\/","name":"Breinco","description":"","publisher":{"@id":"https:\/\/breinco.com\/fr\/#organization"},"alternateName":"Urban Furniture, Architecture and Landscaping","potentialAction":[{"@type":"SearchAction","target":{"@type":"EntryPoint","urlTemplate":"https:\/\/breinco.com\/fr\/?s={search_term_string}"},"query-input":{"@type":"PropertyValueSpecification","valueRequired":true,"valueName":"search_term_string"}}],"inLanguage":"fr-FR"},{"@type":"Organization","@id":"https:\/\/breinco.com\/fr\/#organization","name":"Breinco","url":"https:\/\/breinco.com\/fr\/","logo":{"@type":"ImageObject","inLanguage":"fr-FR","@id":"https:\/\/breinco.com\/fr\/#\/schema\/logo\/image\/","url":"https:\/\/breinco.com\/wp-content\/uploads\/2025\/04\/breinco-brand.svg","contentUrl":"https:\/\/breinco.com\/wp-content\/uploads\/2025\/04\/breinco-brand.svg","width":26,"height":58,"caption":"Breinco"},"image":{"@id":"https:\/\/breinco.com\/fr\/#\/schema\/logo\/image\/"},"sameAs":["https:\/\/www.facebook.com\/breincosmart\/","https:\/\/x.com\/breincoGroup","https:\/\/www.instagram.com\/breinco\/","https:\/\/www.linkedin.com\/company\/breinco-esp\/"]}]}},"_links":{"self":[{"href":"https:\/\/breinco.com\/fr\/wp-json\/wp\/v2\/pages\/15875","targetHints":{"allow":["GET"]}}],"collection":[{"href":"https:\/\/breinco.com\/fr\/wp-json\/wp\/v2\/pages"}],"about":[{"href":"https:\/\/breinco.com\/fr\/wp-json\/wp\/v2\/types\/page"}],"author":[{"embeddable":true,"href":"https:\/\/breinco.com\/fr\/wp-json\/wp\/v2\/users\/1"}],"replies":[{"embeddable":true,"href":"https:\/\/breinco.com\/fr\/wp-json\/wp\/v2\/comments?post=15875"}],"version-history":[{"count":1,"href":"https:\/\/breinco.com\/fr\/wp-json\/wp\/v2\/pages\/15875\/revisions"}],"predecessor-version":[{"id":15876,"href":"https:\/\/breinco.com\/fr\/wp-json\/wp\/v2\/pages\/15875\/revisions\/15876"}],"wp:attachment":[{"href":"https:\/\/breinco.com\/fr\/wp-json\/wp\/v2\/media?parent=15875"}],"curies":[{"name":"wp","href":"https:\/\/api.w.org\/{rel}","templated":true}]}}