{"id":16020,"date":"2025-06-01T10:10:14","date_gmt":"2025-06-01T08:10:14","guid":{"rendered":"https:\/\/breinco.com\/sables-polymeres\/"},"modified":"2026-03-09T20:25:49","modified_gmt":"2026-03-09T19:25:49","slug":"sables-polymeres","status":"publish","type":"page","link":"https:\/\/breinco.com\/fr\/sables-polymeres\/","title":{"rendered":"Sables polym\u00e8res"},"content":{"rendered":"\t\t<div data-elementor-type=\"wp-page\" data-elementor-id=\"16020\" class=\"elementor elementor-16020 elementor-1716\" data-elementor-post-type=\"page\">\n\t\t\t\t<div class=\"elementor-element elementor-element-a1955de e-flex e-con-boxed e-con e-parent\" data-id=\"a1955de\" data-element_type=\"container\" data-e-type=\"container\">\n\t\t\t\t\t<div class=\"e-con-inner\">\n\t\t<div class=\"elementor-element elementor-element-072b9d2 e-con-full e-flex e-con e-child\" data-id=\"072b9d2\" data-element_type=\"container\" data-e-type=\"container\" data-settings=\"{&quot;background_background&quot;:&quot;classic&quot;}\">\n\t\t\t\t<div class=\"elementor-element elementor-element-c313e8c elementor-widget elementor-widget-heading\" data-id=\"c313e8c\" data-element_type=\"widget\" data-e-type=\"widget\" data-widget_type=\"heading.default\">\n\t\t\t\t\t<h1 class=\"elementor-heading-title elementor-size-default\">DR PLUS et CITY PRO<\/h1>\t\t\t\t<\/div>\n\t\t\t\t<div class=\"elementor-element elementor-element-e8db0c5 elementor-widget elementor-widget-heading\" data-id=\"e8db0c5\" data-element_type=\"widget\" data-e-type=\"widget\" data-widget_type=\"heading.default\">\n\t\t\t\t\t<h2 class=\"elementor-heading-title elementor-size-default\">Sables polym\u00e8res pour le jointoiement des rev\u00eatements de sol\n<\/h2>\t\t\t\t<\/div>\n\t\t\t\t<div class=\"elementor-element elementor-element-b655633 elementor-widget elementor-widget-global elementor-global-18591 elementor-global-1707 elementor-widget-button\" data-id=\"b655633\" data-element_type=\"widget\" data-e-type=\"widget\" data-widget_type=\"button.default\">\n\t\t\t\t\t\t\t\t\t\t<a class=\"elementor-button elementor-button-link elementor-size-sm\" href=\"#elementor-action%3Aaction%3Dpopup%3Aopen%26settings%3DeyJpZCI6MTg1OTYsInRvZ2dsZSI6ZmFsc2V9\">\n\t\t\t\t\t\t<span class=\"elementor-button-content-wrapper\">\n\t\t\t\t\t\t<span class=\"elementor-button-icon\">\n\t\t\t\t<svg xmlns=\"http:\/\/www.w3.org\/2000\/svg\" width=\"17\" height=\"20\" viewBox=\"0 0 17 20\" fill=\"none\"><path fill-rule=\"evenodd\" clip-rule=\"evenodd\" d=\"M0 0.25H6.55645C6.97066 0.25 7.30645 0.585786 7.30645 1C7.30645 1.41421 6.97066 1.75 6.55645 1.75H1.5V18.25H15V10.5C15 10.0858 15.3358 9.75 15.75 9.75C16.1642 9.75 16.5 10.0858 16.5 10.5V19.75H0V0.25ZM9 0.25H15.75C16.1642 0.25 16.5 0.585786 16.5 1V7.75C16.5 8.16421 16.1642 8.5 15.75 8.5C15.3358 8.5 15 8.16421 15 7.75V2.81066L6.28033 11.5303C5.98744 11.8232 5.51256 11.8232 5.21967 11.5303C4.92678 11.2374 4.92678 10.7626 5.21967 10.4697L13.9393 1.75H9C8.58579 1.75 8.25 1.41421 8.25 1C8.25 0.585786 8.58579 0.25 9 0.25Z\" fill=\"white\"><\/path><\/svg>\t\t\t<\/span>\n\t\t\t\t\t\t\t\t\t<span class=\"elementor-button-text\">Demander la fiche technique <\/span>\n\t\t\t\t\t<\/span>\n\t\t\t\t\t<\/a>\n\t\t\t\t\t\t\t\t<\/div>\n\t\t\t\t<\/div>\n\t\t\t\t\t<\/div>\n\t\t\t\t<\/div>\n\t\t<div class=\"elementor-element elementor-element-3d5a183 e-flex e-con-boxed e-con e-parent\" data-id=\"3d5a183\" data-element_type=\"container\" data-e-type=\"container\" data-settings=\"{&quot;background_background&quot;:&quot;classic&quot;}\">\n\t\t\t\t\t<div class=\"e-con-inner\">\n\t\t\t\t<div class=\"elementor-element elementor-element-df69ece elementor-widget elementor-widget-text-editor\" data-id=\"df69ece\" data-element_type=\"widget\" data-e-type=\"widget\" data-widget_type=\"text-editor.default\">\n\t\t\t\t\t\t\t\t\t<p>Les sables polym\u00e8res DR PLUS y CITY PRO sont des sables sp\u00e9cialement formul\u00e9s pour le jointoiement des dalles et pav\u00e9s qui, contrairement aux sables classiques, s\u2019\u00ab activent \u00bb avec l\u2019eau et se consolident \u00e0 l\u2019int\u00e9rieur des joints.<\/p>\n\t\t\t\t\t\t\t\t<\/div>\n\t\t\t\t\t<\/div>\n\t\t\t\t<\/div>\n\t\t<div class=\"elementor-element elementor-element-ec9b30a e-flex e-con-boxed e-con e-parent\" data-id=\"ec9b30a\" data-element_type=\"container\" data-e-type=\"container\">\n\t\t\t\t\t<div class=\"e-con-inner\">\n\t\t<div class=\"elementor-element elementor-element-02f562a e-grid e-con-full e-con e-child\" data-id=\"02f562a\" data-element_type=\"container\" data-e-type=\"container\">\n\t\t<div class=\"elementor-element elementor-element-f1a31df e-con-full e-flex e-con e-child\" data-id=\"f1a31df\" data-element_type=\"container\" data-e-type=\"container\" data-settings=\"{&quot;background_background&quot;:&quot;classic&quot;}\">\n\t\t\t\t<div class=\"elementor-element elementor-element-7947691 elementor-widget elementor-widget-image\" data-id=\"7947691\" data-element_type=\"widget\" data-e-type=\"widget\" data-widget_type=\"image.default\">\n\t\t\t\t\t\t\t\t\t\t\t\t\t\t\t<img fetchpriority=\"high\" decoding=\"async\" width=\"1801\" height=\"1200\" src=\"https:\/\/breinco.com\/wp-content\/uploads\/2025\/07\/breinco_rejuntado_arenas_polimericas_4.webp\" class=\"attachment-full size-full wp-image-16024\" alt=\"\" srcset=\"https:\/\/breinco.com\/wp-content\/uploads\/2025\/07\/breinco_rejuntado_arenas_polimericas_4.webp 1801w, https:\/\/breinco.com\/wp-content\/uploads\/2025\/07\/breinco_rejuntado_arenas_polimericas_4-300x200.webp 300w, https:\/\/breinco.com\/wp-content\/uploads\/2025\/07\/breinco_rejuntado_arenas_polimericas_4-1024x682.webp 1024w, https:\/\/breinco.com\/wp-content\/uploads\/2025\/07\/breinco_rejuntado_arenas_polimericas_4-768x512.webp 768w, https:\/\/breinco.com\/wp-content\/uploads\/2025\/07\/breinco_rejuntado_arenas_polimericas_4-1536x1023.webp 1536w\" sizes=\"(max-width: 1801px) 100vw, 1801px\" \/>\t\t\t\t\t\t\t\t\t\t\t\t\t\t\t<\/div>\n\t\t\t\t<\/div>\n\t\t<div class=\"elementor-element elementor-element-697561c e-con-full e-flex e-con e-child\" data-id=\"697561c\" data-element_type=\"container\" data-e-type=\"container\">\n\t\t\t\t<div class=\"elementor-element elementor-element-fdb1548 elementor-widget elementor-widget-heading\" data-id=\"fdb1548\" data-element_type=\"widget\" data-e-type=\"widget\" data-widget_type=\"heading.default\">\n\t\t\t\t\t<h2 class=\"elementor-heading-title elementor-size-default\">Jointoiement<\/h2>\t\t\t\t<\/div>\n\t\t\t\t<div class=\"elementor-element elementor-element-a182276 elementor-widget elementor-widget-text-editor\" data-id=\"a182276\" data-element_type=\"widget\" data-e-type=\"widget\" data-widget_type=\"text-editor.default\">\n\t\t\t\t\t\t\t\t\t<h3><img decoding=\"async\" class=\"alignnone wp-image-1966\" src=\"https:\/\/breinco.com\/wp-content\/uploads\/2025\/07\/trafico-rodado-ligero-150x150-1.png\" alt=\"\" width=\"52\" height=\"52\" \/><br \/>DR PLUS pour trafic l\u00e9ger<\/h3>\n<p>Sable polym\u00e8re formul\u00e9 pour un usage pi\u00e9tonnier ou un trafic l\u00e9ger (de 0 \u00e0 10 v\u00e9hicules de plus de 3 500 kg par jour) et \u00e0 vitesse r\u00e9duite (max. 30 km\/h), sur des rev\u00eatements avec des joints de 2 mm \u00e0 20 mm de largeur, et une \u00e9paisseur minimale de 3,5 cm pour les dalles ou 5 cm pour les pav\u00e9s.<\/p>\n\t\t\t\t\t\t\t\t<\/div>\n\t\t\t\t<div class=\"elementor-element elementor-element-ce832c0 elementor-widget elementor-widget-global elementor-global-18591 elementor-global-1707 elementor-widget-button\" data-id=\"ce832c0\" data-element_type=\"widget\" data-e-type=\"widget\" data-widget_type=\"button.default\">\n\t\t\t\t\t\t\t\t\t\t<a class=\"elementor-button elementor-button-link elementor-size-sm\" href=\"#elementor-action%3Aaction%3Dpopup%3Aopen%26settings%3DeyJpZCI6MTg1OTYsInRvZ2dsZSI6ZmFsc2V9\">\n\t\t\t\t\t\t<span class=\"elementor-button-content-wrapper\">\n\t\t\t\t\t\t<span class=\"elementor-button-icon\">\n\t\t\t\t<svg xmlns=\"http:\/\/www.w3.org\/2000\/svg\" width=\"17\" height=\"20\" viewBox=\"0 0 17 20\" fill=\"none\"><path fill-rule=\"evenodd\" clip-rule=\"evenodd\" d=\"M0 0.25H6.55645C6.97066 0.25 7.30645 0.585786 7.30645 1C7.30645 1.41421 6.97066 1.75 6.55645 1.75H1.5V18.25H15V10.5C15 10.0858 15.3358 9.75 15.75 9.75C16.1642 9.75 16.5 10.0858 16.5 10.5V19.75H0V0.25ZM9 0.25H15.75C16.1642 0.25 16.5 0.585786 16.5 1V7.75C16.5 8.16421 16.1642 8.5 15.75 8.5C15.3358 8.5 15 8.16421 15 7.75V2.81066L6.28033 11.5303C5.98744 11.8232 5.51256 11.8232 5.21967 11.5303C4.92678 11.2374 4.92678 10.7626 5.21967 10.4697L13.9393 1.75H9C8.58579 1.75 8.25 1.41421 8.25 1C8.25 0.585786 8.58579 0.25 9 0.25Z\" fill=\"white\"><\/path><\/svg>\t\t\t<\/span>\n\t\t\t\t\t\t\t\t\t<span class=\"elementor-button-text\">Demander la fiche technique <\/span>\n\t\t\t\t\t<\/span>\n\t\t\t\t\t<\/a>\n\t\t\t\t\t\t\t\t<\/div>\n\t\t\t\t<\/div>\n\t\t\t\t<\/div>\n\t\t<div class=\"elementor-element elementor-element-f379073 e-grid e-con-full e-con e-child\" data-id=\"f379073\" data-element_type=\"container\" data-e-type=\"container\">\n\t\t<div class=\"elementor-element elementor-element-828f9d7 e-con-full e-flex e-con e-child\" data-id=\"828f9d7\" data-element_type=\"container\" data-e-type=\"container\">\n\t\t\t\t<div class=\"elementor-element elementor-element-6f11da4 elementor-widget elementor-widget-heading\" data-id=\"6f11da4\" data-element_type=\"widget\" data-e-type=\"widget\" data-widget_type=\"heading.default\">\n\t\t\t\t\t<h2 class=\"elementor-heading-title elementor-size-default\">Rejuntado<\/h2>\t\t\t\t<\/div>\n\t\t\t\t<div class=\"elementor-element elementor-element-e265a52 elementor-widget elementor-widget-text-editor\" data-id=\"e265a52\" data-element_type=\"widget\" data-e-type=\"widget\" data-widget_type=\"text-editor.default\">\n\t\t\t\t\t\t\t\t\t<h3><img decoding=\"async\" class=\"alignnone wp-image-1965 \" src=\"https:\/\/breinco.com\/wp-content\/uploads\/2025\/07\/trafico-rodado-pesado-150x150-1.png\" alt=\"\" width=\"62\" height=\"62\" \/><br \/>CITY PRO pour trafic intense<\/h3>\n<p>Sable polym\u00e8re formul\u00e9 pour un trafic routier intense (de 11 \u00e0 300 v\u00e9hicules de plus de 3 500 kg par jour) et \u00e0 vitesse r\u00e9duite (max. 30 km\/h), sur des rev\u00eatements avec des joints de 4 mm \u00e0 20 mm de largeur, et une \u00e9paisseur minimale de 8 cm.<\/p>\n\t\t\t\t\t\t\t\t<\/div>\n\t\t\t\t<div class=\"elementor-element elementor-element-2a4bd69 elementor-widget elementor-widget-global elementor-global-18591 elementor-global-1707 elementor-widget-button\" data-id=\"2a4bd69\" data-element_type=\"widget\" data-e-type=\"widget\" data-widget_type=\"button.default\">\n\t\t\t\t\t\t\t\t\t\t<a class=\"elementor-button elementor-button-link elementor-size-sm\" href=\"#elementor-action%3Aaction%3Dpopup%3Aopen%26settings%3DeyJpZCI6MTg1OTYsInRvZ2dsZSI6ZmFsc2V9\">\n\t\t\t\t\t\t<span class=\"elementor-button-content-wrapper\">\n\t\t\t\t\t\t<span class=\"elementor-button-icon\">\n\t\t\t\t<svg xmlns=\"http:\/\/www.w3.org\/2000\/svg\" width=\"17\" height=\"20\" viewBox=\"0 0 17 20\" fill=\"none\"><path fill-rule=\"evenodd\" clip-rule=\"evenodd\" d=\"M0 0.25H6.55645C6.97066 0.25 7.30645 0.585786 7.30645 1C7.30645 1.41421 6.97066 1.75 6.55645 1.75H1.5V18.25H15V10.5C15 10.0858 15.3358 9.75 15.75 9.75C16.1642 9.75 16.5 10.0858 16.5 10.5V19.75H0V0.25ZM9 0.25H15.75C16.1642 0.25 16.5 0.585786 16.5 1V7.75C16.5 8.16421 16.1642 8.5 15.75 8.5C15.3358 8.5 15 8.16421 15 7.75V2.81066L6.28033 11.5303C5.98744 11.8232 5.51256 11.8232 5.21967 11.5303C4.92678 11.2374 4.92678 10.7626 5.21967 10.4697L13.9393 1.75H9C8.58579 1.75 8.25 1.41421 8.25 1C8.25 0.585786 8.58579 0.25 9 0.25Z\" fill=\"white\"><\/path><\/svg>\t\t\t<\/span>\n\t\t\t\t\t\t\t\t\t<span class=\"elementor-button-text\">Demander la fiche technique <\/span>\n\t\t\t\t\t<\/span>\n\t\t\t\t\t<\/a>\n\t\t\t\t\t\t\t\t<\/div>\n\t\t\t\t<\/div>\n\t\t<div class=\"elementor-element elementor-element-14f85fb e-con-full e-flex e-con e-child\" data-id=\"14f85fb\" data-element_type=\"container\" data-e-type=\"container\" data-settings=\"{&quot;background_background&quot;:&quot;classic&quot;}\">\n\t\t\t\t<div class=\"elementor-element elementor-element-b5c5d71 elementor-widget elementor-widget-image\" data-id=\"b5c5d71\" data-element_type=\"widget\" data-e-type=\"widget\" data-widget_type=\"image.default\">\n\t\t\t\t\t\t\t\t\t\t\t\t\t\t\t<img loading=\"lazy\" decoding=\"async\" width=\"1801\" height=\"1200\" src=\"https:\/\/breinco.com\/wp-content\/uploads\/2025\/07\/breinco_rejuntado_arenas_polimericas.webp\" class=\"attachment-full size-full wp-image-16025\" alt=\"\" srcset=\"https:\/\/breinco.com\/wp-content\/uploads\/2025\/07\/breinco_rejuntado_arenas_polimericas.webp 1801w, https:\/\/breinco.com\/wp-content\/uploads\/2025\/07\/breinco_rejuntado_arenas_polimericas-300x200.webp 300w, https:\/\/breinco.com\/wp-content\/uploads\/2025\/07\/breinco_rejuntado_arenas_polimericas-1024x682.webp 1024w, https:\/\/breinco.com\/wp-content\/uploads\/2025\/07\/breinco_rejuntado_arenas_polimericas-768x512.webp 768w, https:\/\/breinco.com\/wp-content\/uploads\/2025\/07\/breinco_rejuntado_arenas_polimericas-1536x1023.webp 1536w\" sizes=\"(max-width: 1801px) 100vw, 1801px\" \/>\t\t\t\t\t\t\t\t\t\t\t\t\t\t\t<\/div>\n\t\t\t\t<\/div>\n\t\t\t\t<\/div>\n\t\t\t\t\t<\/div>\n\t\t\t\t<\/div>\n\t\t<div class=\"elementor-element elementor-element-c63ef31 e-flex e-con-boxed e-con e-parent\" data-id=\"c63ef31\" data-element_type=\"container\" data-e-type=\"container\" data-settings=\"{&quot;background_background&quot;:&quot;classic&quot;}\">\n\t\t\t\t\t<div class=\"e-con-inner\">\n\t\t\t\t<div class=\"elementor-element elementor-element-7a031e8 elementor-widget elementor-widget-text-editor\" data-id=\"7a031e8\" data-element_type=\"widget\" data-e-type=\"widget\" data-widget_type=\"text-editor.default\">\n\t\t\t\t\t\t\t\t\t<h3>Propri\u00e9t\u00e9s de DR PLUS et CITY PRO<\/h3>\n<ul>\n<li>Ils s\u2019appliquent \u00e0 sec, s\u2019activent avec l\u2019eau et durcissent apr\u00e8s s\u00e9chage.<\/li>\n<li>Leur installation est facile, rapide et propre.<\/li>\n<li>Ils r\u00e9sistent \u00e0 l\u2019\u00e9rosion caus\u00e9e par l\u2019eau, le gel, le vent et le nettoyage habituel des rues.<\/li>\n<li>Ils pr\u00e9viennent la croissance des mauvaises herbes, l\u2019invasion des insectes et \u00e9vitent l\u2019apparition d\u2019efflorescences.<\/li>\n<li>Ils conviennent tant pour le jointoiement de nouveaux rev\u00eatements que pour le remplacement des joints dans des rev\u00eatements existants d\u00e9j\u00e0 jointoy\u00e9s avec du sable.<\/li>\n<li>Une fois consolid\u00e9s, ils restent flexibles dans le temps et s\u2019adaptent aux d\u00e9formations du rev\u00eatement.<\/li>\n<\/ul>\n\t\t\t\t\t\t\t\t<\/div>\n\t\t<div class=\"elementor-element elementor-element-524587d e-con-full e-flex e-con e-child\" data-id=\"524587d\" data-element_type=\"container\" data-e-type=\"container\">\n\t\t\t\t<div class=\"elementor-element elementor-element-afb90f0 elementor-widget elementor-widget-text-editor\" data-id=\"afb90f0\" data-element_type=\"widget\" data-e-type=\"widget\" data-widget_type=\"text-editor.default\">\n\t\t\t\t\t\t\t\t\t<p>Ils sont r\u00e9sistants \u00e0 la pluie impr\u00e9vue 90 minutes apr\u00e8s l\u2019\u00ab activation \u00bb du jointoiement avec de l\u2019eau.<\/p>\n\t\t\t\t\t\t\t\t<\/div>\n\t\t\t\t<div class=\"elementor-element elementor-element-cf0ba06 elementor-widget elementor-widget-image\" data-id=\"cf0ba06\" data-element_type=\"widget\" data-e-type=\"widget\" data-widget_type=\"image.default\">\n\t\t\t\t\t\t\t\t\t\t\t\t\t\t\t<img loading=\"lazy\" decoding=\"async\" width=\"229\" height=\"193\" src=\"https:\/\/breinco.com\/wp-content\/uploads\/2025\/07\/ico-rejuntado-90min.svg\" class=\"attachment-large size-large wp-image-16021\" alt=\"\" \/>\t\t\t\t\t\t\t\t\t\t\t\t\t\t\t<\/div>\n\t\t\t\t<\/div>\n\t\t\t\t\t<\/div>\n\t\t\t\t<\/div>\n\t\t\t\t<\/div>\n\t\t","protected":false},"excerpt":{"rendered":"<p>DR PLUS et CITY PRO Sables polym\u00e8res pour le jointoiement des rev\u00eatements de sol Solicitar ficha t\u00e9cnica Les sables polym\u00e8res DR PLUS y CITY PRO sont des sables sp\u00e9cialement formul\u00e9s pour le jointoiement des dalles et pav\u00e9s qui, contrairement aux sables classiques, s\u2019\u00ab activent \u00bb avec l\u2019eau et se consolident \u00e0 l\u2019int\u00e9rieur des joints. Jointoiement [&hellip;]<\/p>\n","protected":false},"author":1,"featured_media":0,"parent":0,"menu_order":0,"comment_status":"closed","ping_status":"closed","template":"elementor_header_footer","meta":{"_acf_changed":false,"footnotes":""},"class_list":["post-16020","page","type-page","status-publish","hentry"],"acf":[],"yoast_head":"<!-- This site is optimized with the Yoast SEO plugin v27.3 - https:\/\/yoast.com\/product\/yoast-seo-wordpress\/ -->\n<title>Sables polym\u00e8res - Breinco<\/title>\n<meta name=\"robots\" content=\"index, follow, max-snippet:-1, max-image-preview:large, max-video-preview:-1\" \/>\n<link rel=\"canonical\" href=\"https:\/\/breinco.com\/fr\/sables-polymeres\/\" \/>\n<meta property=\"og:locale\" content=\"fr_FR\" \/>\n<meta property=\"og:type\" content=\"article\" \/>\n<meta property=\"og:title\" content=\"Sables polym\u00e8res - Breinco\" \/>\n<meta property=\"og:description\" content=\"DR PLUS et CITY PRO Sables polym\u00e8res pour le jointoiement des rev\u00eatements de sol Solicitar ficha t\u00e9cnica Les sables polym\u00e8res DR PLUS y CITY PRO sont des sables sp\u00e9cialement formul\u00e9s pour le jointoiement des dalles et pav\u00e9s qui, contrairement aux sables classiques, s\u2019\u00ab activent \u00bb avec l\u2019eau et se consolident \u00e0 l\u2019int\u00e9rieur des joints. Jointoiement [&hellip;]\" \/>\n<meta property=\"og:url\" content=\"https:\/\/breinco.com\/fr\/sables-polymeres\/\" \/>\n<meta property=\"og:site_name\" content=\"Breinco\" \/>\n<meta property=\"article:publisher\" content=\"https:\/\/www.facebook.com\/breincosmart\/\" \/>\n<meta property=\"article:modified_time\" content=\"2026-03-09T19:25:49+00:00\" \/>\n<meta property=\"og:image\" content=\"https:\/\/breinco.com\/wp-content\/uploads\/2025\/07\/breinco_rejuntado_arenas_polimericas_4.webp\" \/>\n\t<meta property=\"og:image:width\" content=\"1801\" \/>\n\t<meta property=\"og:image:height\" content=\"1200\" \/>\n\t<meta property=\"og:image:type\" content=\"image\/webp\" \/>\n<meta name=\"twitter:card\" content=\"summary_large_image\" \/>\n<meta name=\"twitter:site\" content=\"@breincoGroup\" \/>\n<meta name=\"twitter:label1\" content=\"Dur\u00e9e de lecture estim\u00e9e\" \/>\n\t<meta name=\"twitter:data1\" content=\"2 minutes\" \/>\n<script type=\"application\/ld+json\" class=\"yoast-schema-graph\">{\"@context\":\"https:\\\/\\\/schema.org\",\"@graph\":[{\"@type\":\"WebPage\",\"@id\":\"https:\\\/\\\/breinco.com\\\/fr\\\/sables-polymeres\\\/\",\"url\":\"https:\\\/\\\/breinco.com\\\/fr\\\/sables-polymeres\\\/\",\"name\":\"Sables polym\u00e8res - Breinco\",\"isPartOf\":{\"@id\":\"https:\\\/\\\/breinco.com\\\/fr\\\/#website\"},\"primaryImageOfPage\":{\"@id\":\"https:\\\/\\\/breinco.com\\\/fr\\\/sables-polymeres\\\/#primaryimage\"},\"image\":{\"@id\":\"https:\\\/\\\/breinco.com\\\/fr\\\/sables-polymeres\\\/#primaryimage\"},\"thumbnailUrl\":\"https:\\\/\\\/breinco.com\\\/wp-content\\\/uploads\\\/2025\\\/07\\\/breinco_rejuntado_arenas_polimericas_4.webp\",\"datePublished\":\"2025-06-01T08:10:14+00:00\",\"dateModified\":\"2026-03-09T19:25:49+00:00\",\"breadcrumb\":{\"@id\":\"https:\\\/\\\/breinco.com\\\/fr\\\/sables-polymeres\\\/#breadcrumb\"},\"inLanguage\":\"fr-FR\",\"potentialAction\":[{\"@type\":\"ReadAction\",\"target\":[\"https:\\\/\\\/breinco.com\\\/fr\\\/sables-polymeres\\\/\"]}]},{\"@type\":\"ImageObject\",\"inLanguage\":\"fr-FR\",\"@id\":\"https:\\\/\\\/breinco.com\\\/fr\\\/sables-polymeres\\\/#primaryimage\",\"url\":\"https:\\\/\\\/breinco.com\\\/wp-content\\\/uploads\\\/2025\\\/07\\\/breinco_rejuntado_arenas_polimericas_4.webp\",\"contentUrl\":\"https:\\\/\\\/breinco.com\\\/wp-content\\\/uploads\\\/2025\\\/07\\\/breinco_rejuntado_arenas_polimericas_4.webp\"},{\"@type\":\"BreadcrumbList\",\"@id\":\"https:\\\/\\\/breinco.com\\\/fr\\\/sables-polymeres\\\/#breadcrumb\",\"itemListElement\":[{\"@type\":\"ListItem\",\"position\":1,\"name\":\"Accueil\",\"item\":\"https:\\\/\\\/breinco.com\\\/fr\\\/\"},{\"@type\":\"ListItem\",\"position\":2,\"name\":\"Sables polym\u00e8res\"}]},{\"@type\":\"WebSite\",\"@id\":\"https:\\\/\\\/breinco.com\\\/fr\\\/#website\",\"url\":\"https:\\\/\\\/breinco.com\\\/fr\\\/\",\"name\":\"Breinco\",\"description\":\"\",\"publisher\":{\"@id\":\"https:\\\/\\\/breinco.com\\\/fr\\\/#organization\"},\"alternateName\":\"Urban Furniture, Architecture and Landscaping\",\"potentialAction\":[{\"@type\":\"SearchAction\",\"target\":{\"@type\":\"EntryPoint\",\"urlTemplate\":\"https:\\\/\\\/breinco.com\\\/fr\\\/?s={search_term_string}\"},\"query-input\":{\"@type\":\"PropertyValueSpecification\",\"valueRequired\":true,\"valueName\":\"search_term_string\"}}],\"inLanguage\":\"fr-FR\"},{\"@type\":\"Organization\",\"@id\":\"https:\\\/\\\/breinco.com\\\/fr\\\/#organization\",\"name\":\"Breinco\",\"url\":\"https:\\\/\\\/breinco.com\\\/fr\\\/\",\"logo\":{\"@type\":\"ImageObject\",\"inLanguage\":\"fr-FR\",\"@id\":\"https:\\\/\\\/breinco.com\\\/fr\\\/#\\\/schema\\\/logo\\\/image\\\/\",\"url\":\"https:\\\/\\\/breinco.com\\\/wp-content\\\/uploads\\\/2025\\\/04\\\/breinco-brand.svg\",\"contentUrl\":\"https:\\\/\\\/breinco.com\\\/wp-content\\\/uploads\\\/2025\\\/04\\\/breinco-brand.svg\",\"width\":26,\"height\":58,\"caption\":\"Breinco\"},\"image\":{\"@id\":\"https:\\\/\\\/breinco.com\\\/fr\\\/#\\\/schema\\\/logo\\\/image\\\/\"},\"sameAs\":[\"https:\\\/\\\/www.facebook.com\\\/breincosmart\\\/\",\"https:\\\/\\\/x.com\\\/breincoGroup\",\"https:\\\/\\\/www.instagram.com\\\/breinco\\\/\",\"https:\\\/\\\/www.linkedin.com\\\/company\\\/breinco-esp\\\/\"]}]}<\/script>\n<!-- \/ Yoast SEO plugin. -->","yoast_head_json":{"title":"Sables polym\u00e8res - Breinco","robots":{"index":"index","follow":"follow","max-snippet":"max-snippet:-1","max-image-preview":"max-image-preview:large","max-video-preview":"max-video-preview:-1"},"canonical":"https:\/\/breinco.com\/fr\/sables-polymeres\/","og_locale":"fr_FR","og_type":"article","og_title":"Sables polym\u00e8res - Breinco","og_description":"DR PLUS et CITY PRO Sables polym\u00e8res pour le jointoiement des rev\u00eatements de sol Solicitar ficha t\u00e9cnica Les sables polym\u00e8res DR PLUS y CITY PRO sont des sables sp\u00e9cialement formul\u00e9s pour le jointoiement des dalles et pav\u00e9s qui, contrairement aux sables classiques, s\u2019\u00ab activent \u00bb avec l\u2019eau et se consolident \u00e0 l\u2019int\u00e9rieur des joints. Jointoiement [&hellip;]","og_url":"https:\/\/breinco.com\/fr\/sables-polymeres\/","og_site_name":"Breinco","article_publisher":"https:\/\/www.facebook.com\/breincosmart\/","article_modified_time":"2026-03-09T19:25:49+00:00","og_image":[{"width":1801,"height":1200,"url":"https:\/\/breinco.com\/wp-content\/uploads\/2025\/07\/breinco_rejuntado_arenas_polimericas_4.webp","type":"image\/webp"}],"twitter_card":"summary_large_image","twitter_site":"@breincoGroup","twitter_misc":{"Dur\u00e9e de lecture estim\u00e9e":"2 minutes"},"schema":{"@context":"https:\/\/schema.org","@graph":[{"@type":"WebPage","@id":"https:\/\/breinco.com\/fr\/sables-polymeres\/","url":"https:\/\/breinco.com\/fr\/sables-polymeres\/","name":"Sables polym\u00e8res - Breinco","isPartOf":{"@id":"https:\/\/breinco.com\/fr\/#website"},"primaryImageOfPage":{"@id":"https:\/\/breinco.com\/fr\/sables-polymeres\/#primaryimage"},"image":{"@id":"https:\/\/breinco.com\/fr\/sables-polymeres\/#primaryimage"},"thumbnailUrl":"https:\/\/breinco.com\/wp-content\/uploads\/2025\/07\/breinco_rejuntado_arenas_polimericas_4.webp","datePublished":"2025-06-01T08:10:14+00:00","dateModified":"2026-03-09T19:25:49+00:00","breadcrumb":{"@id":"https:\/\/breinco.com\/fr\/sables-polymeres\/#breadcrumb"},"inLanguage":"fr-FR","potentialAction":[{"@type":"ReadAction","target":["https:\/\/breinco.com\/fr\/sables-polymeres\/"]}]},{"@type":"ImageObject","inLanguage":"fr-FR","@id":"https:\/\/breinco.com\/fr\/sables-polymeres\/#primaryimage","url":"https:\/\/breinco.com\/wp-content\/uploads\/2025\/07\/breinco_rejuntado_arenas_polimericas_4.webp","contentUrl":"https:\/\/breinco.com\/wp-content\/uploads\/2025\/07\/breinco_rejuntado_arenas_polimericas_4.webp"},{"@type":"BreadcrumbList","@id":"https:\/\/breinco.com\/fr\/sables-polymeres\/#breadcrumb","itemListElement":[{"@type":"ListItem","position":1,"name":"Accueil","item":"https:\/\/breinco.com\/fr\/"},{"@type":"ListItem","position":2,"name":"Sables polym\u00e8res"}]},{"@type":"WebSite","@id":"https:\/\/breinco.com\/fr\/#website","url":"https:\/\/breinco.com\/fr\/","name":"Breinco","description":"","publisher":{"@id":"https:\/\/breinco.com\/fr\/#organization"},"alternateName":"Urban Furniture, Architecture and Landscaping","potentialAction":[{"@type":"SearchAction","target":{"@type":"EntryPoint","urlTemplate":"https:\/\/breinco.com\/fr\/?s={search_term_string}"},"query-input":{"@type":"PropertyValueSpecification","valueRequired":true,"valueName":"search_term_string"}}],"inLanguage":"fr-FR"},{"@type":"Organization","@id":"https:\/\/breinco.com\/fr\/#organization","name":"Breinco","url":"https:\/\/breinco.com\/fr\/","logo":{"@type":"ImageObject","inLanguage":"fr-FR","@id":"https:\/\/breinco.com\/fr\/#\/schema\/logo\/image\/","url":"https:\/\/breinco.com\/wp-content\/uploads\/2025\/04\/breinco-brand.svg","contentUrl":"https:\/\/breinco.com\/wp-content\/uploads\/2025\/04\/breinco-brand.svg","width":26,"height":58,"caption":"Breinco"},"image":{"@id":"https:\/\/breinco.com\/fr\/#\/schema\/logo\/image\/"},"sameAs":["https:\/\/www.facebook.com\/breincosmart\/","https:\/\/x.com\/breincoGroup","https:\/\/www.instagram.com\/breinco\/","https:\/\/www.linkedin.com\/company\/breinco-esp\/"]}]}},"_links":{"self":[{"href":"https:\/\/breinco.com\/fr\/wp-json\/wp\/v2\/pages\/16020","targetHints":{"allow":["GET"]}}],"collection":[{"href":"https:\/\/breinco.com\/fr\/wp-json\/wp\/v2\/pages"}],"about":[{"href":"https:\/\/breinco.com\/fr\/wp-json\/wp\/v2\/types\/page"}],"author":[{"embeddable":true,"href":"https:\/\/breinco.com\/fr\/wp-json\/wp\/v2\/users\/1"}],"replies":[{"embeddable":true,"href":"https:\/\/breinco.com\/fr\/wp-json\/wp\/v2\/comments?post=16020"}],"version-history":[{"count":1,"href":"https:\/\/breinco.com\/fr\/wp-json\/wp\/v2\/pages\/16020\/revisions"}],"predecessor-version":[{"id":16027,"href":"https:\/\/breinco.com\/fr\/wp-json\/wp\/v2\/pages\/16020\/revisions\/16027"}],"wp:attachment":[{"href":"https:\/\/breinco.com\/fr\/wp-json\/wp\/v2\/media?parent=16020"}],"curies":[{"name":"wp","href":"https:\/\/api.w.org\/{rel}","templated":true}]}}