{"id":16145,"date":"2025-04-01T10:10:29","date_gmt":"2025-04-01T08:10:29","guid":{"rendered":"https:\/\/breinco.com\/mode-de-vie\/"},"modified":"2026-03-16T10:50:53","modified_gmt":"2026-03-16T09:50:53","slug":"mode-de-vie","status":"publish","type":"page","link":"https:\/\/breinco.com\/fr\/mode-de-vie\/","title":{"rendered":"Mode de vie"},"content":{"rendered":"\t\t<div data-elementor-type=\"wp-page\" data-elementor-id=\"16145\" class=\"elementor elementor-16145 elementor-200\" data-elementor-post-type=\"page\">\n\t\t\t\t<div class=\"elementor-element elementor-element-abd29e8 e-flex e-con-boxed e-con e-parent\" data-id=\"abd29e8\" data-element_type=\"container\" data-e-type=\"container\" data-settings=\"{&quot;background_background&quot;:&quot;classic&quot;}\">\n\t\t\t\t\t<div class=\"e-con-inner\">\n\t\t<div class=\"elementor-element elementor-element-4debd5a e-con-full e-flex e-con e-child\" data-id=\"4debd5a\" data-element_type=\"container\" data-e-type=\"container\">\n\t\t\t\t<div class=\"elementor-element elementor-element-328501a elementor-widget elementor-widget-heading\" data-id=\"328501a\" data-element_type=\"widget\" data-e-type=\"widget\" data-widget_type=\"heading.default\">\n\t\t\t\t\t<h1 class=\"elementor-heading-title elementor-size-default\">We are Mediterranean<\/h1>\t\t\t\t<\/div>\n\t\t\t\t<div class=\"elementor-element elementor-element-5146bc5 elementor-widget elementor-widget-text-editor\" data-id=\"5146bc5\" data-element_type=\"widget\" data-e-type=\"widget\" data-widget_type=\"text-editor.default\">\n\t\t\t\t\t\t\t\t\t<p>Plus qu&rsquo;une mer. Au fil des mill\u00e9naires, la M\u00e9diterran\u00e9e a fa\u00e7onn\u00e9 une culture qui lui est propre, dans laquelle les gens se reconnaissent et se d\u00e9crivent. <br \/>Un h\u00e9ritage pr\u00e9cieux qui, par sa simplicit\u00e9 et sa diversit\u00e9, a donn\u00e9 naissance \u00e0 une combinaison \u00e9quilibr\u00e9e et compl\u00e8te qui enivre nos sens et nous diff\u00e9rencie. <\/p>\n\t\t\t\t\t\t\t\t<\/div>\n\t\t\t\t<\/div>\n\t\t\t\t\t<\/div>\n\t\t\t\t<\/div>\n\t\t<div class=\"elementor-element elementor-element-4d519636 e-grid grid-1fr-2fr e-con-boxed e-con e-child\" data-id=\"4d519636\" data-element_type=\"container\" data-e-type=\"container\">\n\t\t\t\t\t<div class=\"e-con-inner\">\n\t\t<div class=\"elementor-element elementor-element-4c3e7543 e-con-full e-flex e-con e-child\" data-id=\"4c3e7543\" data-element_type=\"container\" data-e-type=\"container\">\n\t\t<div class=\"elementor-element elementor-element-26d7a041 e-con-full e-flex e-con e-child\" data-id=\"26d7a041\" data-element_type=\"container\" data-e-type=\"container\">\n\t\t\t\t<div class=\"elementor-element elementor-element-4f998596 elementor-widget elementor-widget-heading\" data-id=\"4f998596\" data-element_type=\"widget\" data-e-type=\"widget\" data-widget_type=\"heading.default\">\n\t\t\t\t\t<h2 class=\"elementor-heading-title elementor-size-default\">Essence<\/h2>\t\t\t\t<\/div>\n\t\t\t\t<div class=\"elementor-element elementor-element-6848bf5 elementor-widget elementor-widget-text-editor\" data-id=\"6848bf5\" data-element_type=\"widget\" data-e-type=\"widget\" data-widget_type=\"text-editor.default\">\n\t\t\t\t\t\t\t\t\t<h3>Barcelone, capitale de la M\u00e9diterran\u00e9e<\/h3>\n<p>L&rsquo;expression ultime de la culture m\u00e9diterran\u00e9enne. <\/p>\n<p>Le murmure des vagues sur la plage, le port, la lumi\u00e8re qui baigne nos activit\u00e9s quotidiennes, un espace o\u00f9 nous nous confondons et nous m\u00e9langeons. <\/p>\n<p>Barcelone est une ville g\u00e9n\u00e9reuse, pr\u00eate \u00e0 apprendre et \u00e0 enseigner, \u00e0 recevoir et \u00e0 offrir. Une r\u00e9f\u00e9rence mondiale en mati\u00e8re d&rsquo;espaces publics.<\/p>\n\t\t\t\t\t\t\t\t<\/div>\n\t\t\t\t<\/div>\n\t\t\t\t<\/div>\n\t\t\t\t<div class=\"elementor-element elementor-element-a977b8d elementor-widget elementor-widget-image\" data-id=\"a977b8d\" data-element_type=\"widget\" data-e-type=\"widget\" data-widget_type=\"image.default\">\n\t\t\t\t\t\t\t\t\t\t\t\t\t\t\t<img fetchpriority=\"high\" decoding=\"async\" width=\"1200\" height=\"800\" src=\"https:\/\/breinco.com\/wp-content\/uploads\/2025\/05\/MG_6825-5-1.webp\" class=\"attachment-full size-full wp-image-16090\" alt=\"\" srcset=\"https:\/\/breinco.com\/wp-content\/uploads\/2025\/05\/MG_6825-5-1.webp 1200w, https:\/\/breinco.com\/wp-content\/uploads\/2025\/05\/MG_6825-5-1-300x200.webp 300w, https:\/\/breinco.com\/wp-content\/uploads\/2025\/05\/MG_6825-5-1-1024x683.webp 1024w, https:\/\/breinco.com\/wp-content\/uploads\/2025\/05\/MG_6825-5-1-768x512.webp 768w\" sizes=\"(max-width: 1200px) 100vw, 1200px\" \/>\t\t\t\t\t\t\t\t\t\t\t\t\t\t\t<\/div>\n\t\t\t\t\t<\/div>\n\t\t\t\t<\/div>\n\t\t<div class=\"elementor-element elementor-element-a7dc0e9 e-grid e-con-boxed e-con e-parent\" data-id=\"a7dc0e9\" data-element_type=\"container\" data-e-type=\"container\" data-settings=\"{&quot;background_background&quot;:&quot;classic&quot;}\">\n\t\t\t\t\t<div class=\"e-con-inner\">\n\t\t\t\t<div class=\"elementor-element elementor-element-f59d0de elementor-widget elementor-widget-image\" data-id=\"f59d0de\" data-element_type=\"widget\" data-e-type=\"widget\" data-widget_type=\"image.default\">\n\t\t\t\t\t\t\t\t\t\t\t\t\t\t\t<img decoding=\"async\" width=\"1\" height=\"1\" src=\"https:\/\/breinco.com\/wp-content\/uploads\/2025\/07\/logo-get-inspirted-breinco.svg\" class=\"attachment-large size-large wp-image-16146\" alt=\"\" \/>\t\t\t\t\t\t\t\t\t\t\t\t\t\t\t<\/div>\n\t\t<div class=\"elementor-element elementor-element-19f3469 e-con-full e-flex e-con e-child\" data-id=\"19f3469\" data-element_type=\"container\" data-e-type=\"container\">\n\t\t\t\t<div class=\"elementor-element elementor-element-c546dec elementor-widget elementor-widget-heading\" data-id=\"c546dec\" data-element_type=\"widget\" data-e-type=\"widget\" data-widget_type=\"heading.default\">\n\t\t\t\t\t<h2 class=\"elementor-heading-title elementor-size-default\">Laissez-vous inspirer<\/h2>\t\t\t\t<\/div>\n\t\t\t\t<div class=\"elementor-element elementor-element-3c49ab9 elementor-widget elementor-widget-text-editor\" data-id=\"3c49ab9\" data-element_type=\"widget\" data-e-type=\"widget\" data-widget_type=\"text-editor.default\">\n\t\t\t\t\t\t\t\t\t<h3>Solutions urbanistiques cr\u00e9atives<\/h3>\n<p>Notre d\u00e9fi consiste \u00e0 mettre \u00e0 la disposition des techniciens des solutions innovantes et durables pour cr\u00e9er des espaces uniques et inimitables, en leur offrant notre solide exp\u00e9rience et une infrastructure performante. <\/p>\n<p>Nous \u00e9tudions les projets con\u00e7us par les prescripteurs et les r\u00e9alisons conjointement avec les meilleures garanties fonctionnelles en mati\u00e8re de conception et de qualit\u00e9.<br \/>Nous dialoguons afin d&rsquo;adapter les particularit\u00e9s de chacun des environnements dans lesquels nous travaillons.<\/p>\n\t\t\t\t\t\t\t\t<\/div>\n\t\t\t\t<\/div>\n\t\t\t\t\t<\/div>\n\t\t\t\t<\/div>\n\t\t<div class=\"elementor-element elementor-element-70057b7 e-grid grid-1fr-2fr e-con-boxed e-con e-child\" data-id=\"70057b7\" data-element_type=\"container\" data-e-type=\"container\">\n\t\t\t\t\t<div class=\"e-con-inner\">\n\t\t<div class=\"elementor-element elementor-element-06eb53d e-con-full e-flex e-con e-child\" data-id=\"06eb53d\" data-element_type=\"container\" data-e-type=\"container\">\n\t\t<div class=\"elementor-element elementor-element-ba17d79 e-con-full e-flex e-con e-child\" data-id=\"ba17d79\" data-element_type=\"container\" data-e-type=\"container\">\n\t\t\t\t<div class=\"elementor-element elementor-element-b1a5021 elementor-widget elementor-widget-heading\" data-id=\"b1a5021\" data-element_type=\"widget\" data-e-type=\"widget\" data-widget_type=\"heading.default\">\n\t\t\t\t\t<h2 class=\"elementor-heading-title elementor-size-default\">Nouveaux besoins<\/h2>\t\t\t\t<\/div>\n\t\t\t\t<div class=\"elementor-element elementor-element-fbd5f1e elementor-widget elementor-widget-text-editor\" data-id=\"fbd5f1e\" data-element_type=\"widget\" data-e-type=\"widget\" data-widget_type=\"text-editor.default\">\n\t\t\t\t\t\t\t\t\t<h3>Fabricant de Mobilier Urbain<\/h3>\n<p>Nous analysons les nouvelles tendances li\u00e9es aux habitudes des citoyens au sein des espaces urbains. Ces derni\u00e8res ann\u00e9es, la r\u00e9g\u00e9n\u00e9ration urbaine fait \u00e9merger de nouveaux besoins qui r\u00e9pondent \u00e0 ces usages et \u00e0 ces espaces.<\/p>\n<p>Le potentiel d&rsquo;interaction sociale favoris\u00e9 par un objet est un facteur d\u00e9terminant et le principal indicateur de succ\u00e8s d&rsquo;un espace public. Dans un m\u00eame lieu, l&rsquo;environnement se transforme selon le mobilier urbain qui compose la sc\u00e8ne.<\/p>\t\t\t\t\t\t\t\t<\/div>\n\t\t\t\t<\/div>\n\t\t\t\t<div class=\"elementor-element elementor-element-6d2b4b9 arrow-go elementor-widget elementor-widget-button\" data-id=\"6d2b4b9\" data-element_type=\"widget\" data-e-type=\"widget\" data-widget_type=\"button.default\">\n\t\t\t\t\t\t\t\t\t\t<a class=\"elementor-button elementor-button-link elementor-size-sm\" href=\"https:\/\/breinco.com\/fr\/products\/mobilier-urbain\/\">\n\t\t\t\t\t\t<span class=\"elementor-button-content-wrapper\">\n\t\t\t\t\t\t<span class=\"elementor-button-icon\">\n\t\t\t\t<svg xmlns=\"http:\/\/www.w3.org\/2000\/svg\" width=\"24\" height=\"24\" viewBox=\"0 0 24 24\" fill=\"none\"><path d=\"M12 0C18.6274 0 24 5.37258 24 12C24 18.6274 18.6274 24 12 24C5.37258 24 0 18.6274 0 12C0 5.37258 5.37258 0 12 0ZM10.7822 8C10.4944 8.0002 10.2609 8.23358 10.2607 8.52148C10.2607 8.80951 10.4943 9.04374 10.7822 9.04395H14.2188L8.15234 15.1094C7.94887 15.3132 7.94869 15.6439 8.15234 15.8477C8.35602 16.0513 8.68686 16.0511 8.89062 15.8477L14.9561 9.78125V13.2178C14.9563 13.5057 15.1904 13.7393 15.4785 13.7393C15.7664 13.7391 15.9998 13.5056 16 13.2178V8.52148C15.9999 8.23352 15.7664 8.00012 15.4785 8H10.7822Z\" fill=\"currentColor\"><\/path><\/svg>\t\t\t<\/span>\n\t\t\t\t\t\t\t\t\t<span class=\"elementor-button-text\">Voir les produits<\/span>\n\t\t\t\t\t<\/span>\n\t\t\t\t\t<\/a>\n\t\t\t\t\t\t\t\t<\/div>\n\t\t\t\t<\/div>\n\t\t\t\t<div class=\"elementor-element elementor-element-7f1a2e6 elementor-widget elementor-widget-image\" data-id=\"7f1a2e6\" data-element_type=\"widget\" data-e-type=\"widget\" data-widget_type=\"image.default\">\n\t\t\t\t\t\t\t\t\t\t\t\t\t\t\t<img decoding=\"async\" width=\"1200\" height=\"800\" src=\"https:\/\/breinco.com\/wp-content\/uploads\/2025\/11\/BRE_XXSS-Image-LISTOMAT11-7.webp\" class=\"attachment-full size-full wp-image-16149\" alt=\"\" srcset=\"https:\/\/breinco.com\/wp-content\/uploads\/2025\/11\/BRE_XXSS-Image-LISTOMAT11-7.webp 1200w, https:\/\/breinco.com\/wp-content\/uploads\/2025\/11\/BRE_XXSS-Image-LISTOMAT11-7-300x200.webp 300w, https:\/\/breinco.com\/wp-content\/uploads\/2025\/11\/BRE_XXSS-Image-LISTOMAT11-7-1024x683.webp 1024w, https:\/\/breinco.com\/wp-content\/uploads\/2025\/11\/BRE_XXSS-Image-LISTOMAT11-7-768x512.webp 768w\" sizes=\"(max-width: 1200px) 100vw, 1200px\" \/>\t\t\t\t\t\t\t\t\t\t\t\t\t\t\t<\/div>\n\t\t\t\t\t<\/div>\n\t\t\t\t<\/div>\n\t\t\t\t<\/div>\n\t\t","protected":false},"excerpt":{"rendered":"<p>We are Mediterranean Plus qu&rsquo;une mer. Au fil des mill\u00e9naires, la M\u00e9diterran\u00e9e a fa\u00e7onn\u00e9 une culture qui lui est propre, dans laquelle les gens se reconnaissent et se d\u00e9crivent. Un h\u00e9ritage pr\u00e9cieux qui, par sa simplicit\u00e9 et sa diversit\u00e9, a donn\u00e9 naissance \u00e0 une combinaison \u00e9quilibr\u00e9e et compl\u00e8te qui enivre nos sens et nous diff\u00e9rencie. [&hellip;]<\/p>\n","protected":false},"author":1,"featured_media":0,"parent":0,"menu_order":0,"comment_status":"closed","ping_status":"closed","template":"elementor_header_footer","meta":{"_acf_changed":false,"footnotes":""},"class_list":["post-16145","page","type-page","status-publish","hentry"],"acf":[],"yoast_head":"<!-- This site is optimized with the Yoast SEO plugin v27.3 - https:\/\/yoast.com\/product\/yoast-seo-wordpress\/ -->\n<title>Mode de vie - Breinco<\/title>\n<meta name=\"robots\" content=\"index, follow, max-snippet:-1, max-image-preview:large, max-video-preview:-1\" \/>\n<link rel=\"canonical\" href=\"https:\/\/breinco.com\/fr\/mode-de-vie\/\" \/>\n<meta property=\"og:locale\" content=\"fr_FR\" \/>\n<meta property=\"og:type\" content=\"article\" \/>\n<meta property=\"og:title\" content=\"Mode de vie - Breinco\" \/>\n<meta property=\"og:description\" content=\"We are Mediterranean Plus qu&rsquo;une mer. Au fil des mill\u00e9naires, la M\u00e9diterran\u00e9e a fa\u00e7onn\u00e9 une culture qui lui est propre, dans laquelle les gens se reconnaissent et se d\u00e9crivent. Un h\u00e9ritage pr\u00e9cieux qui, par sa simplicit\u00e9 et sa diversit\u00e9, a donn\u00e9 naissance \u00e0 une combinaison \u00e9quilibr\u00e9e et compl\u00e8te qui enivre nos sens et nous diff\u00e9rencie. [&hellip;]\" \/>\n<meta property=\"og:url\" content=\"https:\/\/breinco.com\/fr\/mode-de-vie\/\" \/>\n<meta property=\"og:site_name\" content=\"Breinco\" \/>\n<meta property=\"article:publisher\" content=\"https:\/\/www.facebook.com\/breincosmart\/\" \/>\n<meta property=\"article:modified_time\" content=\"2026-03-16T09:50:53+00:00\" \/>\n<meta property=\"og:image\" content=\"https:\/\/breinco.com\/wp-content\/uploads\/2025\/05\/MG_6825-5-1.webp\" \/>\n\t<meta property=\"og:image:width\" content=\"1200\" \/>\n\t<meta property=\"og:image:height\" content=\"800\" \/>\n\t<meta property=\"og:image:type\" content=\"image\/webp\" \/>\n<meta name=\"twitter:card\" content=\"summary_large_image\" \/>\n<meta name=\"twitter:site\" content=\"@breincoGroup\" \/>\n<meta name=\"twitter:label1\" content=\"Dur\u00e9e de lecture estim\u00e9e\" \/>\n\t<meta name=\"twitter:data1\" content=\"2 minutes\" \/>\n<script type=\"application\/ld+json\" class=\"yoast-schema-graph\">{\"@context\":\"https:\\\/\\\/schema.org\",\"@graph\":[{\"@type\":\"WebPage\",\"@id\":\"https:\\\/\\\/breinco.com\\\/fr\\\/mode-de-vie\\\/\",\"url\":\"https:\\\/\\\/breinco.com\\\/fr\\\/mode-de-vie\\\/\",\"name\":\"Mode de vie - Breinco\",\"isPartOf\":{\"@id\":\"https:\\\/\\\/breinco.com\\\/fr\\\/#website\"},\"primaryImageOfPage\":{\"@id\":\"https:\\\/\\\/breinco.com\\\/fr\\\/mode-de-vie\\\/#primaryimage\"},\"image\":{\"@id\":\"https:\\\/\\\/breinco.com\\\/fr\\\/mode-de-vie\\\/#primaryimage\"},\"thumbnailUrl\":\"https:\\\/\\\/breinco.com\\\/wp-content\\\/uploads\\\/2025\\\/05\\\/MG_6825-5-1.webp\",\"datePublished\":\"2025-04-01T08:10:29+00:00\",\"dateModified\":\"2026-03-16T09:50:53+00:00\",\"breadcrumb\":{\"@id\":\"https:\\\/\\\/breinco.com\\\/fr\\\/mode-de-vie\\\/#breadcrumb\"},\"inLanguage\":\"fr-FR\",\"potentialAction\":[{\"@type\":\"ReadAction\",\"target\":[\"https:\\\/\\\/breinco.com\\\/fr\\\/mode-de-vie\\\/\"]}]},{\"@type\":\"ImageObject\",\"inLanguage\":\"fr-FR\",\"@id\":\"https:\\\/\\\/breinco.com\\\/fr\\\/mode-de-vie\\\/#primaryimage\",\"url\":\"https:\\\/\\\/breinco.com\\\/wp-content\\\/uploads\\\/2025\\\/05\\\/MG_6825-5-1.webp\",\"contentUrl\":\"https:\\\/\\\/breinco.com\\\/wp-content\\\/uploads\\\/2025\\\/05\\\/MG_6825-5-1.webp\"},{\"@type\":\"BreadcrumbList\",\"@id\":\"https:\\\/\\\/breinco.com\\\/fr\\\/mode-de-vie\\\/#breadcrumb\",\"itemListElement\":[{\"@type\":\"ListItem\",\"position\":1,\"name\":\"Accueil\",\"item\":\"https:\\\/\\\/breinco.com\\\/fr\\\/\"},{\"@type\":\"ListItem\",\"position\":2,\"name\":\"Mode de vie\"}]},{\"@type\":\"WebSite\",\"@id\":\"https:\\\/\\\/breinco.com\\\/fr\\\/#website\",\"url\":\"https:\\\/\\\/breinco.com\\\/fr\\\/\",\"name\":\"Breinco\",\"description\":\"\",\"publisher\":{\"@id\":\"https:\\\/\\\/breinco.com\\\/fr\\\/#organization\"},\"alternateName\":\"Urban Furniture, Architecture and Landscaping\",\"potentialAction\":[{\"@type\":\"SearchAction\",\"target\":{\"@type\":\"EntryPoint\",\"urlTemplate\":\"https:\\\/\\\/breinco.com\\\/fr\\\/?s={search_term_string}\"},\"query-input\":{\"@type\":\"PropertyValueSpecification\",\"valueRequired\":true,\"valueName\":\"search_term_string\"}}],\"inLanguage\":\"fr-FR\"},{\"@type\":\"Organization\",\"@id\":\"https:\\\/\\\/breinco.com\\\/fr\\\/#organization\",\"name\":\"Breinco\",\"url\":\"https:\\\/\\\/breinco.com\\\/fr\\\/\",\"logo\":{\"@type\":\"ImageObject\",\"inLanguage\":\"fr-FR\",\"@id\":\"https:\\\/\\\/breinco.com\\\/fr\\\/#\\\/schema\\\/logo\\\/image\\\/\",\"url\":\"https:\\\/\\\/breinco.com\\\/wp-content\\\/uploads\\\/2025\\\/04\\\/breinco-brand.svg\",\"contentUrl\":\"https:\\\/\\\/breinco.com\\\/wp-content\\\/uploads\\\/2025\\\/04\\\/breinco-brand.svg\",\"width\":26,\"height\":58,\"caption\":\"Breinco\"},\"image\":{\"@id\":\"https:\\\/\\\/breinco.com\\\/fr\\\/#\\\/schema\\\/logo\\\/image\\\/\"},\"sameAs\":[\"https:\\\/\\\/www.facebook.com\\\/breincosmart\\\/\",\"https:\\\/\\\/x.com\\\/breincoGroup\",\"https:\\\/\\\/www.instagram.com\\\/breinco\\\/\",\"https:\\\/\\\/www.linkedin.com\\\/company\\\/breinco-esp\\\/\"]}]}<\/script>\n<!-- \/ Yoast SEO plugin. -->","yoast_head_json":{"title":"Mode de vie - Breinco","robots":{"index":"index","follow":"follow","max-snippet":"max-snippet:-1","max-image-preview":"max-image-preview:large","max-video-preview":"max-video-preview:-1"},"canonical":"https:\/\/breinco.com\/fr\/mode-de-vie\/","og_locale":"fr_FR","og_type":"article","og_title":"Mode de vie - Breinco","og_description":"We are Mediterranean Plus qu&rsquo;une mer. Au fil des mill\u00e9naires, la M\u00e9diterran\u00e9e a fa\u00e7onn\u00e9 une culture qui lui est propre, dans laquelle les gens se reconnaissent et se d\u00e9crivent. Un h\u00e9ritage pr\u00e9cieux qui, par sa simplicit\u00e9 et sa diversit\u00e9, a donn\u00e9 naissance \u00e0 une combinaison \u00e9quilibr\u00e9e et compl\u00e8te qui enivre nos sens et nous diff\u00e9rencie. [&hellip;]","og_url":"https:\/\/breinco.com\/fr\/mode-de-vie\/","og_site_name":"Breinco","article_publisher":"https:\/\/www.facebook.com\/breincosmart\/","article_modified_time":"2026-03-16T09:50:53+00:00","og_image":[{"width":1200,"height":800,"url":"https:\/\/breinco.com\/wp-content\/uploads\/2025\/05\/MG_6825-5-1.webp","type":"image\/webp"}],"twitter_card":"summary_large_image","twitter_site":"@breincoGroup","twitter_misc":{"Dur\u00e9e de lecture estim\u00e9e":"2 minutes"},"schema":{"@context":"https:\/\/schema.org","@graph":[{"@type":"WebPage","@id":"https:\/\/breinco.com\/fr\/mode-de-vie\/","url":"https:\/\/breinco.com\/fr\/mode-de-vie\/","name":"Mode de vie - Breinco","isPartOf":{"@id":"https:\/\/breinco.com\/fr\/#website"},"primaryImageOfPage":{"@id":"https:\/\/breinco.com\/fr\/mode-de-vie\/#primaryimage"},"image":{"@id":"https:\/\/breinco.com\/fr\/mode-de-vie\/#primaryimage"},"thumbnailUrl":"https:\/\/breinco.com\/wp-content\/uploads\/2025\/05\/MG_6825-5-1.webp","datePublished":"2025-04-01T08:10:29+00:00","dateModified":"2026-03-16T09:50:53+00:00","breadcrumb":{"@id":"https:\/\/breinco.com\/fr\/mode-de-vie\/#breadcrumb"},"inLanguage":"fr-FR","potentialAction":[{"@type":"ReadAction","target":["https:\/\/breinco.com\/fr\/mode-de-vie\/"]}]},{"@type":"ImageObject","inLanguage":"fr-FR","@id":"https:\/\/breinco.com\/fr\/mode-de-vie\/#primaryimage","url":"https:\/\/breinco.com\/wp-content\/uploads\/2025\/05\/MG_6825-5-1.webp","contentUrl":"https:\/\/breinco.com\/wp-content\/uploads\/2025\/05\/MG_6825-5-1.webp"},{"@type":"BreadcrumbList","@id":"https:\/\/breinco.com\/fr\/mode-de-vie\/#breadcrumb","itemListElement":[{"@type":"ListItem","position":1,"name":"Accueil","item":"https:\/\/breinco.com\/fr\/"},{"@type":"ListItem","position":2,"name":"Mode de vie"}]},{"@type":"WebSite","@id":"https:\/\/breinco.com\/fr\/#website","url":"https:\/\/breinco.com\/fr\/","name":"Breinco","description":"","publisher":{"@id":"https:\/\/breinco.com\/fr\/#organization"},"alternateName":"Urban Furniture, Architecture and Landscaping","potentialAction":[{"@type":"SearchAction","target":{"@type":"EntryPoint","urlTemplate":"https:\/\/breinco.com\/fr\/?s={search_term_string}"},"query-input":{"@type":"PropertyValueSpecification","valueRequired":true,"valueName":"search_term_string"}}],"inLanguage":"fr-FR"},{"@type":"Organization","@id":"https:\/\/breinco.com\/fr\/#organization","name":"Breinco","url":"https:\/\/breinco.com\/fr\/","logo":{"@type":"ImageObject","inLanguage":"fr-FR","@id":"https:\/\/breinco.com\/fr\/#\/schema\/logo\/image\/","url":"https:\/\/breinco.com\/wp-content\/uploads\/2025\/04\/breinco-brand.svg","contentUrl":"https:\/\/breinco.com\/wp-content\/uploads\/2025\/04\/breinco-brand.svg","width":26,"height":58,"caption":"Breinco"},"image":{"@id":"https:\/\/breinco.com\/fr\/#\/schema\/logo\/image\/"},"sameAs":["https:\/\/www.facebook.com\/breincosmart\/","https:\/\/x.com\/breincoGroup","https:\/\/www.instagram.com\/breinco\/","https:\/\/www.linkedin.com\/company\/breinco-esp\/"]}]}},"_links":{"self":[{"href":"https:\/\/breinco.com\/fr\/wp-json\/wp\/v2\/pages\/16145","targetHints":{"allow":["GET"]}}],"collection":[{"href":"https:\/\/breinco.com\/fr\/wp-json\/wp\/v2\/pages"}],"about":[{"href":"https:\/\/breinco.com\/fr\/wp-json\/wp\/v2\/types\/page"}],"author":[{"embeddable":true,"href":"https:\/\/breinco.com\/fr\/wp-json\/wp\/v2\/users\/1"}],"replies":[{"embeddable":true,"href":"https:\/\/breinco.com\/fr\/wp-json\/wp\/v2\/comments?post=16145"}],"version-history":[{"count":2,"href":"https:\/\/breinco.com\/fr\/wp-json\/wp\/v2\/pages\/16145\/revisions"}],"predecessor-version":[{"id":16968,"href":"https:\/\/breinco.com\/fr\/wp-json\/wp\/v2\/pages\/16145\/revisions\/16968"}],"wp:attachment":[{"href":"https:\/\/breinco.com\/fr\/wp-json\/wp\/v2\/media?parent=16145"}],"curies":[{"name":"wp","href":"https:\/\/api.w.org\/{rel}","templated":true}]}}