{"id":16154,"date":"2025-04-01T10:10:24","date_gmt":"2025-04-01T08:10:24","guid":{"rendered":"https:\/\/breinco.com\/philosophie\/"},"modified":"2026-04-01T10:54:57","modified_gmt":"2026-04-01T08:54:57","slug":"philosophie","status":"publish","type":"page","link":"https:\/\/breinco.com\/fr\/philosophie\/","title":{"rendered":"Philosophie"},"content":{"rendered":"\t\t<div data-elementor-type=\"wp-page\" data-elementor-id=\"16154\" class=\"elementor elementor-16154 elementor-199\" data-elementor-post-type=\"page\">\n\t\t\t\t<div class=\"elementor-element elementor-element-4de51c0 e-flex e-con-boxed e-con e-parent\" data-id=\"4de51c0\" data-element_type=\"container\" data-e-type=\"container\" data-settings=\"{&quot;background_background&quot;:&quot;classic&quot;}\">\n\t\t\t\t\t<div class=\"e-con-inner\">\n\t\t<div class=\"elementor-element elementor-element-7fca39f e-con-full e-flex e-con e-child\" data-id=\"7fca39f\" data-element_type=\"container\" data-e-type=\"container\">\n\t\t\t\t<div class=\"elementor-element elementor-element-d55e95c elementor-widget elementor-widget-heading\" data-id=\"d55e95c\" data-element_type=\"widget\" data-e-type=\"widget\" data-widget_type=\"heading.default\">\n\t\t\t\t\t<h1 class=\"elementor-heading-title elementor-size-default\">Nous sommes l'innovation<\/h1>\t\t\t\t<\/div>\n\t\t\t\t<div class=\"elementor-element elementor-element-5f73d9e elementor-widget elementor-widget-text-editor\" data-id=\"5f73d9e\" data-element_type=\"widget\" data-e-type=\"widget\" data-widget_type=\"text-editor.default\">\n\t\t\t\t\t\t\t\t\t<p>Chez Breinco, nous avons cr\u00e9\u00e9 une nouvelle g\u00e9n\u00e9ration de produits issus du savoir-faire et de l&rsquo;exp\u00e9rience que nous avons acquis au fil des ann\u00e9es.<\/p>\n\t\t\t\t\t\t\t\t<\/div>\n\t\t\t\t<\/div>\n\t\t\t\t\t<\/div>\n\t\t\t\t<\/div>\n\t\t<div class=\"elementor-element elementor-element-fdec00b e-grid e-con-boxed e-con e-child\" data-id=\"fdec00b\" data-element_type=\"container\" data-e-type=\"container\">\n\t\t\t\t\t<div class=\"e-con-inner\">\n\t\t<div class=\"elementor-element elementor-element-d604863 e-con-full e-flex e-con e-child\" data-id=\"d604863\" data-element_type=\"container\" data-e-type=\"container\">\n\t\t\t\t<div class=\"elementor-element elementor-element-4558ab2 elementor-widget elementor-widget-heading\" data-id=\"4558ab2\" data-element_type=\"widget\" data-e-type=\"widget\" data-widget_type=\"heading.default\">\n\t\t\t\t\t<h2 class=\"elementor-heading-title elementor-size-default\">Une nouvelle g\u00e9n\u00e9ration de produits<\/h2>\t\t\t\t<\/div>\n\t\t\t\t<div class=\"elementor-element elementor-element-61ebd24 elementor-widget__width-initial elementor-widget elementor-widget-heading\" data-id=\"61ebd24\" data-element_type=\"widget\" data-e-type=\"widget\" data-widget_type=\"heading.default\">\n\t\t\t\t\t<h3 class=\"elementor-heading-title elementor-size-default\">Entreprise de mobilier urbain et de design urbain<\/h3>\t\t\t\t<\/div>\n\t\t\t\t<div class=\"elementor-element elementor-element-b74b472 elementor-widget elementor-widget-text-editor\" data-id=\"b74b472\" data-element_type=\"widget\" data-e-type=\"widget\" data-widget_type=\"text-editor.default\">\n\t\t\t\t\t\t\t\t\t<p>Une nouvelle g\u00e9n\u00e9ration de produits qui am\u00e9liorent notre environnement, avec caract\u00e8re et de mani\u00e8re durable.<\/p>\n<p>Nous recherchons l&rsquo;\u00e9co-efficience dans la fabrication de nos produits, l&rsquo;utilisation de mat\u00e9riaux issus du recyclage et l&rsquo;int\u00e9gration de nouvelles technologies pour concevoir des espaces multifonctionnels.<\/p>\n<p><em>Architecture et paysage : Lola Dom\u00e8nech<br \/><\/em><\/p>\n<p><em>Photographie : Adri\u00e0 Goula<\/em><\/p>\n\t\t\t\t\t\t\t\t<\/div>\n\t\t\t\t<\/div>\n\t\t\t\t<div class=\"elementor-element elementor-element-11fa8c8 elementor-widget elementor-widget-image\" data-id=\"11fa8c8\" data-element_type=\"widget\" data-e-type=\"widget\" data-widget_type=\"image.default\">\n\t\t\t\t\t\t\t\t\t\t\t\t\t\t\t<img fetchpriority=\"high\" decoding=\"async\" width=\"1300\" height=\"900\" src=\"https:\/\/breinco.com\/wp-content\/uploads\/2025\/11\/filosofia-passeig-st-joan-img.webp\" class=\"attachment-full size-full wp-image-16170\" alt=\"\" srcset=\"https:\/\/breinco.com\/wp-content\/uploads\/2025\/11\/filosofia-passeig-st-joan-img.webp 1300w, https:\/\/breinco.com\/wp-content\/uploads\/2025\/11\/filosofia-passeig-st-joan-img-300x208.webp 300w, https:\/\/breinco.com\/wp-content\/uploads\/2025\/11\/filosofia-passeig-st-joan-img-1024x709.webp 1024w, https:\/\/breinco.com\/wp-content\/uploads\/2025\/11\/filosofia-passeig-st-joan-img-768x532.webp 768w\" sizes=\"(max-width: 1300px) 100vw, 1300px\" \/>\t\t\t\t\t\t\t\t\t\t\t\t\t\t\t<\/div>\n\t\t\t\t\t<\/div>\n\t\t\t\t<\/div>\n\t\t<div class=\"elementor-element elementor-element-f336f4a e-grid e-con-boxed e-con e-parent\" data-id=\"f336f4a\" data-element_type=\"container\" data-e-type=\"container\" data-settings=\"{&quot;background_background&quot;:&quot;classic&quot;}\">\n\t\t\t\t\t<div class=\"e-con-inner\">\n\t\t\t\t<div class=\"elementor-element elementor-element-0264f90 elementor-widget elementor-widget-text-editor\" data-id=\"0264f90\" data-element_type=\"widget\" data-e-type=\"widget\" data-widget_type=\"text-editor.default\">\n\t\t\t\t\t\t\t\t\t<p>Philosophie<\/p>\n<h3>Tradition, qualit\u00e9 et innovation sont les constantes de Breinco depuis 50 ans sur le march\u00e9.<\/h3>\n\t\t\t\t\t\t\t\t<\/div>\n\t\t\t\t<div class=\"elementor-element elementor-element-4007389 elementor-widget elementor-widget-text-editor\" data-id=\"4007389\" data-element_type=\"widget\" data-e-type=\"widget\" data-widget_type=\"text-editor.default\">\n\t\t\t\t\t\t\t\t\t<p>Nous avons le savoir-faire, une base technique solide et une capacit\u00e9 d&rsquo;innovation nous permettant de faire \u00e9voluer nos processus de recherche et de d\u00e9velopper de nouveaux produits.<\/p>\n<p>De nouveaux d\u00e9fis qui renforcent notre caract\u00e8re.<\/p>\n\t\t\t\t\t\t\t\t<\/div>\n\t\t\t\t\t<\/div>\n\t\t\t\t<\/div>\n\t\t<div class=\"elementor-element elementor-element-5317ee4 e-grid e-con-boxed e-con e-parent\" data-id=\"5317ee4\" data-element_type=\"container\" data-e-type=\"container\" data-settings=\"{&quot;background_background&quot;:&quot;classic&quot;}\">\n\t\t\t\t\t<div class=\"e-con-inner\">\n\t\t<div class=\"elementor-element elementor-element-c9385de e-con-full e-flex e-con e-child\" data-id=\"c9385de\" data-element_type=\"container\" data-e-type=\"container\">\n\t\t\t\t<div class=\"elementor-element elementor-element-ab636a5 elementor-widget elementor-widget-text-editor\" data-id=\"ab636a5\" data-element_type=\"widget\" data-e-type=\"widget\" data-widget_type=\"text-editor.default\">\n\t\t\t\t\t\t\t\t\t<h5>Vision<\/h5><br><h3>La conscience de faire partie de la plan\u00e8te nous pousse \u00e0 innover, \u00e0 nous perfectionner techniquement et \u00e0 cr\u00e9er des espaces durables et propres, tourn\u00e9s vers un nouvel avenir : bluefuture.<\/h3><br><br><p>La cr\u00e9ativit\u00e9, la conscience environnementale et un savoir-faire solide sont des valeurs qui font partie de l&rsquo;ADN des personnes qui travaillent avec nous. Une mani\u00e8re de faire qui impr\u00e8gne nos produits, les distinguant clairement sur le march\u00e9.<\/p><br><br><p>Notre d\u00e9fi est de continuer \u00e0 apporter des solutions innovantes \u00e0 forte valeur paysag\u00e8re, en nous appuyant sur les nouvelles tendances de l&rsquo;architecture et de l&rsquo;urbanisme. Chez Breinco, nous savons exploiter les avantages de la technologie en termes de co\u00fbt, de qualit\u00e9, de temps d&rsquo;installation et de performance environnementale. Nous r\u00e9visons et am\u00e9liorons continuellement nos processus afin d&rsquo;accro\u00eetre le niveau d&rsquo;excellence que nous souhaitons offrir \u00e0 nos clients.<\/p><br><br><p>C&rsquo;est dans cette optique que nous avons con\u00e7u cet espace en ligne, qui se veut le reflet de notre \u00e9tat d&rsquo;esprit. Nous y avons inclus les outils n\u00e9cessaires pour vous accompagner dans vos projets d&rsquo;am\u00e9nagement d&rsquo;espaces libres et de paysages. Nous esp\u00e9rons que vous appr\u00e9cierez votre navigation, comme s&rsquo;il s&rsquo;agissait d&rsquo;une promenade.<\/p><br><br><p>De la m\u00eame mani\u00e8re, nous vous invitons \u00e0 venir fl\u00e2ner in situ dans le cadre verdoyant de notre exposition, un espace privil\u00e9gi\u00e9 de 5 000 m\u00b2 int\u00e9gr\u00e9 \u00e0 nos installations. Vous pourrez ainsi d\u00e9couvrir de premi\u00e8re main les effets particuliers que nos mat\u00e9riaux offrent dans des applications concr\u00e8tes. Un environnement r\u00e9el pour exp\u00e9rimenter, capter des sensations et g\u00e9n\u00e9rer des id\u00e9es afin de commencer \u00e0 concr\u00e9tiser vos projets.<\/p><br>\t\t\t\t\t\t\t\t<\/div>\n\t\t<div class=\"elementor-element elementor-element-5e9d9c4 e-grid e-con-full e-con e-child\" data-id=\"5e9d9c4\" data-element_type=\"container\" data-e-type=\"container\">\n\t\t<div class=\"elementor-element elementor-element-839a25c e-con-full e-flex e-con e-child\" data-id=\"839a25c\" data-element_type=\"container\" data-e-type=\"container\">\n\t\t\t\t<div class=\"elementor-element elementor-element-e22d4e0 elementor-widget elementor-widget-image\" data-id=\"e22d4e0\" data-element_type=\"widget\" data-e-type=\"widget\" data-widget_type=\"image.default\">\n\t\t\t\t\t\t\t\t\t\t\t\t\t\t\t<img decoding=\"async\" width=\"420\" height=\"300\" src=\"https:\/\/breinco.com\/wp-content\/uploads\/2025\/11\/firma-angel-breinco-1.webp\" class=\"attachment-large size-large wp-image-16166\" alt=\"\" srcset=\"https:\/\/breinco.com\/wp-content\/uploads\/2025\/11\/firma-angel-breinco-1.webp 420w, https:\/\/breinco.com\/wp-content\/uploads\/2025\/11\/firma-angel-breinco-1-300x214.webp 300w\" sizes=\"(max-width: 420px) 100vw, 420px\" \/>\t\t\t\t\t\t\t\t\t\t\t\t\t\t\t<\/div>\n\t\t\t\t<div class=\"elementor-element elementor-element-58a136d elementor-widget elementor-widget-text-editor\" data-id=\"58a136d\" data-element_type=\"widget\" data-e-type=\"widget\" data-widget_type=\"text-editor.default\">\n\t\t\t\t\t\t\t\t\t<p>Angel Sitj\u00e0<br \/>Pr\u00e9sident<\/p>\n\t\t\t\t\t\t\t\t<\/div>\n\t\t\t\t<\/div>\n\t\t<div class=\"elementor-element elementor-element-a7fad4e e-con-full e-flex e-con e-child\" data-id=\"a7fad4e\" data-element_type=\"container\" data-e-type=\"container\">\n\t\t\t\t<div class=\"elementor-element elementor-element-a1c0ca7 elementor-widget elementor-widget-image\" data-id=\"a1c0ca7\" data-element_type=\"widget\" data-e-type=\"widget\" data-widget_type=\"image.default\">\n\t\t\t\t\t\t\t\t\t\t\t\t\t\t\t<img decoding=\"async\" width=\"420\" height=\"300\" src=\"https:\/\/breinco.com\/wp-content\/uploads\/2025\/11\/firma-marina-breinco-1.webp\" class=\"attachment-large size-large wp-image-16167\" alt=\"\" srcset=\"https:\/\/breinco.com\/wp-content\/uploads\/2025\/11\/firma-marina-breinco-1.webp 420w, https:\/\/breinco.com\/wp-content\/uploads\/2025\/11\/firma-marina-breinco-1-300x214.webp 300w\" sizes=\"(max-width: 420px) 100vw, 420px\" \/>\t\t\t\t\t\t\t\t\t\t\t\t\t\t\t<\/div>\n\t\t\t\t<div class=\"elementor-element elementor-element-abe71e0 elementor-widget elementor-widget-text-editor\" data-id=\"abe71e0\" data-element_type=\"widget\" data-e-type=\"widget\" data-widget_type=\"text-editor.default\">\n\t\t\t\t\t\t\t\t\t<p>Marina Sitj\u00e0<br \/>Directrice Financi\u00e8re (CFO)<\/p>\n\t\t\t\t\t\t\t\t<\/div>\n\t\t\t\t<\/div>\n\t\t<div class=\"elementor-element elementor-element-c188d35 e-con-full e-flex e-con e-child\" data-id=\"c188d35\" data-element_type=\"container\" data-e-type=\"container\">\n\t\t\t\t<div class=\"elementor-element elementor-element-2e08f59 elementor-widget elementor-widget-image\" data-id=\"2e08f59\" data-element_type=\"widget\" data-e-type=\"widget\" data-widget_type=\"image.default\">\n\t\t\t\t\t\t\t\t\t\t\t\t\t\t\t<img loading=\"lazy\" decoding=\"async\" width=\"420\" height=\"300\" src=\"https:\/\/breinco.com\/wp-content\/uploads\/2025\/11\/firma-pere-breinco-1.webp\" class=\"attachment-large size-large wp-image-16168\" alt=\"\" srcset=\"https:\/\/breinco.com\/wp-content\/uploads\/2025\/11\/firma-pere-breinco-1.webp 420w, https:\/\/breinco.com\/wp-content\/uploads\/2025\/11\/firma-pere-breinco-1-300x214.webp 300w\" sizes=\"(max-width: 420px) 100vw, 420px\" \/>\t\t\t\t\t\t\t\t\t\t\t\t\t\t\t<\/div>\n\t\t\t\t<div class=\"elementor-element elementor-element-356f09d elementor-widget elementor-widget-text-editor\" data-id=\"356f09d\" data-element_type=\"widget\" data-e-type=\"widget\" data-widget_type=\"text-editor.default\">\n\t\t\t\t\t\t\t\t\t<p>Pere Sitj\u00e0<br \/>CEO<\/p>\n\t\t\t\t\t\t\t\t<\/div>\n\t\t\t\t<\/div>\n\t\t\t\t<\/div>\n\t\t\t\t<\/div>\n\t\t\t\t<div class=\"elementor-element elementor-element-b165138 elementor-widget elementor-widget-image\" data-id=\"b165138\" data-element_type=\"widget\" data-e-type=\"widget\" data-widget_type=\"image.default\">\n\t\t\t\t\t\t\t\t\t\t\t\t\t\t\t<img loading=\"lazy\" decoding=\"async\" width=\"683\" height=\"1024\" src=\"https:\/\/breinco.com\/wp-content\/uploads\/2025\/10\/filosofia-familia-breinco-683x1024.webp\" class=\"attachment-large size-large wp-image-16159\" alt=\"\" srcset=\"https:\/\/breinco.com\/wp-content\/uploads\/2025\/10\/filosofia-familia-breinco-683x1024.webp 683w, https:\/\/breinco.com\/wp-content\/uploads\/2025\/10\/filosofia-familia-breinco-200x300.webp 200w, https:\/\/breinco.com\/wp-content\/uploads\/2025\/10\/filosofia-familia-breinco-768x1152.webp 768w, https:\/\/breinco.com\/wp-content\/uploads\/2025\/10\/filosofia-familia-breinco-1024x1536.webp 1024w, https:\/\/breinco.com\/wp-content\/uploads\/2025\/10\/filosofia-familia-breinco-1365x2048.webp 1365w, https:\/\/breinco.com\/wp-content\/uploads\/2025\/10\/filosofia-familia-breinco-scaled.webp 1707w\" sizes=\"(max-width: 683px) 100vw, 683px\" \/>\t\t\t\t\t\t\t\t\t\t\t\t\t\t\t<\/div>\n\t\t\t\t\t<\/div>\n\t\t\t\t<\/div>\n\t\t<div class=\"elementor-element elementor-element-55ed9ca e-grid e-con-boxed e-con e-parent\" data-id=\"55ed9ca\" data-element_type=\"container\" data-e-type=\"container\" data-settings=\"{&quot;background_background&quot;:&quot;classic&quot;}\">\n\t\t\t\t\t<div class=\"e-con-inner\">\n\t\t<div class=\"elementor-element elementor-element-5a0f0f7 e-grid e-con-full e-con e-child\" data-id=\"5a0f0f7\" data-element_type=\"container\" data-e-type=\"container\">\n\t\t<div class=\"elementor-element elementor-element-24e3a0c e-con-full e-flex e-con e-child\" data-id=\"24e3a0c\" data-element_type=\"container\" data-e-type=\"container\">\n\t\t\t\t<div class=\"elementor-element elementor-element-1f182b3 elementor-widget elementor-widget-heading\" data-id=\"1f182b3\" data-element_type=\"widget\" data-e-type=\"widget\" data-widget_type=\"heading.default\">\n\t\t\t\t\t<h4 class=\"elementor-heading-title elementor-size-default\">Partenaire b\u00e9n\u00e9voles<\/h4>\t\t\t\t<\/div>\n\t\t\t\t<div class=\"elementor-element elementor-element-32aa03d elementor-widget elementor-widget-text-editor\" data-id=\"32aa03d\" data-element_type=\"widget\" data-e-type=\"widget\" data-widget_type=\"text-editor.default\">\n\t\t\t\t\t\t\t\t\t<p>Association de la Croix Rouge.<\/p>\n\t\t\t\t\t\t\t\t<\/div>\n\t\t\t\t<\/div>\n\t\t\t\t<div class=\"elementor-element elementor-element-cdf0c7d elementor-widget elementor-widget-image\" data-id=\"cdf0c7d\" data-element_type=\"widget\" data-e-type=\"widget\" data-widget_type=\"image.default\">\n\t\t\t\t\t\t\t\t\t\t\t\t\t\t\t<img loading=\"lazy\" decoding=\"async\" width=\"800\" height=\"800\" src=\"https:\/\/breinco.com\/wp-content\/uploads\/2026\/03\/badget-colaboradors-en-1024x1024.webp\" class=\"attachment-large size-large wp-image-18370\" alt=\"\" srcset=\"https:\/\/breinco.com\/wp-content\/uploads\/2026\/03\/badget-colaboradors-en-1024x1024.webp 1024w, https:\/\/breinco.com\/wp-content\/uploads\/2026\/03\/badget-colaboradors-en-300x300.webp 300w, https:\/\/breinco.com\/wp-content\/uploads\/2026\/03\/badget-colaboradors-en-150x150.webp 150w, https:\/\/breinco.com\/wp-content\/uploads\/2026\/03\/badget-colaboradors-en-768x768.webp 768w, https:\/\/breinco.com\/wp-content\/uploads\/2026\/03\/badget-colaboradors-en.webp 1032w\" sizes=\"(max-width: 800px) 100vw, 800px\" \/>\t\t\t\t\t\t\t\t\t\t\t\t\t\t\t<\/div>\n\t\t\t\t<\/div>\n\t\t\t\t\t<\/div>\n\t\t\t\t<\/div>\n\t\t\t\t<\/div>\n\t\t","protected":false},"excerpt":{"rendered":"<p>Nous sommes l&rsquo;innovation Chez Breinco, nous avons cr\u00e9\u00e9 une nouvelle g\u00e9n\u00e9ration de produits issus du savoir-faire et de l&rsquo;exp\u00e9rience que nous avons acquis au fil des ann\u00e9es. Une nouvelle g\u00e9n\u00e9ration de produits Entreprise de mobilier urbain et de design urbain Une nouvelle g\u00e9n\u00e9ration de produits qui am\u00e9liorent notre environnement, avec caract\u00e8re et de mani\u00e8re durable. [&hellip;]<\/p>\n","protected":false},"author":1,"featured_media":0,"parent":0,"menu_order":0,"comment_status":"closed","ping_status":"closed","template":"elementor_header_footer","meta":{"_acf_changed":false,"footnotes":""},"class_list":["post-16154","page","type-page","status-publish","hentry"],"acf":[],"yoast_head":"<!-- This site is optimized with the Yoast SEO plugin v27.3 - https:\/\/yoast.com\/product\/yoast-seo-wordpress\/ -->\n<title>Philosophie - Breinco<\/title>\n<meta name=\"robots\" content=\"index, follow, max-snippet:-1, max-image-preview:large, max-video-preview:-1\" \/>\n<link rel=\"canonical\" href=\"https:\/\/breinco.com\/fr\/philosophie\/\" \/>\n<meta property=\"og:locale\" content=\"fr_FR\" \/>\n<meta property=\"og:type\" content=\"article\" \/>\n<meta property=\"og:title\" content=\"Philosophie - Breinco\" \/>\n<meta property=\"og:description\" content=\"Nous sommes l&rsquo;innovation Chez Breinco, nous avons cr\u00e9\u00e9 une nouvelle g\u00e9n\u00e9ration de produits issus du savoir-faire et de l&rsquo;exp\u00e9rience que nous avons acquis au fil des ann\u00e9es. Une nouvelle g\u00e9n\u00e9ration de produits Entreprise de mobilier urbain et de design urbain Une nouvelle g\u00e9n\u00e9ration de produits qui am\u00e9liorent notre environnement, avec caract\u00e8re et de mani\u00e8re durable. [&hellip;]\" \/>\n<meta property=\"og:url\" content=\"https:\/\/breinco.com\/fr\/philosophie\/\" \/>\n<meta property=\"og:site_name\" content=\"Breinco\" \/>\n<meta property=\"article:publisher\" content=\"https:\/\/www.facebook.com\/breincosmart\/\" \/>\n<meta property=\"article:modified_time\" content=\"2026-04-01T08:54:57+00:00\" \/>\n<meta property=\"og:image\" content=\"https:\/\/breinco.com\/wp-content\/uploads\/2025\/11\/filosofia-passeig-st-joan-img.webp\" \/>\n\t<meta property=\"og:image:width\" content=\"1300\" \/>\n\t<meta property=\"og:image:height\" content=\"900\" \/>\n\t<meta property=\"og:image:type\" content=\"image\/webp\" \/>\n<meta name=\"twitter:card\" content=\"summary_large_image\" \/>\n<meta name=\"twitter:site\" content=\"@breincoGroup\" \/>\n<meta name=\"twitter:label1\" content=\"Dur\u00e9e de lecture estim\u00e9e\" \/>\n\t<meta name=\"twitter:data1\" content=\"2 minutes\" \/>\n<script type=\"application\/ld+json\" class=\"yoast-schema-graph\">{\"@context\":\"https:\\\/\\\/schema.org\",\"@graph\":[{\"@type\":\"WebPage\",\"@id\":\"https:\\\/\\\/breinco.com\\\/fr\\\/philosophie\\\/\",\"url\":\"https:\\\/\\\/breinco.com\\\/fr\\\/philosophie\\\/\",\"name\":\"Philosophie - Breinco\",\"isPartOf\":{\"@id\":\"https:\\\/\\\/breinco.com\\\/fr\\\/#website\"},\"primaryImageOfPage\":{\"@id\":\"https:\\\/\\\/breinco.com\\\/fr\\\/philosophie\\\/#primaryimage\"},\"image\":{\"@id\":\"https:\\\/\\\/breinco.com\\\/fr\\\/philosophie\\\/#primaryimage\"},\"thumbnailUrl\":\"https:\\\/\\\/breinco.com\\\/wp-content\\\/uploads\\\/2025\\\/11\\\/filosofia-passeig-st-joan-img.webp\",\"datePublished\":\"2025-04-01T08:10:24+00:00\",\"dateModified\":\"2026-04-01T08:54:57+00:00\",\"breadcrumb\":{\"@id\":\"https:\\\/\\\/breinco.com\\\/fr\\\/philosophie\\\/#breadcrumb\"},\"inLanguage\":\"fr-FR\",\"potentialAction\":[{\"@type\":\"ReadAction\",\"target\":[\"https:\\\/\\\/breinco.com\\\/fr\\\/philosophie\\\/\"]}]},{\"@type\":\"ImageObject\",\"inLanguage\":\"fr-FR\",\"@id\":\"https:\\\/\\\/breinco.com\\\/fr\\\/philosophie\\\/#primaryimage\",\"url\":\"https:\\\/\\\/breinco.com\\\/wp-content\\\/uploads\\\/2025\\\/11\\\/filosofia-passeig-st-joan-img.webp\",\"contentUrl\":\"https:\\\/\\\/breinco.com\\\/wp-content\\\/uploads\\\/2025\\\/11\\\/filosofia-passeig-st-joan-img.webp\"},{\"@type\":\"BreadcrumbList\",\"@id\":\"https:\\\/\\\/breinco.com\\\/fr\\\/philosophie\\\/#breadcrumb\",\"itemListElement\":[{\"@type\":\"ListItem\",\"position\":1,\"name\":\"Accueil\",\"item\":\"https:\\\/\\\/breinco.com\\\/fr\\\/\"},{\"@type\":\"ListItem\",\"position\":2,\"name\":\"Philosophie\"}]},{\"@type\":\"WebSite\",\"@id\":\"https:\\\/\\\/breinco.com\\\/fr\\\/#website\",\"url\":\"https:\\\/\\\/breinco.com\\\/fr\\\/\",\"name\":\"Breinco\",\"description\":\"\",\"publisher\":{\"@id\":\"https:\\\/\\\/breinco.com\\\/fr\\\/#organization\"},\"alternateName\":\"Urban Furniture, Architecture and Landscaping\",\"potentialAction\":[{\"@type\":\"SearchAction\",\"target\":{\"@type\":\"EntryPoint\",\"urlTemplate\":\"https:\\\/\\\/breinco.com\\\/fr\\\/?s={search_term_string}\"},\"query-input\":{\"@type\":\"PropertyValueSpecification\",\"valueRequired\":true,\"valueName\":\"search_term_string\"}}],\"inLanguage\":\"fr-FR\"},{\"@type\":\"Organization\",\"@id\":\"https:\\\/\\\/breinco.com\\\/fr\\\/#organization\",\"name\":\"Breinco\",\"url\":\"https:\\\/\\\/breinco.com\\\/fr\\\/\",\"logo\":{\"@type\":\"ImageObject\",\"inLanguage\":\"fr-FR\",\"@id\":\"https:\\\/\\\/breinco.com\\\/fr\\\/#\\\/schema\\\/logo\\\/image\\\/\",\"url\":\"https:\\\/\\\/breinco.com\\\/wp-content\\\/uploads\\\/2025\\\/04\\\/breinco-brand.svg\",\"contentUrl\":\"https:\\\/\\\/breinco.com\\\/wp-content\\\/uploads\\\/2025\\\/04\\\/breinco-brand.svg\",\"width\":26,\"height\":58,\"caption\":\"Breinco\"},\"image\":{\"@id\":\"https:\\\/\\\/breinco.com\\\/fr\\\/#\\\/schema\\\/logo\\\/image\\\/\"},\"sameAs\":[\"https:\\\/\\\/www.facebook.com\\\/breincosmart\\\/\",\"https:\\\/\\\/x.com\\\/breincoGroup\",\"https:\\\/\\\/www.instagram.com\\\/breinco\\\/\",\"https:\\\/\\\/www.linkedin.com\\\/company\\\/breinco-esp\\\/\"]}]}<\/script>\n<!-- \/ Yoast SEO plugin. -->","yoast_head_json":{"title":"Philosophie - Breinco","robots":{"index":"index","follow":"follow","max-snippet":"max-snippet:-1","max-image-preview":"max-image-preview:large","max-video-preview":"max-video-preview:-1"},"canonical":"https:\/\/breinco.com\/fr\/philosophie\/","og_locale":"fr_FR","og_type":"article","og_title":"Philosophie - Breinco","og_description":"Nous sommes l&rsquo;innovation Chez Breinco, nous avons cr\u00e9\u00e9 une nouvelle g\u00e9n\u00e9ration de produits issus du savoir-faire et de l&rsquo;exp\u00e9rience que nous avons acquis au fil des ann\u00e9es. Une nouvelle g\u00e9n\u00e9ration de produits Entreprise de mobilier urbain et de design urbain Une nouvelle g\u00e9n\u00e9ration de produits qui am\u00e9liorent notre environnement, avec caract\u00e8re et de mani\u00e8re durable. [&hellip;]","og_url":"https:\/\/breinco.com\/fr\/philosophie\/","og_site_name":"Breinco","article_publisher":"https:\/\/www.facebook.com\/breincosmart\/","article_modified_time":"2026-04-01T08:54:57+00:00","og_image":[{"width":1300,"height":900,"url":"https:\/\/breinco.com\/wp-content\/uploads\/2025\/11\/filosofia-passeig-st-joan-img.webp","type":"image\/webp"}],"twitter_card":"summary_large_image","twitter_site":"@breincoGroup","twitter_misc":{"Dur\u00e9e de lecture estim\u00e9e":"2 minutes"},"schema":{"@context":"https:\/\/schema.org","@graph":[{"@type":"WebPage","@id":"https:\/\/breinco.com\/fr\/philosophie\/","url":"https:\/\/breinco.com\/fr\/philosophie\/","name":"Philosophie - Breinco","isPartOf":{"@id":"https:\/\/breinco.com\/fr\/#website"},"primaryImageOfPage":{"@id":"https:\/\/breinco.com\/fr\/philosophie\/#primaryimage"},"image":{"@id":"https:\/\/breinco.com\/fr\/philosophie\/#primaryimage"},"thumbnailUrl":"https:\/\/breinco.com\/wp-content\/uploads\/2025\/11\/filosofia-passeig-st-joan-img.webp","datePublished":"2025-04-01T08:10:24+00:00","dateModified":"2026-04-01T08:54:57+00:00","breadcrumb":{"@id":"https:\/\/breinco.com\/fr\/philosophie\/#breadcrumb"},"inLanguage":"fr-FR","potentialAction":[{"@type":"ReadAction","target":["https:\/\/breinco.com\/fr\/philosophie\/"]}]},{"@type":"ImageObject","inLanguage":"fr-FR","@id":"https:\/\/breinco.com\/fr\/philosophie\/#primaryimage","url":"https:\/\/breinco.com\/wp-content\/uploads\/2025\/11\/filosofia-passeig-st-joan-img.webp","contentUrl":"https:\/\/breinco.com\/wp-content\/uploads\/2025\/11\/filosofia-passeig-st-joan-img.webp"},{"@type":"BreadcrumbList","@id":"https:\/\/breinco.com\/fr\/philosophie\/#breadcrumb","itemListElement":[{"@type":"ListItem","position":1,"name":"Accueil","item":"https:\/\/breinco.com\/fr\/"},{"@type":"ListItem","position":2,"name":"Philosophie"}]},{"@type":"WebSite","@id":"https:\/\/breinco.com\/fr\/#website","url":"https:\/\/breinco.com\/fr\/","name":"Breinco","description":"","publisher":{"@id":"https:\/\/breinco.com\/fr\/#organization"},"alternateName":"Urban Furniture, Architecture and Landscaping","potentialAction":[{"@type":"SearchAction","target":{"@type":"EntryPoint","urlTemplate":"https:\/\/breinco.com\/fr\/?s={search_term_string}"},"query-input":{"@type":"PropertyValueSpecification","valueRequired":true,"valueName":"search_term_string"}}],"inLanguage":"fr-FR"},{"@type":"Organization","@id":"https:\/\/breinco.com\/fr\/#organization","name":"Breinco","url":"https:\/\/breinco.com\/fr\/","logo":{"@type":"ImageObject","inLanguage":"fr-FR","@id":"https:\/\/breinco.com\/fr\/#\/schema\/logo\/image\/","url":"https:\/\/breinco.com\/wp-content\/uploads\/2025\/04\/breinco-brand.svg","contentUrl":"https:\/\/breinco.com\/wp-content\/uploads\/2025\/04\/breinco-brand.svg","width":26,"height":58,"caption":"Breinco"},"image":{"@id":"https:\/\/breinco.com\/fr\/#\/schema\/logo\/image\/"},"sameAs":["https:\/\/www.facebook.com\/breincosmart\/","https:\/\/x.com\/breincoGroup","https:\/\/www.instagram.com\/breinco\/","https:\/\/www.linkedin.com\/company\/breinco-esp\/"]}]}},"_links":{"self":[{"href":"https:\/\/breinco.com\/fr\/wp-json\/wp\/v2\/pages\/16154","targetHints":{"allow":["GET"]}}],"collection":[{"href":"https:\/\/breinco.com\/fr\/wp-json\/wp\/v2\/pages"}],"about":[{"href":"https:\/\/breinco.com\/fr\/wp-json\/wp\/v2\/types\/page"}],"author":[{"embeddable":true,"href":"https:\/\/breinco.com\/fr\/wp-json\/wp\/v2\/users\/1"}],"replies":[{"embeddable":true,"href":"https:\/\/breinco.com\/fr\/wp-json\/wp\/v2\/comments?post=16154"}],"version-history":[{"count":4,"href":"https:\/\/breinco.com\/fr\/wp-json\/wp\/v2\/pages\/16154\/revisions"}],"predecessor-version":[{"id":20910,"href":"https:\/\/breinco.com\/fr\/wp-json\/wp\/v2\/pages\/16154\/revisions\/20910"}],"wp:attachment":[{"href":"https:\/\/breinco.com\/fr\/wp-json\/wp\/v2\/media?parent=16154"}],"curies":[{"name":"wp","href":"https:\/\/api.w.org\/{rel}","templated":true}]}}